{"id":5475,"date":"2022-08-30T20:25:39","date_gmt":"2022-08-30T20:25:39","guid":{"rendered":"https:\/\/www.atlaslocator.com\/iot-anwendung\/"},"modified":"2022-10-04T21:12:56","modified_gmt":"2022-10-04T21:12:56","slug":"iot-anwendung","status":"publish","type":"page","link":"https:\/\/atlaslocator.com\/de\/iot-anwendung\/","title":{"rendered":"IoT-Anwendung"},"content":{"rendered":"<p>Zentralisierungsplattform f\u00fcr alle Ihre IoT-Ger\u00e4te mit der Option, sie mit Ihren Freunden zu teilen. Es hat die M\u00f6glichkeit, sie auf einer Karte, in Grafiken und Tabellen zu \u00fcberwachen, sie nach Excel zu exportieren und Benachrichtigungen und Alarme zu definieren.<\/p>\n","protected":false},"excerpt":{"rendered":"<p>Zentralisierungsplattform f\u00fcr alle Ihre IoT-Ger\u00e4te mit der Option, sie mit Ihren Freunden zu teilen. Es hat die M\u00f6glichkeit, sie auf einer Karte, in Grafiken und Tabellen zu \u00fcberwachen, sie nach Excel zu exportieren und Benachrichtigungen und Alarme zu definieren.<\/p>\n","protected":false},"author":1,"featured_media":0,"parent":0,"menu_order":0,"comment_status":"closed","ping_status":"closed","template":"","meta":{"footnotes":""},"_links":{"self":[{"href":"https:\/\/atlaslocator.com\/de\/wp-json\/wp\/v2\/pages\/5475"}],"collection":[{"href":"https:\/\/atlaslocator.com\/de\/wp-json\/wp\/v2\/pages"}],"about":[{"href":"https:\/\/atlaslocator.com\/de\/wp-json\/wp\/v2\/types\/page"}],"author":[{"embeddable":true,"href":"https:\/\/atlaslocator.com\/de\/wp-json\/wp\/v2\/users\/1"}],"replies":[{"embeddable":true,"href":"https:\/\/atlaslocator.com\/de\/wp-json\/wp\/v2\/comments?post=5475"}],"version-history":[{"count":1,"href":"https:\/\/atlaslocator.com\/de\/wp-json\/wp\/v2\/pages\/5475\/revisions"}],"predecessor-version":[{"id":6586,"href":"https:\/\/atlaslocator.com\/de\/wp-json\/wp\/v2\/pages\/5475\/revisions\/6586"}],"wp:attachment":[{"href":"https:\/\/atlaslocator.com\/de\/wp-json\/wp\/v2\/media?parent=5475"}],"curies":[{"name":"wp","href":"https:\/\/api.w.org\/{rel}","templated":true}]}}