{"id":5701,"date":"2022-08-30T20:39:17","date_gmt":"2022-08-30T20:39:17","guid":{"rendered":"https:\/\/www.atlaslocator.com\/kontakt-2\/"},"modified":"2023-01-12T23:47:38","modified_gmt":"2023-01-12T22:47:38","slug":"kontakt-2","status":"publish","type":"page","link":"https:\/\/atlaslocator.com\/de\/kontakt-2\/","title":{"rendered":"Kontakt"},"content":{"rendered":"\n<p>Das AtlasLocator-Team interagiert gerne mit verschiedenen Menschen. Mit Ihnen zu teilen und zu wachsen ist das, was uns bewegt. Sie k\u00f6nnen uns per E-Mail kontaktieren oder uns eine Nachricht auf unseren Social-Media-Kan\u00e4len hinterlassen. Wir h\u00f6ren Ihnen gerne zu.\r\n<\/p>\n","protected":false},"excerpt":{"rendered":"<p>Das AtlasLocator-Team interagiert gerne mit verschiedenen Menschen. Mit Ihnen zu teilen und zu wachsen ist das, was uns bewegt. Sie k\u00f6nnen uns per E-Mail kontaktieren oder uns eine Nachricht auf unseren Social-Media-Kan\u00e4len hinterlassen. Wir h\u00f6ren Ihnen gerne zu.<\/p>\n","protected":false},"author":1,"featured_media":0,"parent":0,"menu_order":0,"comment_status":"closed","ping_status":"closed","template":"","meta":{"footnotes":""},"_links":{"self":[{"href":"https:\/\/atlaslocator.com\/de\/wp-json\/wp\/v2\/pages\/5701"}],"collection":[{"href":"https:\/\/atlaslocator.com\/de\/wp-json\/wp\/v2\/pages"}],"about":[{"href":"https:\/\/atlaslocator.com\/de\/wp-json\/wp\/v2\/types\/page"}],"author":[{"embeddable":true,"href":"https:\/\/atlaslocator.com\/de\/wp-json\/wp\/v2\/users\/1"}],"replies":[{"embeddable":true,"href":"https:\/\/atlaslocator.com\/de\/wp-json\/wp\/v2\/comments?post=5701"}],"version-history":[{"count":2,"href":"https:\/\/atlaslocator.com\/de\/wp-json\/wp\/v2\/pages\/5701\/revisions"}],"predecessor-version":[{"id":11803,"href":"https:\/\/atlaslocator.com\/de\/wp-json\/wp\/v2\/pages\/5701\/revisions\/11803"}],"wp:attachment":[{"href":"https:\/\/atlaslocator.com\/de\/wp-json\/wp\/v2\/media?parent=5701"}],"curies":[{"name":"wp","href":"https:\/\/api.w.org\/{rel}","templated":true}]}}