{"id":5705,"date":"2022-08-30T20:42:02","date_gmt":"2022-08-30T20:42:02","guid":{"rendered":"https:\/\/www.atlaslocator.com\/homepage\/"},"modified":"2024-02-14T00:49:54","modified_gmt":"2024-02-13T23:49:54","slug":"homepage","status":"publish","type":"page","link":"https:\/\/atlaslocator.com\/de\/","title":{"rendered":"Homepage"},"content":{"rendered":"\n<div class=\"wp-block-query is-layout-flow wp-block-query-is-layout-flow\">\n<div class=\"wp-block-columns is-layout-flex wp-container-core-columns-layout-1 wp-block-columns-is-layout-flex\">\n<div class=\"wp-block-column is-layout-flow wp-block-column-is-layout-flow\" style=\"flex-basis:100%\">\n<p class=\"has-text-align-center has-white-color has-text-color has-x-large-font-size\" style=\"font-style:normal;font-weight:500\"><strong>Blog<\/strong><\/p>\n\n\n\n<div class=\"wp-block-query is-layout-flow wp-block-query-is-layout-flow\"><ul class=\"is-flex-container columns-3 wp-block-post-template is-layout-flow wp-block-post-template-is-layout-flow\"><li class=\"wp-block-post post-13018 post type-post status-publish format-standard has-post-thumbnail hentry category-blog-de category-general-de\">\n\n<div class=\"wp-block-group is-layout-flow wp-block-group-is-layout-flow\" style=\"padding-top:30px;padding-right:30px;padding-bottom:30px;padding-left:30px\"><div class=\"wp-block-group__inner-container\"><figure class=\"wp-block-post-featured-image\"><img loading=\"lazy\" decoding=\"async\" width=\"1536\" height=\"2048\" src=\"https:\/\/atlaslocator.com\/wp-content\/uploads\/2023\/07\/Foro-Sensor-Vina.jpg\" class=\"attachment-post-thumbnail size-post-thumbnail wp-post-image\" alt=\"\" style=\"object-fit:cover;\" srcset=\"https:\/\/atlaslocator.com\/wp-content\/uploads\/2023\/07\/Foro-Sensor-Vina.jpg 1536w, https:\/\/atlaslocator.com\/wp-content\/uploads\/2023\/07\/Foro-Sensor-Vina-225x300.jpg 225w, https:\/\/atlaslocator.com\/wp-content\/uploads\/2023\/07\/Foro-Sensor-Vina-768x1024.jpg 768w, https:\/\/atlaslocator.com\/wp-content\/uploads\/2023\/07\/Foro-Sensor-Vina-1152x1536.jpg 1152w\" sizes=\"(max-width: 1536px) 100vw, 1536px\" \/><\/figure>\n\n<h2 class=\"has-text-color has-white-color wp-block-post-title\"><a href=\"https:\/\/atlaslocator.com\/de\/die-zukunft-des-weins-iot-sensorisierung-in-weinbergen-mit-atlaslocator\/\" target=\"_self\">Die Zukunft des Weins: IoT-Sensorisierung in Weinbergen mit AtlasLocator<\/a><\/h2>\n\n<div class=\"wp-block-post-excerpt\"><p class=\"wp-block-post-excerpt__excerpt\">Die Zukunft des Weins: IoT-Sensorisierung in Weinbergen mit AtlasLocator Einf\u00fchrung . Die Welt des Weins ist ein Meer alter Traditionen und Weisheiten, die von Generation zu Generation weitergegeben werden. Doch auch an diesem Sektor ist das digitale Zeitalter nicht vorbeigegangen. Mit dem Aufkommen der Internet-of-Things-Technologien (IoT) erleben Weing\u00fcter auf der ganzen Welt eine beispiellose Revolution. <\/p><\/div>\n\n<div class=\"wp-block-post-date\"><time datetime=\"2023-07-21T20:17:31+02:00\">21 de Juli de 2023<\/time><\/div><\/div><\/div>\n\n<\/li><li class=\"wp-block-post post-12919 post type-post status-publish format-standard has-post-thumbnail hentry category-blog-de category-general-de\">\n\n<div class=\"wp-block-group is-layout-flow wp-block-group-is-layout-flow\" style=\"padding-top:30px;padding-right:30px;padding-bottom:30px;padding-left:30px\"><div class=\"wp-block-group__inner-container\"><figure class=\"wp-block-post-featured-image\"><img loading=\"lazy\" decoding=\"async\" width=\"1280\" height=\"960\" src=\"https:\/\/atlaslocator.com\/wp-content\/uploads\/2023\/07\/1.jpg\" class=\"attachment-post-thumbnail size-post-thumbnail wp-post-image\" alt=\"\" style=\"object-fit:cover;\" srcset=\"https:\/\/atlaslocator.com\/wp-content\/uploads\/2023\/07\/1.jpg 1280w, https:\/\/atlaslocator.com\/wp-content\/uploads\/2023\/07\/1-300x225.jpg 300w, https:\/\/atlaslocator.com\/wp-content\/uploads\/2023\/07\/1-1024x768.jpg 1024w, https:\/\/atlaslocator.com\/wp-content\/uploads\/2023\/07\/1-768x576.jpg 768w\" sizes=\"(max-width: 1280px) 100vw, 1280px\" \/><\/figure>\n\n<h2 class=\"has-text-color has-white-color wp-block-post-title\"><a href=\"https:\/\/atlaslocator.com\/de\/effizienz-in-der-notfallwelt-atlaslocator-und-die-revolution-in-der-geolokalisierung-von-krankenwagen\/\" target=\"_self\">Effizienz in der Notfallwelt: AtlasLocator und die Revolution in der Geolokalisierung von Krankenwagen<\/a><\/h2>\n\n<div class=\"wp-block-post-excerpt\"><p class=\"wp-block-post-excerpt__excerpt\">Effizienz in der Notfallwelt: AtlasLocator und die Revolution in der Geolokalisierung von Krankenwagen Einf\u00fchrung AtlasLocator hat das Spiel der IOT-Verwaltung ver\u00e4ndert und sein neuestes Projekt zur Geolokalisierung von Krankenwagen auf der Maker Faire Galicia vorgestellt. Es ist ein unbestreitbarer Beweis daf\u00fcr. In enger Zusammenarbeit mit der Innovationsgruppe \u201eA Industriosa ist es ihnen gelungen, Technologie und <\/p><\/div>\n\n<div class=\"wp-block-post-date\"><time datetime=\"2023-07-06T20:44:53+02:00\">6 de Juli de 2023<\/time><\/div><\/div><\/div>\n\n<\/li><li class=\"wp-block-post post-12823 post type-post status-publish format-standard has-post-thumbnail hentry category-blog-de category-general-de\">\n\n<div class=\"wp-block-group is-layout-flow wp-block-group-is-layout-flow\" style=\"padding-top:30px;padding-right:30px;padding-bottom:30px;padding-left:30px\"><div class=\"wp-block-group__inner-container\"><figure class=\"wp-block-post-featured-image\"><img loading=\"lazy\" decoding=\"async\" width=\"1900\" height=\"1069\" src=\"https:\/\/atlaslocator.com\/wp-content\/uploads\/2023\/06\/ladron-robando.webp\" class=\"attachment-post-thumbnail size-post-thumbnail wp-post-image\" alt=\"\" style=\"object-fit:cover;\" srcset=\"https:\/\/atlaslocator.com\/wp-content\/uploads\/2023\/06\/ladron-robando.webp 1900w, https:\/\/atlaslocator.com\/wp-content\/uploads\/2023\/06\/ladron-robando-300x169.webp 300w, https:\/\/atlaslocator.com\/wp-content\/uploads\/2023\/06\/ladron-robando-1024x576.webp 1024w, https:\/\/atlaslocator.com\/wp-content\/uploads\/2023\/06\/ladron-robando-768x432.webp 768w, https:\/\/atlaslocator.com\/wp-content\/uploads\/2023\/06\/ladron-robando-1536x864.webp 1536w\" sizes=\"(max-width: 1900px) 100vw, 1900px\" \/><\/figure>\n\n<h2 class=\"has-text-color has-white-color wp-block-post-title\"><a href=\"https:\/\/atlaslocator.com\/de\/die-iot-revolution-in-der-heimsicherheit\/\" target=\"_self\">Die IOT-Revolution in der Heimsicherheit<\/a><\/h2>\n\n<div class=\"wp-block-post-excerpt\"><p class=\"wp-block-post-excerpt__excerpt\">Die IOT-Revolution in der Heimsicherheit Innovationen in der Informationstechnologie \u00fcberraschen uns immer wieder aufs Neue. Ein Beispiel hierf\u00fcr ist das IOT oder Internet der Dinge. Wie beeinflusst es unser Leben? Aus meiner pers\u00f6nlichen Erfahrung kann ich sagen, dass die Auswirkungen enorm sind, insbesondere auf die Sicherheit unserer H\u00e4user. Und es ist so, dass IOT-Ger\u00e4te die <\/p><\/div>\n\n<div class=\"wp-block-post-date\"><time datetime=\"2023-06-08T18:38:25+02:00\">8 de Juni de 2023<\/time><\/div><\/div><\/div>\n\n<\/li><li class=\"wp-block-post post-12784 post type-post status-publish format-standard has-post-thumbnail hentry category-blog-de category-general-de\">\n\n<div class=\"wp-block-group is-layout-flow wp-block-group-is-layout-flow\" style=\"padding-top:30px;padding-right:30px;padding-bottom:30px;padding-left:30px\"><div class=\"wp-block-group__inner-container\"><figure class=\"wp-block-post-featured-image\"><img loading=\"lazy\" decoding=\"async\" width=\"711\" height=\"602\" src=\"https:\/\/atlaslocator.com\/wp-content\/uploads\/2023\/05\/Imagen-03.png\" class=\"attachment-post-thumbnail size-post-thumbnail wp-post-image\" alt=\"\" style=\"object-fit:cover;\" srcset=\"https:\/\/atlaslocator.com\/wp-content\/uploads\/2023\/05\/Imagen-03.png 711w, https:\/\/atlaslocator.com\/wp-content\/uploads\/2023\/05\/Imagen-03-300x254.png 300w\" sizes=\"(max-width: 711px) 100vw, 711px\" \/><\/figure>\n\n<h2 class=\"has-text-color has-white-color wp-block-post-title\"><a href=\"https:\/\/atlaslocator.com\/de\/erweitern-sie-ihr-iot-geraetemanagement-mit-atlaslocator\/\" target=\"_self\">Erweitern Sie Ihr <strong>IoT<\/strong>-Ger\u00e4temanagement mit AtlasLocator<\/a><\/h2>\n\n<div class=\"wp-block-post-excerpt\"><p class=\"wp-block-post-excerpt__excerpt\">Erweitern Sie Ihr IoT-Ger\u00e4temanagement mit AtlasLocator Im heutigen digitalen Zeitalter ist eine effiziente Verwaltung von mit dem Internet oder IoT verbundenen Ger\u00e4ten von entscheidender Bedeutung. AtlasLocator wird als innovative L\u00f6sung f\u00fcr diesen Bedarf pr\u00e4sentiert. Die Bedeutung der Geolokalisierung bei der Verwaltung von IoT-Ger\u00e4ten Geolocation ist eine wichtige Funktion bei der IoT-Ger\u00e4teverwaltung. AtlasLocator konzentriert sich auf <\/p><\/div>\n\n<div class=\"wp-block-post-date\"><time datetime=\"2023-05-16T01:29:13+02:00\">16 de Mai de 2023<\/time><\/div><\/div><\/div>\n\n<\/li><li class=\"wp-block-post post-12506 post type-post status-publish format-standard has-post-thumbnail hentry category-blog-de category-general-de\">\n\n<div class=\"wp-block-group is-layout-flow wp-block-group-is-layout-flow\" style=\"padding-top:30px;padding-right:30px;padding-bottom:30px;padding-left:30px\"><div class=\"wp-block-group__inner-container\"><figure class=\"wp-block-post-featured-image\"><img loading=\"lazy\" decoding=\"async\" width=\"602\" height=\"451\" src=\"https:\/\/atlaslocator.com\/wp-content\/uploads\/2023\/03\/ganado.jpg\" class=\"attachment-post-thumbnail size-post-thumbnail wp-post-image\" alt=\"\" style=\"object-fit:cover;\" srcset=\"https:\/\/atlaslocator.com\/wp-content\/uploads\/2023\/03\/ganado.jpg 602w, https:\/\/atlaslocator.com\/wp-content\/uploads\/2023\/03\/ganado-300x225.jpg 300w\" sizes=\"(max-width: 602px) 100vw, 602px\" \/><\/figure>\n\n<h2 class=\"has-text-color has-white-color wp-block-post-title\"><a href=\"https:\/\/atlaslocator.com\/de\/geolokalisierung-von-vieh\/\" target=\"_self\">Geolokalisierung von Vieh<\/a><\/h2>\n\n<div class=\"wp-block-post-excerpt\"><p class=\"wp-block-post-excerpt__excerpt\">Die GPS-Geolokalisierung von Rindern ist eine Technologie, die es erm\u00f6glicht, den Standort und Status von Tieren in Echtzeit durch Ger\u00e4te zu ermitteln, die am Halsband oder Ohr des Tieres angebracht werden. Diese Technologie hat mehrere Vorteile f\u00fcr Landwirte, wie zum Beispiel:&#13; &#8211; Vermeiden Sie Diebstahl, Verlust oder Angriffe von Raubtieren, indem Sie die Tiere jederzeit <\/p><\/div>\n\n<div class=\"wp-block-post-date\"><time datetime=\"2023-03-17T20:31:31+01:00\">17 de M\u00e4rz de 2023<\/time><\/div><\/div><\/div>\n\n<\/li><li class=\"wp-block-post post-9563 post type-post status-publish format-standard has-post-thumbnail hentry category-blog-de category-general-de\">\n\n<div class=\"wp-block-group is-layout-flow wp-block-group-is-layout-flow\" style=\"padding-top:30px;padding-right:30px;padding-bottom:30px;padding-left:30px\"><div class=\"wp-block-group__inner-container\"><figure class=\"wp-block-post-featured-image\"><img loading=\"lazy\" decoding=\"async\" width=\"1600\" height=\"738\" src=\"https:\/\/atlaslocator.com\/wp-content\/uploads\/2022\/12\/ttn.png\" class=\"attachment-post-thumbnail size-post-thumbnail wp-post-image\" alt=\"ttn\" style=\"object-fit:cover;\" srcset=\"https:\/\/atlaslocator.com\/wp-content\/uploads\/2022\/12\/ttn.png 1600w, https:\/\/atlaslocator.com\/wp-content\/uploads\/2022\/12\/ttn-300x138.png 300w, https:\/\/atlaslocator.com\/wp-content\/uploads\/2022\/12\/ttn-1024x472.png 1024w, https:\/\/atlaslocator.com\/wp-content\/uploads\/2022\/12\/ttn-768x354.png 768w, https:\/\/atlaslocator.com\/wp-content\/uploads\/2022\/12\/ttn-1536x708.png 1536w\" sizes=\"(max-width: 1600px) 100vw, 1600px\" \/><\/figure>\n\n<h2 class=\"has-text-color has-white-color wp-block-post-title\"><a href=\"https:\/\/atlaslocator.com\/de\/weitere-informationen-zur-ttn-verbindungsintegration-finden-sie-hier\/\" target=\"_self\">Weitere Informationen zur TTS (TTN &#038; TTI)-Verbindungsintegration finden Sie hier<\/a><\/h2>\n\n<div class=\"wp-block-post-excerpt\"><p class=\"wp-block-post-excerpt__excerpt\">Unsere AtlasLocator-Plattform verbindet sich \u00fcber das MQTT-Protokoll mit dem TTS-Netzwerk (TTN &amp; TTI) von Lora The Things Network. Dank dieser Integration k\u00f6nnen Sie alle Daten Ihres TTS-Netzwerkger\u00e4ts (TTN &amp; TTI) auf der AtlasLocator-Website nutzen.&#13; Sie m\u00fcssen Ihre Ger\u00e4te bereits hinzugef\u00fcgt haben und auf der Plattform arbeiten. Der erste Schritt f\u00fcr die Integration Ihres TTS (TTN <\/p><\/div>\n\n<div class=\"wp-block-post-date\"><time datetime=\"2022-12-16T10:05:56+01:00\">16 de Dezember de 2022<\/time><\/div><\/div><\/div>\n\n<\/li><\/ul><\/div>\n<\/div>\n<\/div>\n<\/div>\n\n<p><\/p>\n\n<div style=\"height:100px\" aria-hidden=\"true\" class=\"wp-block-spacer\"><\/div>\n\n<p><\/p>\n\n<div style=\"height:100px\" aria-hidden=\"true\" class=\"wp-block-spacer\"><\/div>\n\n<p class=\"has-x-large-font-size\"><\/p><p class=\"has-text-align-center has-white-color has-text-color has-x-large-font-size\" style=\"font-style:normal;font-weight:500\"><strong>Newsletter<\/strong>&#13;\n<\/p>\n\n<p>Mit dem folgenden Formular k\u00f6nnen Sie den AtlasLocator-Newsletter abonnieren, um \u00fcber alle Neuigkeiten informiert zu werden. Schreiben Sie Ihre E-Mail-Adresse:&#13;\n<\/p>\n\n<div class=\"wp-block-contact-form-7-contact-form-selector\">\n<div class=\"wpcf7 no-js\" id=\"wpcf7-f12627-o1\" lang=\"es-ES\" dir=\"ltr\">\n<div class=\"screen-reader-response\"><p role=\"status\" aria-live=\"polite\" aria-atomic=\"true\"><\/p> <ul><\/ul><\/div>\n<form action=\"\/de\/wp-json\/wp\/v2\/pages\/5705#wpcf7-f12627-o1\" method=\"post\" class=\"wpcf7-form init\" aria-label=\"Formulario de contacto\" novalidate=\"novalidate\" data-status=\"init\">\n<div style=\"display: none;\">\n<input type=\"hidden\" name=\"_wpcf7\" value=\"12627\" \/>\n<input type=\"hidden\" name=\"_wpcf7_version\" value=\"5.8.6\" \/>\n<input type=\"hidden\" name=\"_wpcf7_locale\" value=\"es_ES\" \/>\n<input type=\"hidden\" name=\"_wpcf7_unit_tag\" value=\"wpcf7-f12627-o1\" \/>\n<input type=\"hidden\" name=\"_wpcf7_container_post\" value=\"0\" \/>\n<input type=\"hidden\" name=\"_wpcf7_posted_data_hash\" value=\"\" \/>\n<input type=\"hidden\" name=\"_wpcf7_recaptcha_response\" value=\"\" \/>\n<\/div>\n<p><span class=\"wpcf7-form-control-wrap\" data-name=\"your-email\"><input size=\"40\" class=\"wpcf7-form-control wpcf7-email wpcf7-validates-as-required wpcf7-text wpcf7-validates-as-email\" aria-required=\"true\" aria-invalid=\"false\" value=\"\" type=\"email\" name=\"your-email\" \/><\/span><input class=\"wpcf7-form-control wpcf7-submit has-spinner\" type=\"submit\" value=\"OK\" \/>\n<\/p><div class=\"wpcf7-response-output\" aria-hidden=\"true\"><\/div>\n<\/form>\n<\/div>\n<\/div>\r\n","protected":false},"excerpt":{"rendered":"<p>Newsletter&#13; Mit dem folgenden Formular k\u00f6nnen Sie den AtlasLocator-Newsletter abonnieren, um \u00fcber alle Neuigkeiten informiert zu werden. Schreiben Sie Ihre E-Mail-Adresse:&#13;<\/p>\n","protected":false},"author":1,"featured_media":0,"parent":0,"menu_order":0,"comment_status":"closed","ping_status":"closed","template":"","meta":{"footnotes":""},"_links":{"self":[{"href":"https:\/\/atlaslocator.com\/de\/wp-json\/wp\/v2\/pages\/5705"}],"collection":[{"href":"https:\/\/atlaslocator.com\/de\/wp-json\/wp\/v2\/pages"}],"about":[{"href":"https:\/\/atlaslocator.com\/de\/wp-json\/wp\/v2\/types\/page"}],"author":[{"embeddable":true,"href":"https:\/\/atlaslocator.com\/de\/wp-json\/wp\/v2\/users\/1"}],"replies":[{"embeddable":true,"href":"https:\/\/atlaslocator.com\/de\/wp-json\/wp\/v2\/comments?post=5705"}],"version-history":[{"count":9,"href":"https:\/\/atlaslocator.com\/de\/wp-json\/wp\/v2\/pages\/5705\/revisions"}],"predecessor-version":[{"id":12685,"href":"https:\/\/atlaslocator.com\/de\/wp-json\/wp\/v2\/pages\/5705\/revisions\/12685"}],"wp:attachment":[{"href":"https:\/\/atlaslocator.com\/de\/wp-json\/wp\/v2\/media?parent=5705"}],"curies":[{"name":"wp","href":"https:\/\/api.w.org\/{rel}","templated":true}]}}