{"id":5711,"date":"2022-08-30T20:47:30","date_gmt":"2022-08-30T20:47:30","guid":{"rendered":"https:\/\/www.atlaslocator.com\/was-machen-wir\/"},"modified":"2023-01-12T23:49:22","modified_gmt":"2023-01-12T22:49:22","slug":"was-machen-wir","status":"publish","type":"page","link":"https:\/\/atlaslocator.com\/de\/was-machen-wir\/","title":{"rendered":"Was machen wir"},"content":{"rendered":"\n<p>AtlasLocator ist ein grafisches und kartenbasiertes IoT-Ger\u00e4temanagement-\u00d6kosystem.\r\n<\/p>\n\n\n\n<p>Haupts\u00e4chlich konzentriert auf die Geolokalisierung verschiedener Objekte, Tiere und Menschen durch IOT-Technologie. Es erm\u00f6glicht Ihnen auch, IOT-Messsysteme wie Temperatur, pH-Wert, Feuchtigkeit usw. zu analysieren.\r\n<\/p>\n","protected":false},"excerpt":{"rendered":"<p>AtlasLocator ist ein grafisches und kartenbasiertes IoT-Ger\u00e4temanagement-\u00d6kosystem. Haupts\u00e4chlich konzentriert auf die Geolokalisierung verschiedener Objekte, Tiere und Menschen durch IOT-Technologie. Es erm\u00f6glicht Ihnen auch, IOT-Messsysteme wie Temperatur, pH-Wert, Feuchtigkeit usw. zu analysieren.<\/p>\n","protected":false},"author":1,"featured_media":0,"parent":0,"menu_order":0,"comment_status":"closed","ping_status":"closed","template":"","meta":{"footnotes":""},"_links":{"self":[{"href":"https:\/\/atlaslocator.com\/de\/wp-json\/wp\/v2\/pages\/5711"}],"collection":[{"href":"https:\/\/atlaslocator.com\/de\/wp-json\/wp\/v2\/pages"}],"about":[{"href":"https:\/\/atlaslocator.com\/de\/wp-json\/wp\/v2\/types\/page"}],"author":[{"embeddable":true,"href":"https:\/\/atlaslocator.com\/de\/wp-json\/wp\/v2\/users\/1"}],"replies":[{"embeddable":true,"href":"https:\/\/atlaslocator.com\/de\/wp-json\/wp\/v2\/comments?post=5711"}],"version-history":[{"count":2,"href":"https:\/\/atlaslocator.com\/de\/wp-json\/wp\/v2\/pages\/5711\/revisions"}],"predecessor-version":[{"id":11805,"href":"https:\/\/atlaslocator.com\/de\/wp-json\/wp\/v2\/pages\/5711\/revisions\/11805"}],"wp:attachment":[{"href":"https:\/\/atlaslocator.com\/de\/wp-json\/wp\/v2\/media?parent=5711"}],"curies":[{"name":"wp","href":"https:\/\/api.w.org\/{rel}","templated":true}]}}