{"id":5723,"date":"2022-08-30T21:05:57","date_gmt":"2022-08-30T21:05:57","guid":{"rendered":"https:\/\/www.atlaslocator.com\/geraete\/"},"modified":"2022-08-30T21:05:57","modified_gmt":"2022-08-30T21:05:57","slug":"geraete","status":"publish","type":"page","link":"https:\/\/atlaslocator.com\/de\/geraete\/","title":{"rendered":"Ger\u00e4te"},"content":{"rendered":"<p>Die Plattform ist mit den meisten LoraWan-Ger\u00e4ten auf dem Markt kompatibel, wir werden sie sehr bald auf andere Ger\u00e4te mit anderen Technologien wie Sigfox, NarrowBandIOT und 5G erweitern<\/p>\n","protected":false},"excerpt":{"rendered":"<p>Die Plattform ist mit den meisten LoraWan-Ger\u00e4ten auf dem Markt kompatibel, wir werden sie sehr bald auf andere Ger\u00e4te mit anderen Technologien wie Sigfox, NarrowBandIOT und 5G erweitern<\/p>\n","protected":false},"author":1,"featured_media":0,"parent":0,"menu_order":0,"comment_status":"closed","ping_status":"closed","template":"","meta":{"footnotes":""},"_links":{"self":[{"href":"https:\/\/atlaslocator.com\/de\/wp-json\/wp\/v2\/pages\/5723"}],"collection":[{"href":"https:\/\/atlaslocator.com\/de\/wp-json\/wp\/v2\/pages"}],"about":[{"href":"https:\/\/atlaslocator.com\/de\/wp-json\/wp\/v2\/types\/page"}],"author":[{"embeddable":true,"href":"https:\/\/atlaslocator.com\/de\/wp-json\/wp\/v2\/users\/1"}],"replies":[{"embeddable":true,"href":"https:\/\/atlaslocator.com\/de\/wp-json\/wp\/v2\/comments?post=5723"}],"version-history":[{"count":0,"href":"https:\/\/atlaslocator.com\/de\/wp-json\/wp\/v2\/pages\/5723\/revisions"}],"wp:attachment":[{"href":"https:\/\/atlaslocator.com\/de\/wp-json\/wp\/v2\/media?parent=5723"}],"curies":[{"name":"wp","href":"https:\/\/api.w.org\/{rel}","templated":true}]}}