{"id":5039,"date":"2022-08-24T19:01:06","date_gmt":"2022-08-24T19:01:06","guid":{"rendered":"https:\/\/www.atlaslocator.com\/home-3\/"},"modified":"2024-02-14T00:44:35","modified_gmt":"2024-02-13T23:44:35","slug":"home-3","status":"publish","type":"page","link":"https:\/\/atlaslocator.com\/en\/","title":{"rendered":"Home"},"content":{"rendered":"\n<div class=\"wp-block-query is-layout-flow wp-block-query-is-layout-flow\">\n<div class=\"wp-block-columns is-layout-flex wp-container-core-columns-layout-1 wp-block-columns-is-layout-flex\">\n<div class=\"wp-block-column is-layout-flow wp-block-column-is-layout-flow\" style=\"flex-basis:100%\">\n<p class=\"has-text-align-center has-white-color has-text-color has-x-large-font-size\" style=\"font-style:normal;font-weight:500\"><strong>Blog<\/strong><\/p>\n\n\n\n<div class=\"wp-block-query is-layout-flow wp-block-query-is-layout-flow\"><ul class=\"is-flex-container columns-3 wp-block-post-template is-layout-flow wp-block-post-template-is-layout-flow\"><li class=\"wp-block-post post-13014 post type-post status-publish format-standard has-post-thumbnail hentry category-blog-en category-general-en\">\n\n<div class=\"wp-block-group is-layout-flow wp-block-group-is-layout-flow\" style=\"padding-top:30px;padding-right:30px;padding-bottom:30px;padding-left:30px\"><div class=\"wp-block-group__inner-container\"><figure class=\"wp-block-post-featured-image\"><img loading=\"lazy\" decoding=\"async\" width=\"1536\" height=\"2048\" src=\"https:\/\/atlaslocator.com\/wp-content\/uploads\/2023\/07\/Foro-Sensor-Vina.jpg\" class=\"attachment-post-thumbnail size-post-thumbnail wp-post-image\" alt=\"\" style=\"object-fit:cover;\" srcset=\"https:\/\/atlaslocator.com\/wp-content\/uploads\/2023\/07\/Foro-Sensor-Vina.jpg 1536w, https:\/\/atlaslocator.com\/wp-content\/uploads\/2023\/07\/Foro-Sensor-Vina-225x300.jpg 225w, https:\/\/atlaslocator.com\/wp-content\/uploads\/2023\/07\/Foro-Sensor-Vina-768x1024.jpg 768w, https:\/\/atlaslocator.com\/wp-content\/uploads\/2023\/07\/Foro-Sensor-Vina-1152x1536.jpg 1152w\" sizes=\"(max-width: 1536px) 100vw, 1536px\" \/><\/figure>\n\n<h2 class=\"has-text-color has-white-color wp-block-post-title\"><a href=\"https:\/\/atlaslocator.com\/en\/the-future-of-wine-iot-sensorization-in-vineyards-with-atlaslocator\/\" target=\"_self\">The Future of Wine: IoT Sensorization in Vineyards with AtlasLocator<\/a><\/h2>\n\n<div class=\"wp-block-post-excerpt\"><p class=\"wp-block-post-excerpt__excerpt\">The Future of Wine: IoT Sensorisation in Vineyards with AtlasLocator Introduction . El mundo del vino es un mar de tradiciones milenarias y sabidur\u00eda transmitida de generaci\u00f3n en generaci\u00f3n. Pero la era digital no ha pasado por alto a este sector. Con la llegada de las tecnolog\u00edas de la Internet de las Cosas (IoT), las <\/p><\/div>\n\n<div class=\"wp-block-post-date\"><time datetime=\"2023-07-21T19:50:48+02:00\">21 de July de 2023<\/time><\/div><\/div><\/div>\n\n<\/li><li class=\"wp-block-post post-12900 post type-post status-publish format-standard has-post-thumbnail hentry category-blog-en category-general-en\">\n\n<div class=\"wp-block-group is-layout-flow wp-block-group-is-layout-flow\" style=\"padding-top:30px;padding-right:30px;padding-bottom:30px;padding-left:30px\"><div class=\"wp-block-group__inner-container\"><figure class=\"wp-block-post-featured-image\"><img loading=\"lazy\" decoding=\"async\" width=\"1280\" height=\"960\" src=\"https:\/\/atlaslocator.com\/wp-content\/uploads\/2023\/07\/1.jpg\" class=\"attachment-post-thumbnail size-post-thumbnail wp-post-image\" alt=\"\" style=\"object-fit:cover;\" srcset=\"https:\/\/atlaslocator.com\/wp-content\/uploads\/2023\/07\/1.jpg 1280w, https:\/\/atlaslocator.com\/wp-content\/uploads\/2023\/07\/1-300x225.jpg 300w, https:\/\/atlaslocator.com\/wp-content\/uploads\/2023\/07\/1-1024x768.jpg 1024w, https:\/\/atlaslocator.com\/wp-content\/uploads\/2023\/07\/1-768x576.jpg 768w\" sizes=\"(max-width: 1280px) 100vw, 1280px\" \/><\/figure>\n\n<h2 class=\"has-text-color has-white-color wp-block-post-title\"><a href=\"https:\/\/atlaslocator.com\/en\/efficiency-in-the-world-of-emergencies-atlaslocator-and-the-revolution-in-ambulance-geolocation\/\" target=\"_self\">Efficiency in the emergency world: AtlasLocator and the revolution in ambulance geolocation<\/a><\/h2>\n\n<div class=\"wp-block-post-excerpt\"><p class=\"wp-block-post-excerpt__excerpt\">Efficiency in the emergency world: AtlasLocator and the revolution in ambulance geolocation Introduction AtlasLocator has changed the IOT management game, and its latest ambulance geolocation project presented at the Maker Faire Galicia.&#13; It is indisputable proof of this. Working closely with the innovation group &#8220;A Industriosa&#8220;, they have managed to combine technology and the human <\/p><\/div>\n\n<div class=\"wp-block-post-date\"><time datetime=\"2023-07-06T02:54:53+02:00\">6 de July de 2023<\/time><\/div><\/div><\/div>\n\n<\/li><li class=\"wp-block-post post-12819 post type-post status-publish format-standard has-post-thumbnail hentry category-blog-en category-general-en\">\n\n<div class=\"wp-block-group is-layout-flow wp-block-group-is-layout-flow\" style=\"padding-top:30px;padding-right:30px;padding-bottom:30px;padding-left:30px\"><div class=\"wp-block-group__inner-container\"><figure class=\"wp-block-post-featured-image\"><img loading=\"lazy\" decoding=\"async\" width=\"1900\" height=\"1069\" src=\"https:\/\/atlaslocator.com\/wp-content\/uploads\/2023\/06\/ladron-robando.webp\" class=\"attachment-post-thumbnail size-post-thumbnail wp-post-image\" alt=\"\" style=\"object-fit:cover;\" srcset=\"https:\/\/atlaslocator.com\/wp-content\/uploads\/2023\/06\/ladron-robando.webp 1900w, https:\/\/atlaslocator.com\/wp-content\/uploads\/2023\/06\/ladron-robando-300x169.webp 300w, https:\/\/atlaslocator.com\/wp-content\/uploads\/2023\/06\/ladron-robando-1024x576.webp 1024w, https:\/\/atlaslocator.com\/wp-content\/uploads\/2023\/06\/ladron-robando-768x432.webp 768w, https:\/\/atlaslocator.com\/wp-content\/uploads\/2023\/06\/ladron-robando-1536x864.webp 1536w\" sizes=\"(max-width: 1900px) 100vw, 1900px\" \/><\/figure>\n\n<h2 class=\"has-text-color has-white-color wp-block-post-title\"><a href=\"https:\/\/atlaslocator.com\/en\/the-iot-revolution-in-home-security\/\" target=\"_self\">The IOT Revolution in Home Security<\/a><\/h2>\n\n<div class=\"wp-block-post-excerpt\"><p class=\"wp-block-post-excerpt__excerpt\">The IOT Revolution in Home Security Innovation in information technology never ceases to amaze us. An example of this is the IOT or Internet of Things. How does it influence our lives? From my personal experience, I can say that its impact is enormous, especially on the safety of our homes. And it is that <\/p><\/div>\n\n<div class=\"wp-block-post-date\"><time datetime=\"2023-06-08T18:21:29+02:00\">8 de June de 2023<\/time><\/div><\/div><\/div>\n\n<\/li><li class=\"wp-block-post post-12775 post type-post status-publish format-standard has-post-thumbnail hentry category-blog-en category-general-en\">\n\n<div class=\"wp-block-group is-layout-flow wp-block-group-is-layout-flow\" style=\"padding-top:30px;padding-right:30px;padding-bottom:30px;padding-left:30px\"><div class=\"wp-block-group__inner-container\"><figure class=\"wp-block-post-featured-image\"><img loading=\"lazy\" decoding=\"async\" width=\"711\" height=\"602\" src=\"https:\/\/atlaslocator.com\/wp-content\/uploads\/2023\/05\/Imagen-03.png\" class=\"attachment-post-thumbnail size-post-thumbnail wp-post-image\" alt=\"\" style=\"object-fit:cover;\" srcset=\"https:\/\/atlaslocator.com\/wp-content\/uploads\/2023\/05\/Imagen-03.png 711w, https:\/\/atlaslocator.com\/wp-content\/uploads\/2023\/05\/Imagen-03-300x254.png 300w\" sizes=\"(max-width: 711px) 100vw, 711px\" \/><\/figure>\n\n<h2 class=\"has-text-color has-white-color wp-block-post-title\"><a href=\"https:\/\/atlaslocator.com\/en\/elevate-your-iot-device-management-with-atlaslocator\/\" target=\"_self\">Elevate your <strong>IoT<\/strong> device management with AtlasLocator<\/a><\/h2>\n\n<div class=\"wp-block-post-excerpt\"><p class=\"wp-block-post-excerpt__excerpt\">Elevate your IoT device management with AtlasLocator In today&#8217;s digital age, efficient management of Internet or IoT connected devices is vital. AtlasLocator is presented as an innovative solution to this demand. The importance of geolocation in the management of IoT devices Geolocation is a vital function in IoT device management. AtlasLocator focuses on tracking objects, <\/p><\/div>\n\n<div class=\"wp-block-post-date\"><time datetime=\"2023-05-15T01:05:31+02:00\">15 de May de 2023<\/time><\/div><\/div><\/div>\n\n<\/li><li class=\"wp-block-post post-12502 post type-post status-publish format-standard has-post-thumbnail hentry category-blog-en category-general-en\">\n\n<div class=\"wp-block-group is-layout-flow wp-block-group-is-layout-flow\" style=\"padding-top:30px;padding-right:30px;padding-bottom:30px;padding-left:30px\"><div class=\"wp-block-group__inner-container\"><figure class=\"wp-block-post-featured-image\"><img loading=\"lazy\" decoding=\"async\" width=\"602\" height=\"451\" src=\"https:\/\/atlaslocator.com\/wp-content\/uploads\/2023\/03\/ganado.jpg\" class=\"attachment-post-thumbnail size-post-thumbnail wp-post-image\" alt=\"\" style=\"object-fit:cover;\" srcset=\"https:\/\/atlaslocator.com\/wp-content\/uploads\/2023\/03\/ganado.jpg 602w, https:\/\/atlaslocator.com\/wp-content\/uploads\/2023\/03\/ganado-300x225.jpg 300w\" sizes=\"(max-width: 602px) 100vw, 602px\" \/><\/figure>\n\n<h2 class=\"has-text-color has-white-color wp-block-post-title\"><a href=\"https:\/\/atlaslocator.com\/en\/cattle-geolocation\/\" target=\"_self\">Cattle geolocation<\/a><\/h2>\n\n<div class=\"wp-block-post-excerpt\"><p class=\"wp-block-post-excerpt__excerpt\">GPS geolocation of cattle is a technology that allows knowing the location and status of animals in real time through devices that are placed on the animal&#8217;s collar or ear. This technology has several advantages for farmers, such as:&#13; &#8211; Avoid theft, loss or attacks by predators, by being able to locate the animals at <\/p><\/div>\n\n<div class=\"wp-block-post-date\"><time datetime=\"2023-03-17T20:18:31+01:00\">17 de March de 2023<\/time><\/div><\/div><\/div>\n\n<\/li><li class=\"wp-block-post post-9559 post type-post status-publish format-standard has-post-thumbnail hentry category-blog-en category-general-en\">\n\n<div class=\"wp-block-group is-layout-flow wp-block-group-is-layout-flow\" style=\"padding-top:30px;padding-right:30px;padding-bottom:30px;padding-left:30px\"><div class=\"wp-block-group__inner-container\"><figure class=\"wp-block-post-featured-image\"><img loading=\"lazy\" decoding=\"async\" width=\"1600\" height=\"738\" src=\"https:\/\/atlaslocator.com\/wp-content\/uploads\/2022\/12\/ttn.png\" class=\"attachment-post-thumbnail size-post-thumbnail wp-post-image\" alt=\"ttn\" style=\"object-fit:cover;\" srcset=\"https:\/\/atlaslocator.com\/wp-content\/uploads\/2022\/12\/ttn.png 1600w, https:\/\/atlaslocator.com\/wp-content\/uploads\/2022\/12\/ttn-300x138.png 300w, https:\/\/atlaslocator.com\/wp-content\/uploads\/2022\/12\/ttn-1024x472.png 1024w, https:\/\/atlaslocator.com\/wp-content\/uploads\/2022\/12\/ttn-768x354.png 768w, https:\/\/atlaslocator.com\/wp-content\/uploads\/2022\/12\/ttn-1536x708.png 1536w\" sizes=\"(max-width: 1600px) 100vw, 1600px\" \/><\/figure>\n\n<h2 class=\"has-text-color has-white-color wp-block-post-title\"><a href=\"https:\/\/atlaslocator.com\/en\/see-more-information-on-ttn-connection-integration\/\" target=\"_self\">See more information on TTS (TTN &#038; TTI) connection integration<\/a><\/h2>\n\n<div class=\"wp-block-post-excerpt\"><p class=\"wp-block-post-excerpt__excerpt\">Our AtlasLocator platform connects with the Lora The Things Network TTS (TTN &amp; TTI) network through the MQTT protocol. Thanks to this integration you will be able to exploit all the data from your TTS network device (TTN &amp; TTI) on the AtlasLocator website.&#13; You must already have your devices added and working on the <\/p><\/div>\n\n<div class=\"wp-block-post-date\"><time datetime=\"2022-12-16T09:55:36+01:00\">16 de December de 2022<\/time><\/div><\/div><\/div>\n\n<\/li><\/ul><\/div>\n<\/div>\n<\/div>\n<\/div>\n\n<p><\/p>\n\n<div style=\"height:100px\" aria-hidden=\"true\" class=\"wp-block-spacer\"><\/div>\n\n<p><\/p>\n\n<div style=\"height:100px\" aria-hidden=\"true\" class=\"wp-block-spacer\"><\/div>\n\n<p class=\"has-x-large-font-size\"><\/p><p class=\"has-text-align-center has-white-color has-text-color has-x-large-font-size\" style=\"font-style:normal;font-weight:500\"><strong>Newsletter<\/strong><\/p>\n\n<p>You can subscribe to the AtlasLocator newsletter to be informed of all the news using the following form. Write your email address:&#13;\n<\/p>\n\n<div class=\"wp-block-contact-form-7-contact-form-selector\">\n<div class=\"wpcf7 no-js\" id=\"wpcf7-f12627-o1\" lang=\"es-ES\" dir=\"ltr\">\n<div class=\"screen-reader-response\"><p role=\"status\" aria-live=\"polite\" aria-atomic=\"true\"><\/p> <ul><\/ul><\/div>\n<form action=\"\/en\/wp-json\/wp\/v2\/pages\/5039#wpcf7-f12627-o1\" method=\"post\" class=\"wpcf7-form init\" aria-label=\"Formulario de contacto\" novalidate=\"novalidate\" data-status=\"init\">\n<div style=\"display: none;\">\n<input type=\"hidden\" name=\"_wpcf7\" value=\"12627\" \/>\n<input type=\"hidden\" name=\"_wpcf7_version\" value=\"5.8.6\" \/>\n<input type=\"hidden\" name=\"_wpcf7_locale\" value=\"es_ES\" \/>\n<input type=\"hidden\" name=\"_wpcf7_unit_tag\" value=\"wpcf7-f12627-o1\" \/>\n<input type=\"hidden\" name=\"_wpcf7_container_post\" value=\"0\" \/>\n<input type=\"hidden\" name=\"_wpcf7_posted_data_hash\" value=\"\" \/>\n<input type=\"hidden\" name=\"_wpcf7_recaptcha_response\" value=\"\" \/>\n<\/div>\n<p><span class=\"wpcf7-form-control-wrap\" data-name=\"your-email\"><input size=\"40\" class=\"wpcf7-form-control wpcf7-email wpcf7-validates-as-required wpcf7-text wpcf7-validates-as-email\" aria-required=\"true\" aria-invalid=\"false\" value=\"\" type=\"email\" name=\"your-email\" \/><\/span><input class=\"wpcf7-form-control wpcf7-submit has-spinner\" type=\"submit\" value=\"OK\" \/>\n<\/p><div class=\"wpcf7-response-output\" aria-hidden=\"true\"><\/div>\n<\/form>\n<\/div>\n<\/div>\r\n","protected":false},"excerpt":{"rendered":"<p>Newsletter You can subscribe to the AtlasLocator newsletter to be informed of all the news using the following form. Write your email address:&#13;<\/p>\n","protected":false},"author":1,"featured_media":0,"parent":0,"menu_order":0,"comment_status":"closed","ping_status":"closed","template":"","meta":{"footnotes":""},"_links":{"self":[{"href":"https:\/\/atlaslocator.com\/en\/wp-json\/wp\/v2\/pages\/5039"}],"collection":[{"href":"https:\/\/atlaslocator.com\/en\/wp-json\/wp\/v2\/pages"}],"about":[{"href":"https:\/\/atlaslocator.com\/en\/wp-json\/wp\/v2\/types\/page"}],"author":[{"embeddable":true,"href":"https:\/\/atlaslocator.com\/en\/wp-json\/wp\/v2\/users\/1"}],"replies":[{"embeddable":true,"href":"https:\/\/atlaslocator.com\/en\/wp-json\/wp\/v2\/comments?post=5039"}],"version-history":[{"count":8,"href":"https:\/\/atlaslocator.com\/en\/wp-json\/wp\/v2\/pages\/5039\/revisions"}],"predecessor-version":[{"id":12683,"href":"https:\/\/atlaslocator.com\/en\/wp-json\/wp\/v2\/pages\/5039\/revisions\/12683"}],"wp:attachment":[{"href":"https:\/\/atlaslocator.com\/en\/wp-json\/wp\/v2\/media?parent=5039"}],"curies":[{"name":"wp","href":"https:\/\/api.w.org\/{rel}","templated":true}]}}