{"id":5292,"date":"2022-08-29T18:38:22","date_gmt":"2022-08-29T18:38:22","guid":{"rendered":"https:\/\/www.atlaslocator.com\/about-us-3\/"},"modified":"2023-09-25T00:07:52","modified_gmt":"2023-09-24T22:07:52","slug":"about-us-3","status":"publish","type":"page","link":"https:\/\/atlaslocator.com\/en\/about-us-3\/","title":{"rendered":"About us"},"content":{"rendered":"\n<div class=\"wp-block-columns is-layout-flex wp-container-core-columns-layout-1 wp-block-columns-is-layout-flex\">\n<div class=\"wp-block-column is-layout-flow wp-block-column-is-layout-flow\" style=\"flex-basis:33.33%\">\n<figure class=\"wp-block-image size-medium\"><a href=\"https:\/\/atlaslocator.com\/wp-content\/uploads\/2022\/07\/LOGO-QUIENES-SOMOS-1.png\"><img loading=\"lazy\" decoding=\"async\" width=\"185\" height=\"300\" src=\"https:\/\/www.atlaslocator.com\/wp-content\/uploads\/2022\/07\/LOGO-QUIENES-SOMOS-1-185x300.png\" alt=\"LOGO WHO WE ARE\" class=\"wp-image-3047\" srcset=\"https:\/\/atlaslocator.com\/wp-content\/uploads\/2022\/07\/LOGO-QUIENES-SOMOS-1-185x300.png 185w, https:\/\/atlaslocator.com\/wp-content\/uploads\/2022\/07\/LOGO-QUIENES-SOMOS-1.png 296w\" sizes=\"(max-width: 185px) 100vw, 185px\" \/><\/a><\/figure>\n<\/div>\n\n\n\n<div class=\"wp-block-column is-layout-flow wp-block-column-is-layout-flow\" style=\"flex-basis:66.66%\">\n<p class=\"has-white-color has-text-color\"><strong>AtlasLocator<\/strong> is an IOT device management ecosystem with map location and graphic representation.&#13;\n<\/p>\n\n\n\n<p class=\"has-white-color has-text-color\">It is mainly focused on the geolocation of different objects, animals and people through IOT (Internet of Things) technology.&#13;\n<\/p>\n\n\n\n<p class=\"has-white-color has-text-color\">It also allows data export, alarm configuration and management of other IOT measurement systems such as temperature, pH, humidity, pressure meters&#8230;&#13;\n<\/p>\n\n\n\n<p class=\"has-white-color has-text-color\">The AtlasLocator team is developed by a multidisciplinary group of 3 members:&#13;\n<\/p>\n<\/div>\n<\/div>\n\n<div class=\"wp-block-columns is-layout-flex wp-container-core-columns-layout-4 wp-block-columns-is-layout-flex\">\n<div class=\"wp-block-column is-layout-flow wp-block-column-is-layout-flow\">\n<div class=\"wp-block-columns is-layout-flex wp-container-core-columns-layout-2 wp-block-columns-is-layout-flex\">\n<div class=\"wp-block-column is-layout-flow wp-block-column-is-layout-flow\"><\/div>\n\n\n\n<div class=\"wp-block-column is-layout-flow wp-block-column-is-layout-flow\">\n<figure class=\"wp-block-image size-large is-resized\"><a href=\"https:\/\/atlaslocator.com\/wp-content\/uploads\/2022\/10\/OSCAR.png\"><img loading=\"lazy\" decoding=\"async\" src=\"https:\/\/www.atlaslocator.com\/wp-content\/uploads\/2022\/10\/OSCAR-724x1024.png\" alt=\"\" class=\"wp-image-7899\" width=\"181\" height=\"256\" srcset=\"https:\/\/atlaslocator.com\/wp-content\/uploads\/2022\/10\/OSCAR-724x1024.png 724w, https:\/\/atlaslocator.com\/wp-content\/uploads\/2022\/10\/OSCAR-212x300.png 212w, https:\/\/atlaslocator.com\/wp-content\/uploads\/2022\/10\/OSCAR-768x1086.png 768w, https:\/\/atlaslocator.com\/wp-content\/uploads\/2022\/10\/OSCAR-1086x1536.png 1086w, https:\/\/atlaslocator.com\/wp-content\/uploads\/2022\/10\/OSCAR-1448x2048.png 1448w\" sizes=\"(max-width: 181px) 100vw, 181px\" \/><\/a><figcaption class=\"wp-element-caption\">\u00d3scar Salvador Paez<br\/><br\/>Especialista en Bases de Datos<\/figcaption><\/figure>\n<\/div>\n<\/div>\n<\/div>\n\n\n\n<div class=\"wp-block-column is-layout-flow wp-block-column-is-layout-flow\">\n<div class=\"wp-block-columns is-layout-flex wp-container-core-columns-layout-3 wp-block-columns-is-layout-flex\">\n<div class=\"wp-block-column is-layout-flow wp-block-column-is-layout-flow\">\n<figure class=\"wp-block-image size-large is-resized\"><a href=\"https:\/\/atlaslocator.com\/wp-content\/uploads\/2022\/10\/FELIX.png\"><img loading=\"lazy\" decoding=\"async\" src=\"https:\/\/www.atlaslocator.com\/wp-content\/uploads\/2022\/10\/FELIX-724x1024.png\" alt=\"\" class=\"wp-image-7905\" width=\"181\" height=\"256\" srcset=\"https:\/\/atlaslocator.com\/wp-content\/uploads\/2022\/10\/FELIX-724x1024.png 724w, https:\/\/atlaslocator.com\/wp-content\/uploads\/2022\/10\/FELIX-212x300.png 212w, https:\/\/atlaslocator.com\/wp-content\/uploads\/2022\/10\/FELIX-768x1086.png 768w, https:\/\/atlaslocator.com\/wp-content\/uploads\/2022\/10\/FELIX-1086x1536.png 1086w, https:\/\/atlaslocator.com\/wp-content\/uploads\/2022\/10\/FELIX-1448x2048.png 1448w\" sizes=\"(max-width: 181px) 100vw, 181px\" \/><\/a><figcaption class=\"wp-element-caption\">F\u00e9lix Di\u00e9guez Cebri\u00e1n<br\/><br\/>Especialista en FrontEnd\u200b<\/figcaption><\/figure>\n<\/div>\n\n\n\n<div class=\"wp-block-column is-layout-flow wp-block-column-is-layout-flow\">\n<figure class=\"wp-block-image size-large is-resized\"><a href=\"https:\/\/atlaslocator.com\/wp-content\/uploads\/2022\/10\/JAVI.png\"><img loading=\"lazy\" decoding=\"async\" src=\"https:\/\/www.atlaslocator.com\/wp-content\/uploads\/2022\/10\/JAVI-724x1024.png\" alt=\"\" class=\"wp-image-7911\" width=\"181\" height=\"256\" srcset=\"https:\/\/atlaslocator.com\/wp-content\/uploads\/2022\/10\/JAVI-724x1024.png 724w, https:\/\/atlaslocator.com\/wp-content\/uploads\/2022\/10\/JAVI-212x300.png 212w, https:\/\/atlaslocator.com\/wp-content\/uploads\/2022\/10\/JAVI-768x1086.png 768w, https:\/\/atlaslocator.com\/wp-content\/uploads\/2022\/10\/JAVI-1086x1536.png 1086w, https:\/\/atlaslocator.com\/wp-content\/uploads\/2022\/10\/JAVI-1448x2048.png 1448w\" sizes=\"(max-width: 181px) 100vw, 181px\" \/><\/a><figcaption class=\"wp-element-caption\">Javier Guti\u00e9rrez Abella<br\/>Specialist in IOT, Communications and FrontEnd&#13;\n<\/figcaption><\/figure>\n<\/div>\n<\/div>\n<\/div>\n<\/div>\n","protected":false},"excerpt":{"rendered":"<p>AtlasLocator is an IOT device management ecosystem with map location and graphic representation.&#13; It is mainly focused on the geolocation of different objects, animals and people through IOT (Internet of Things) technology.&#13; It also allows data export, alarm configuration and management of other IOT measurement systems such as temperature, pH, humidity, pressure meters&#8230;&#13; The AtlasLocator<\/p>\n","protected":false},"author":1,"featured_media":0,"parent":0,"menu_order":0,"comment_status":"closed","ping_status":"closed","template":"","meta":{"footnotes":""},"_links":{"self":[{"href":"https:\/\/atlaslocator.com\/en\/wp-json\/wp\/v2\/pages\/5292"}],"collection":[{"href":"https:\/\/atlaslocator.com\/en\/wp-json\/wp\/v2\/pages"}],"about":[{"href":"https:\/\/atlaslocator.com\/en\/wp-json\/wp\/v2\/types\/page"}],"author":[{"embeddable":true,"href":"https:\/\/atlaslocator.com\/en\/wp-json\/wp\/v2\/users\/1"}],"replies":[{"embeddable":true,"href":"https:\/\/atlaslocator.com\/en\/wp-json\/wp\/v2\/comments?post=5292"}],"version-history":[{"count":8,"href":"https:\/\/atlaslocator.com\/en\/wp-json\/wp\/v2\/pages\/5292\/revisions"}],"predecessor-version":[{"id":13036,"href":"https:\/\/atlaslocator.com\/en\/wp-json\/wp\/v2\/pages\/5292\/revisions\/13036"}],"wp:attachment":[{"href":"https:\/\/atlaslocator.com\/en\/wp-json\/wp\/v2\/media?parent=5292"}],"curies":[{"name":"wp","href":"https:\/\/api.w.org\/{rel}","templated":true}]}}