{"id":4917,"date":"2022-08-24T00:03:32","date_gmt":"2022-08-24T00:03:32","guid":{"rendered":"https:\/\/www.atlaslocator.com\/?page_id=4917"},"modified":"2023-01-21T19:06:00","modified_gmt":"2023-01-21T18:06:00","slug":"comunicaciones","status":"publish","type":"page","link":"https:\/\/atlaslocator.com\/es\/comunicaciones\/","title":{"rendered":"Comunicaciones"},"content":{"rendered":"\n<p class=\"has-white-color has-text-color\">En <strong>AtlasLocator <\/strong>trabajamos con operadores IOT de LoraWan como The Things Stack (The Things Network &amp; The Things Industrial) y Helium. <\/p>\n\n\n\n<p class=\"has-white-color has-text-color\">Muy pronto ampliaremos a otros como Sigfox, Fossa o  NarrowBand.<\/p>\n\n\n\n<hr class=\"wp-block-separator has-text-color has-alpha-channel-opacity has-background is-style-dots\" style=\"background-color:#232323;color:#232323\"\/>\n\n\n\n<div class=\"wp-block-group is-layout-flow wp-block-group-is-layout-flow\"><div class=\"wp-block-group__inner-container\">\n<div class=\"wp-block-columns is-layout-flex wp-container-core-columns-layout-1 wp-block-columns-is-layout-flex\">\n<div class=\"wp-block-column is-layout-flow wp-block-column-is-layout-flow\" style=\"flex-basis:100%\">\n<figure class=\"wp-block-image size-large bordes-redondos\"><a href=\"https:\/\/atlaslocator.com\/wp-content\/uploads\/2023\/01\/ESQUEMA-ESPANOLO-1.png\"><img loading=\"lazy\" decoding=\"async\" width=\"993\" height=\"1024\" src=\"https:\/\/atlaslocator.com\/wp-content\/uploads\/2023\/01\/ESQUEMA-ESPANOLO-1-993x1024.png\" alt=\"\" class=\"wp-image-11816\" srcset=\"https:\/\/atlaslocator.com\/wp-content\/uploads\/2023\/01\/ESQUEMA-ESPANOLO-1-993x1024.png 993w, https:\/\/atlaslocator.com\/wp-content\/uploads\/2023\/01\/ESQUEMA-ESPANOLO-1-291x300.png 291w, https:\/\/atlaslocator.com\/wp-content\/uploads\/2023\/01\/ESQUEMA-ESPANOLO-1-768x792.png 768w, https:\/\/atlaslocator.com\/wp-content\/uploads\/2023\/01\/ESQUEMA-ESPANOLO-1.png 1080w\" sizes=\"(max-width: 993px) 100vw, 993px\" \/><\/a><\/figure>\n\n\n\n<hr class=\"wp-block-separator has-text-color has-alpha-channel-opacity has-background is-style-default\" style=\"background-color:#1b283600;color:#1b283600\"\/>\n\n\n\n<p class=\"has-white-color has-text-color\"><strong>Helium<\/strong>: nuestra integraci\u00f3n con Helium permite recibir los datos de la consola de Helium a trav\u00e9s de una integraci\u00f3n de tipo HTTP.<\/p>\n\n\n\n<p><a href=\"https:\/\/atlaslocator.com\/helium_integration_es\">Ver m\u00e1s informaci\u00f3n de la integraci\u00f3n de conexi\u00f3n<\/a><\/p>\n\n\n\n<p class=\"has-white-color has-text-color\"><a href=\"https:\/\/atlaslocator.com\/coverage_helium_es\">Consultar mapas de cobertura, para conocer la cobertura de tu zona<\/a><\/p>\n\n\n\n<p class=\"has-white-color has-text-color\"><a href=\"https:\/\/atlaslocator.com\/antennas_helium_es\">Conoce donde se ubican las antenas con estos mapas<\/a><\/p>\n\n\n\n<p class=\"has-white-color has-text-color\"><strong>TTN<\/strong> <strong>&amp; TTI<\/strong>: nuestra integraci\u00f3n con TTN &amp; TTI permite recibir los datos de la consola de TTN &amp; TTI a trav\u00e9s de una integraci\u00f3n de tipo MQTT.<\/p>\n\n\n\n<p class=\"has-white-color has-text-color\"><a href=\"https:\/\/atlaslocator.com\/ttn_integration_es\">Ver m\u00e1s informaci\u00f3n de la integraci\u00f3n de conexi\u00f3n<\/a><\/p>\n\n\n\n<p class=\"has-white-color has-text-color\"><a href=\"https:\/\/atlaslocator.com\/coverage_ttn_es\">Consultar mapas de cobertura, para conocer la cobertura de tu zona<\/a><\/p>\n\n\n\n<p class=\"has-white-color has-text-color\"><a href=\"https:\/\/atlaslocator.com\/antennas_ttn_es\">Conoce donde se ubican las antenas con estos mapas<\/a><\/p>\n<\/div>\n<\/div>\n<\/div><\/div>\n\n\n\n<p class=\"has-white-color has-text-color\"><\/p>\n\n\n\n<style>\n  @media only screen and (max-width: 767px) {\n    .wp-block-image img,\n    figure.aligncenter {\n      max-width: 100%;\n    }\n  }\n<\/style>\n","protected":false},"excerpt":{"rendered":"<p>En AtlasLocator trabajamos con operadores IOT de LoraWan como The Things Stack (The Things Network &amp; The Things Industrial) y Helium. Muy pronto ampliaremos a otros como Sigfox, Fossa o NarrowBand. Helium: nuestra integraci\u00f3n con Helium permite recibir los datos de la consola de Helium a trav\u00e9s de una integraci\u00f3n de tipo HTTP. Ver m\u00e1s<\/p>\n","protected":false},"author":1,"featured_media":0,"parent":0,"menu_order":0,"comment_status":"closed","ping_status":"closed","template":"","meta":{"footnotes":""},"_links":{"self":[{"href":"https:\/\/atlaslocator.com\/es\/wp-json\/wp\/v2\/pages\/4917"}],"collection":[{"href":"https:\/\/atlaslocator.com\/es\/wp-json\/wp\/v2\/pages"}],"about":[{"href":"https:\/\/atlaslocator.com\/es\/wp-json\/wp\/v2\/types\/page"}],"author":[{"embeddable":true,"href":"https:\/\/atlaslocator.com\/es\/wp-json\/wp\/v2\/users\/1"}],"replies":[{"embeddable":true,"href":"https:\/\/atlaslocator.com\/es\/wp-json\/wp\/v2\/comments?post=4917"}],"version-history":[{"count":105,"href":"https:\/\/atlaslocator.com\/es\/wp-json\/wp\/v2\/pages\/4917\/revisions"}],"predecessor-version":[{"id":12255,"href":"https:\/\/atlaslocator.com\/es\/wp-json\/wp\/v2\/pages\/4917\/revisions\/12255"}],"wp:attachment":[{"href":"https:\/\/atlaslocator.com\/es\/wp-json\/wp\/v2\/media?parent=4917"}],"curies":[{"name":"wp","href":"https:\/\/api.w.org\/{rel}","templated":true}]}}