{"id":4957,"date":"2022-08-24T16:29:18","date_gmt":"2022-08-24T16:29:18","guid":{"rendered":"https:\/\/www.atlaslocator.com\/?page_id=4957"},"modified":"2022-10-04T21:11:31","modified_gmt":"2022-10-04T21:11:31","slug":"aplicacion-iot_portada","status":"publish","type":"page","link":"https:\/\/atlaslocator.com\/es\/aplicacion-iot_portada\/","title":{"rendered":"Aplicacion IOT"},"content":{"rendered":"<p class=\"has-white-color\">Plataforma de centralizaci\u00f3n de todos tus dispositivos IOT con opci\u00f3n de compartirlos con tus amigos. Cuenta con la posibilidad de monitorearlos en mapa, gr\u00e1ficos y tablas, de exportarlos a Excel y de definir notificaciones y alarmas<\/p>\n","protected":false},"excerpt":{"rendered":"<p>Plataforma de centralizaci\u00f3n de todos tus dispositivos IOT con opci\u00f3n de compartirlos con tus amigos. Cuenta con la posibilidad de monitorearlos en mapa, gr\u00e1ficos y tablas, de exportarlos a Excel y de definir notificaciones y alarmas<\/p>\n","protected":false},"author":1,"featured_media":0,"parent":0,"menu_order":0,"comment_status":"closed","ping_status":"closed","template":"","meta":{"footnotes":""},"_links":{"self":[{"href":"https:\/\/atlaslocator.com\/es\/wp-json\/wp\/v2\/pages\/4957"}],"collection":[{"href":"https:\/\/atlaslocator.com\/es\/wp-json\/wp\/v2\/pages"}],"about":[{"href":"https:\/\/atlaslocator.com\/es\/wp-json\/wp\/v2\/types\/page"}],"author":[{"embeddable":true,"href":"https:\/\/atlaslocator.com\/es\/wp-json\/wp\/v2\/users\/1"}],"replies":[{"embeddable":true,"href":"https:\/\/atlaslocator.com\/es\/wp-json\/wp\/v2\/comments?post=4957"}],"version-history":[{"count":8,"href":"https:\/\/atlaslocator.com\/es\/wp-json\/wp\/v2\/pages\/4957\/revisions"}],"predecessor-version":[{"id":6585,"href":"https:\/\/atlaslocator.com\/es\/wp-json\/wp\/v2\/pages\/4957\/revisions\/6585"}],"wp:attachment":[{"href":"https:\/\/atlaslocator.com\/es\/wp-json\/wp\/v2\/media?parent=4957"}],"curies":[{"name":"wp","href":"https:\/\/api.w.org\/{rel}","templated":true}]}}