{"id":4999,"date":"2022-08-24T18:41:44","date_gmt":"2022-08-24T18:41:44","guid":{"rendered":"https:\/\/www.atlaslocator.com\/?page_id=4999"},"modified":"2023-01-11T13:38:31","modified_gmt":"2023-01-11T12:38:31","slug":"que-hacemos_portada","status":"publish","type":"page","link":"https:\/\/atlaslocator.com\/es\/que-hacemos_portada\/","title":{"rendered":"Qu\u00e9 hacemos"},"content":{"rendered":"\n<p>AtlasLocator es un ecosistema de gesti\u00f3n de dispositivos IOT gr\u00e1fico y sobre mapa. <\/p>\n\n\n\n<p>Enfocado principalmente a la geolocalizaci\u00f3n de diferentes objetos, animales y personas mediante tecnolog\u00eda IOT. Adem\u00e1s permite analizar sistemas de medici\u00f3n IOT como temperatura, pH, humedad&#8230;<\/p>\n","protected":false},"excerpt":{"rendered":"<p>AtlasLocator es un ecosistema de gesti\u00f3n de dispositivos IOT gr\u00e1fico y sobre mapa. Enfocado principalmente a la geolocalizaci\u00f3n de diferentes objetos, animales y personas mediante tecnolog\u00eda IOT. Adem\u00e1s permite analizar sistemas de medici\u00f3n IOT como temperatura, pH, humedad&#8230;<\/p>\n","protected":false},"author":1,"featured_media":0,"parent":0,"menu_order":0,"comment_status":"closed","ping_status":"closed","template":"","meta":{"footnotes":""},"_links":{"self":[{"href":"https:\/\/atlaslocator.com\/es\/wp-json\/wp\/v2\/pages\/4999"}],"collection":[{"href":"https:\/\/atlaslocator.com\/es\/wp-json\/wp\/v2\/pages"}],"about":[{"href":"https:\/\/atlaslocator.com\/es\/wp-json\/wp\/v2\/types\/page"}],"author":[{"embeddable":true,"href":"https:\/\/atlaslocator.com\/es\/wp-json\/wp\/v2\/users\/1"}],"replies":[{"embeddable":true,"href":"https:\/\/atlaslocator.com\/es\/wp-json\/wp\/v2\/comments?post=4999"}],"version-history":[{"count":3,"href":"https:\/\/atlaslocator.com\/es\/wp-json\/wp\/v2\/pages\/4999\/revisions"}],"predecessor-version":[{"id":5043,"href":"https:\/\/atlaslocator.com\/es\/wp-json\/wp\/v2\/pages\/4999\/revisions\/5043"}],"wp:attachment":[{"href":"https:\/\/atlaslocator.com\/es\/wp-json\/wp\/v2\/media?parent=4999"}],"curies":[{"name":"wp","href":"https:\/\/api.w.org\/{rel}","templated":true}]}}