{"id":5037,"date":"2022-08-24T18:59:07","date_gmt":"2022-08-24T18:59:07","guid":{"rendered":"https:\/\/www.atlaslocator.com\/?page_id=5037"},"modified":"2024-02-13T12:35:24","modified_gmt":"2024-02-13T11:35:24","slug":"inicio_portada","status":"publish","type":"page","link":"https:\/\/atlaslocator.com\/es\/","title":{"rendered":"Inicio"},"content":{"rendered":"\n<div class=\"wp-block-query is-layout-flow wp-block-query-is-layout-flow\">\n<div class=\"wp-block-columns is-layout-flex wp-container-core-columns-layout-1 wp-block-columns-is-layout-flex\">\n<div class=\"wp-block-column is-layout-flow wp-block-column-is-layout-flow\" style=\"flex-basis:100%\">\n<p class=\"has-text-align-center has-white-color has-text-color has-x-large-font-size\" style=\"font-style:normal;font-weight:500\"><strong>Blog<\/strong><\/p>\n\n\n\n<div class=\"wp-block-query is-layout-flow wp-block-query-is-layout-flow\"><ul class=\"is-flex-container columns-3 wp-block-post-template is-layout-flow wp-block-post-template-is-layout-flow\"><li class=\"wp-block-post post-12963 post type-post status-publish format-standard has-post-thumbnail hentry category-blog_es category-general_es\">\n\n<div class=\"wp-block-group is-layout-flow wp-block-group-is-layout-flow\" style=\"padding-top:30px;padding-right:30px;padding-bottom:30px;padding-left:30px\"><div class=\"wp-block-group__inner-container\"><figure class=\"wp-block-post-featured-image\"><img loading=\"lazy\" decoding=\"async\" width=\"1536\" height=\"2048\" src=\"https:\/\/atlaslocator.com\/wp-content\/uploads\/2023\/07\/Foro-Sensor-Vina.jpg\" class=\"attachment-post-thumbnail size-post-thumbnail wp-post-image\" alt=\"\" style=\"object-fit:cover;\" srcset=\"https:\/\/atlaslocator.com\/wp-content\/uploads\/2023\/07\/Foro-Sensor-Vina.jpg 1536w, https:\/\/atlaslocator.com\/wp-content\/uploads\/2023\/07\/Foro-Sensor-Vina-225x300.jpg 225w, https:\/\/atlaslocator.com\/wp-content\/uploads\/2023\/07\/Foro-Sensor-Vina-768x1024.jpg 768w, https:\/\/atlaslocator.com\/wp-content\/uploads\/2023\/07\/Foro-Sensor-Vina-1152x1536.jpg 1152w\" sizes=\"(max-width: 1536px) 100vw, 1536px\" \/><\/figure>\n\n<h2 class=\"has-text-color has-white-color wp-block-post-title\"><a href=\"https:\/\/atlaslocator.com\/es\/el-futuro-del-vino-sensorizacion-iot-en-vinas-con-atlaslocator\/\" target=\"_self\">El Futuro del Vino: Sensorizaci\u00f3n IoT en Vi\u00f1as con AtlasLocator<\/a><\/h2>\n\n<div class=\"wp-block-post-excerpt\"><p class=\"wp-block-post-excerpt__excerpt\">El Futuro del Vino: Sensorizaci\u00f3n IoT en Vi\u00f1as con AtlasLocator Introducci\u00f3n. El mundo del vino es un mar de tradiciones milenarias y sabidur\u00eda transmitida de generaci\u00f3n en generaci\u00f3n. Pero la era digital no ha pasado por alto a este sector. Con la llegada de las tecnolog\u00edas de la Internet de las Cosas (IoT), las vi\u00f1as <\/p><\/div>\n\n<div class=\"wp-block-post-date\"><time datetime=\"2023-07-21T17:58:57+02:00\">21 de julio de 2023<\/time><\/div><\/div><\/div>\n\n<\/li><li class=\"wp-block-post post-12855 post type-post status-publish format-standard has-post-thumbnail hentry category-general_es category-blog_es\">\n\n<div class=\"wp-block-group is-layout-flow wp-block-group-is-layout-flow\" style=\"padding-top:30px;padding-right:30px;padding-bottom:30px;padding-left:30px\"><div class=\"wp-block-group__inner-container\"><figure class=\"wp-block-post-featured-image\"><img loading=\"lazy\" decoding=\"async\" width=\"1280\" height=\"960\" src=\"https:\/\/atlaslocator.com\/wp-content\/uploads\/2023\/07\/1.jpg\" class=\"attachment-post-thumbnail size-post-thumbnail wp-post-image\" alt=\"\" style=\"object-fit:cover;\" srcset=\"https:\/\/atlaslocator.com\/wp-content\/uploads\/2023\/07\/1.jpg 1280w, https:\/\/atlaslocator.com\/wp-content\/uploads\/2023\/07\/1-300x225.jpg 300w, https:\/\/atlaslocator.com\/wp-content\/uploads\/2023\/07\/1-1024x768.jpg 1024w, https:\/\/atlaslocator.com\/wp-content\/uploads\/2023\/07\/1-768x576.jpg 768w\" sizes=\"(max-width: 1280px) 100vw, 1280px\" \/><\/figure>\n\n<h2 class=\"has-text-color has-white-color wp-block-post-title\"><a href=\"https:\/\/atlaslocator.com\/es\/eficiencia-en-el-mundo-de-la-emergencia-atlaslocator-y-la-revolucion-en-la-geolocalizacion-de-ambulancias\/\" target=\"_self\">Eficiencia en el mundo de la emergencia: AtlasLocator y la revoluci\u00f3n en la geolocalizaci\u00f3n de ambulancias<\/a><\/h2>\n\n<div class=\"wp-block-post-excerpt\"><p class=\"wp-block-post-excerpt__excerpt\">Eficiencia en el mundo de la emergencia: AtlasLocator y la revoluci\u00f3n en la geolocalizaci\u00f3n de ambulancias Introducci\u00f3n AtlasLocator ha cambiado el juego de la gesti\u00f3n IOT, y su \u00faltimo proyecto de geolocalizaci\u00f3n de ambulancias presentado en la Maker Faire Galicia. Es una prueba indiscutible de ello. Trabajando en estrecha colaboraci\u00f3n con el grupo de innovaci\u00f3n <\/p><\/div>\n\n<div class=\"wp-block-post-date\"><time datetime=\"2023-07-06T02:19:08+02:00\">6 de julio de 2023<\/time><\/div><\/div><\/div>\n\n<\/li><li class=\"wp-block-post post-12802 post type-post status-publish format-standard has-post-thumbnail hentry category-blog_es category-general_es\">\n\n<div class=\"wp-block-group is-layout-flow wp-block-group-is-layout-flow\" style=\"padding-top:30px;padding-right:30px;padding-bottom:30px;padding-left:30px\"><div class=\"wp-block-group__inner-container\"><figure class=\"wp-block-post-featured-image\"><img loading=\"lazy\" decoding=\"async\" width=\"1900\" height=\"1069\" src=\"https:\/\/atlaslocator.com\/wp-content\/uploads\/2023\/06\/ladron-robando.webp\" class=\"attachment-post-thumbnail size-post-thumbnail wp-post-image\" alt=\"\" style=\"object-fit:cover;\" srcset=\"https:\/\/atlaslocator.com\/wp-content\/uploads\/2023\/06\/ladron-robando.webp 1900w, https:\/\/atlaslocator.com\/wp-content\/uploads\/2023\/06\/ladron-robando-300x169.webp 300w, https:\/\/atlaslocator.com\/wp-content\/uploads\/2023\/06\/ladron-robando-1024x576.webp 1024w, https:\/\/atlaslocator.com\/wp-content\/uploads\/2023\/06\/ladron-robando-768x432.webp 768w, https:\/\/atlaslocator.com\/wp-content\/uploads\/2023\/06\/ladron-robando-1536x864.webp 1536w\" sizes=\"(max-width: 1900px) 100vw, 1900px\" \/><\/figure>\n\n<h2 class=\"has-text-color has-white-color wp-block-post-title\"><a href=\"https:\/\/atlaslocator.com\/es\/__trashed\/\" target=\"_self\">La Revoluci\u00f3n del IOT en la Seguridad Dom\u00e9stica<\/a><\/h2>\n\n<div class=\"wp-block-post-excerpt\"><p class=\"wp-block-post-excerpt__excerpt\">La Revoluci\u00f3n del IOT en la Seguridad Dom\u00e9stica La innovaci\u00f3n en la tecnolog\u00eda de la informaci\u00f3n no cesa de sorprendernos. Un ejemplo de ello es el IOT o Internet de las Cosas. \u00bfC\u00f3mo influye en nuestras vidas? Bajo mi experiencia personal, puedo decir que su impacto es enorme, especialmente en la seguridad de nuestras viviendas. <\/p><\/div>\n\n<div class=\"wp-block-post-date\"><time datetime=\"2023-06-08T18:03:44+02:00\">8 de junio de 2023<\/time><\/div><\/div><\/div>\n\n<\/li><li class=\"wp-block-post post-12688 post type-post status-publish format-standard has-post-thumbnail hentry category-blog_es category-general_es\">\n\n<div class=\"wp-block-group is-layout-flow wp-block-group-is-layout-flow\" style=\"padding-top:30px;padding-right:30px;padding-bottom:30px;padding-left:30px\"><div class=\"wp-block-group__inner-container\"><figure class=\"wp-block-post-featured-image\"><img loading=\"lazy\" decoding=\"async\" width=\"711\" height=\"602\" src=\"https:\/\/atlaslocator.com\/wp-content\/uploads\/2023\/05\/Imagen-03.png\" class=\"attachment-post-thumbnail size-post-thumbnail wp-post-image\" alt=\"\" style=\"object-fit:cover;\" srcset=\"https:\/\/atlaslocator.com\/wp-content\/uploads\/2023\/05\/Imagen-03.png 711w, https:\/\/atlaslocator.com\/wp-content\/uploads\/2023\/05\/Imagen-03-300x254.png 300w\" sizes=\"(max-width: 711px) 100vw, 711px\" \/><\/figure>\n\n<h2 class=\"has-text-color has-white-color wp-block-post-title\"><a href=\"https:\/\/atlaslocator.com\/es\/eleva-tu-gestion-de-dispositivos-iot-con-atlaslocator\/\" target=\"_self\">Eleva tu gesti\u00f3n de dispositivos <strong>IoT<\/strong> con AtlasLocator<\/a><\/h2>\n\n<div class=\"wp-block-post-excerpt\"><p class=\"wp-block-post-excerpt__excerpt\">Eleva tu gesti\u00f3n de dispositivos IoT con AtlasLocator En la era digital actual, es vital contar con una gesti\u00f3n eficiente de los dispositivos conectados a Internet o IoT. AtlasLocator se presenta como una soluci\u00f3n innovadora a esta demanda. La importancia de la geolocalizaci\u00f3n en la gesti\u00f3n de dispositivos IoT La geolocalizaci\u00f3n es una funci\u00f3n vital <\/p><\/div>\n\n<div class=\"wp-block-post-date\"><time datetime=\"2023-05-14T18:02:37+02:00\">14 de mayo de 2023<\/time><\/div><\/div><\/div>\n\n<\/li><li class=\"wp-block-post post-12477 post type-post status-publish format-standard has-post-thumbnail hentry category-blog_es category-general_es\">\n\n<div class=\"wp-block-group is-layout-flow wp-block-group-is-layout-flow\" style=\"padding-top:30px;padding-right:30px;padding-bottom:30px;padding-left:30px\"><div class=\"wp-block-group__inner-container\"><figure class=\"wp-block-post-featured-image\"><img loading=\"lazy\" decoding=\"async\" width=\"602\" height=\"451\" src=\"https:\/\/atlaslocator.com\/wp-content\/uploads\/2023\/03\/ganado.jpg\" class=\"attachment-post-thumbnail size-post-thumbnail wp-post-image\" alt=\"\" style=\"object-fit:cover;\" srcset=\"https:\/\/atlaslocator.com\/wp-content\/uploads\/2023\/03\/ganado.jpg 602w, https:\/\/atlaslocator.com\/wp-content\/uploads\/2023\/03\/ganado-300x225.jpg 300w\" sizes=\"(max-width: 602px) 100vw, 602px\" \/><\/figure>\n\n<h2 class=\"has-text-color has-white-color wp-block-post-title\"><a href=\"https:\/\/atlaslocator.com\/es\/geolocalizacion-del-ganado\/\" target=\"_self\">Geolocalizaci\u00f3n del ganado<\/a><\/h2>\n\n<div class=\"wp-block-post-excerpt\"><p class=\"wp-block-post-excerpt__excerpt\">La geolocalizaci\u00f3n GPS del ganado es una tecnolog\u00eda que permite conocer la ubicaci\u00f3n y el estado de los animales en tiempo real mediante dispositivos que se colocan en el collar o la oreja del animal. Esta tecnolog\u00eda tiene varias ventajas para los ganaderos, como: &#8211; Evitar robos, p\u00e9rdidas o ataques de depredadores, al poder localizar <\/p><\/div>\n\n<div class=\"wp-block-post-date\"><time datetime=\"2023-03-17T19:58:44+01:00\">17 de marzo de 2023<\/time><\/div><\/div><\/div>\n\n<\/li><li class=\"wp-block-post post-9473 post type-post status-publish format-standard has-post-thumbnail hentry category-blog_es category-general_es\">\n\n<div class=\"wp-block-group is-layout-flow wp-block-group-is-layout-flow\" style=\"padding-top:30px;padding-right:30px;padding-bottom:30px;padding-left:30px\"><div class=\"wp-block-group__inner-container\"><figure class=\"wp-block-post-featured-image\"><img loading=\"lazy\" decoding=\"async\" width=\"2710\" height=\"1316\" src=\"https:\/\/atlaslocator.com\/wp-content\/uploads\/2022\/12\/HEL1.png\" class=\"attachment-post-thumbnail size-post-thumbnail wp-post-image\" alt=\"\" style=\"object-fit:cover;\" srcset=\"https:\/\/atlaslocator.com\/wp-content\/uploads\/2022\/12\/HEL1.png 2710w, https:\/\/atlaslocator.com\/wp-content\/uploads\/2022\/12\/HEL1-300x146.png 300w, https:\/\/atlaslocator.com\/wp-content\/uploads\/2022\/12\/HEL1-1024x497.png 1024w, https:\/\/atlaslocator.com\/wp-content\/uploads\/2022\/12\/HEL1-768x373.png 768w, https:\/\/atlaslocator.com\/wp-content\/uploads\/2022\/12\/HEL1-1536x746.png 1536w, https:\/\/atlaslocator.com\/wp-content\/uploads\/2022\/12\/HEL1-2048x995.png 2048w\" sizes=\"(max-width: 2710px) 100vw, 2710px\" \/><\/figure>\n\n<h2 class=\"has-text-color has-white-color wp-block-post-title\"><a href=\"https:\/\/atlaslocator.com\/es\/ver-mas-informacion-de-la-integracion-de-conexion-helium\/\" target=\"_self\">Ver m\u00e1s informaci\u00f3n de la integraci\u00f3n de conexi\u00f3n HELIUM<\/a><\/h2>\n\n<div class=\"wp-block-post-excerpt\"><p class=\"wp-block-post-excerpt__excerpt\">Nuestra plataforma AtlasLocator se conecta con la red Lora Helium a trav\u00e9s del protocolo HTTP. Gracias a esta integraci\u00f3n podr\u00e1s explotar todos los datos de tu dispositivo de la red Helium en la web AtlasLocator. Debes tener ya tus dispositivos a\u00f1adidos y funcionando en la plataforma. Para la integraci\u00f3n de tu dispositivo Helium con nuestra <\/p><\/div>\n\n<div class=\"wp-block-post-date\"><time datetime=\"2022-12-16T00:08:54+01:00\">16 de diciembre de 2022<\/time><\/div><\/div><\/div>\n\n<\/li><\/ul><\/div>\n<\/div>\n<\/div>\n<\/div>\n\n\n\n<p><\/p>\n\n\n\n<div style=\"height:100px\" aria-hidden=\"true\" class=\"wp-block-spacer\"><\/div>\n\n\n\n<p><\/p>\n\n\n\n<div style=\"height:100px\" aria-hidden=\"true\" class=\"wp-block-spacer\"><\/div>\n\n\n\n<p class=\"has-x-large-font-size\"><p class=\"has-text-align-center has-white-color has-text-color has-x-large-font-size\" style=\"font-style:normal;font-weight:500\"><strong>Newsletter<\/strong><\/p><\/p>\n\n\n\n<p>Puedes suscribirte a la newsletter de AtlasLocator para estar informado de todas las novedades mediante el siguiente formulario. Escribe tu direcci\u00f3n de correo electr\u00f3nico:<\/p>\n\n\n\n<div class=\"wp-block-contact-form-7-contact-form-selector\">\n<div class=\"wpcf7 no-js\" id=\"wpcf7-f12627-o1\" lang=\"es-ES\" dir=\"ltr\">\n<div class=\"screen-reader-response\"><p role=\"status\" aria-live=\"polite\" aria-atomic=\"true\"><\/p> <ul><\/ul><\/div>\n<form action=\"\/es\/wp-json\/wp\/v2\/pages\/5037#wpcf7-f12627-o1\" method=\"post\" class=\"wpcf7-form init\" aria-label=\"Formulario de contacto\" novalidate=\"novalidate\" data-status=\"init\">\n<div style=\"display: none;\">\n<input type=\"hidden\" name=\"_wpcf7\" value=\"12627\" \/>\n<input type=\"hidden\" name=\"_wpcf7_version\" value=\"5.8.6\" \/>\n<input type=\"hidden\" name=\"_wpcf7_locale\" value=\"es_ES\" \/>\n<input type=\"hidden\" name=\"_wpcf7_unit_tag\" value=\"wpcf7-f12627-o1\" \/>\n<input type=\"hidden\" name=\"_wpcf7_container_post\" value=\"0\" \/>\n<input type=\"hidden\" name=\"_wpcf7_posted_data_hash\" value=\"\" \/>\n<input type=\"hidden\" name=\"_wpcf7_recaptcha_response\" value=\"\" \/>\n<\/div>\n<p><span class=\"wpcf7-form-control-wrap\" data-name=\"your-email\"><input size=\"40\" class=\"wpcf7-form-control wpcf7-email wpcf7-validates-as-required wpcf7-text wpcf7-validates-as-email\" aria-required=\"true\" aria-invalid=\"false\" value=\"\" type=\"email\" name=\"your-email\" \/><\/span><input class=\"wpcf7-form-control wpcf7-submit has-spinner\" type=\"submit\" value=\"OK\" \/>\n<\/p><div class=\"wpcf7-response-output\" aria-hidden=\"true\"><\/div>\n<\/form>\n<\/div>\n<\/div>\n","protected":false},"excerpt":{"rendered":"<p>Newsletter Puedes suscribirte a la newsletter de AtlasLocator para estar informado de todas las novedades mediante el siguiente formulario. Escribe tu direcci\u00f3n de correo electr\u00f3nico:<\/p>\n","protected":false},"author":1,"featured_media":0,"parent":0,"menu_order":0,"comment_status":"closed","ping_status":"closed","template":"","meta":{"footnotes":""},"_links":{"self":[{"href":"https:\/\/atlaslocator.com\/es\/wp-json\/wp\/v2\/pages\/5037"}],"collection":[{"href":"https:\/\/atlaslocator.com\/es\/wp-json\/wp\/v2\/pages"}],"about":[{"href":"https:\/\/atlaslocator.com\/es\/wp-json\/wp\/v2\/types\/page"}],"author":[{"embeddable":true,"href":"https:\/\/atlaslocator.com\/es\/wp-json\/wp\/v2\/users\/1"}],"replies":[{"embeddable":true,"href":"https:\/\/atlaslocator.com\/es\/wp-json\/wp\/v2\/comments?post=5037"}],"version-history":[{"count":19,"href":"https:\/\/atlaslocator.com\/es\/wp-json\/wp\/v2\/pages\/5037\/revisions"}],"predecessor-version":[{"id":12681,"href":"https:\/\/atlaslocator.com\/es\/wp-json\/wp\/v2\/pages\/5037\/revisions\/12681"}],"wp:attachment":[{"href":"https:\/\/atlaslocator.com\/es\/wp-json\/wp\/v2\/media?parent=5037"}],"curies":[{"name":"wp","href":"https:\/\/api.w.org\/{rel}","templated":true}]}}