{"id":6445,"date":"2022-10-03T21:27:05","date_gmt":"2022-10-03T21:27:05","guid":{"rendered":"https:\/\/www.atlaslocator.com\/?page_id=6445"},"modified":"2022-10-12T23:38:34","modified_gmt":"2022-10-12T23:38:34","slug":"agricultura","status":"publish","type":"page","link":"https:\/\/atlaslocator.com\/es\/agricultura\/","title":{"rendered":"Agricultura"},"content":{"rendered":"\n<p class=\"has-white-color has-text-color\"><br>En <strong>AtlasLocator <\/strong>podr\u00e1s medir temperatura, humedad, u otros datos \u00fatiles, de tus plantaciones, obteniendo gr\u00e1ficas detalladas, y alarmas que te avisar\u00e1n de posibles enfermedades en tus plantas.<\/p>\n\n\n\n<p class=\"has-white-color has-text-color\">Podr\u00e1s modificar dichas alarmas seg\u00fan tus necesidades, y tener tus plantaciones controladas en todo momento, manteniendo a raya a las enfermedades y maximizando su producci\u00f3n.<br><br>As\u00ed como gr\u00e1ficas detalladas, de la temperatura, humedad o cualquier dato que te sea \u00fatil, pudiendo ver la variaci\u00f3n de estos datos en el tiempo real, y exportarlos a otros formatos, como excel, pdf o jpg.<\/p>\n\n\n\n<p class=\"has-white-color has-text-color\"><br>Tendr\u00e1s tambi\u00e9n un hist\u00f3rico donde podr\u00e1s ver su evoluci\u00f3n.<\/p>\n\n\n\n<p class=\"has-white-color has-text-color\"><br>Adem\u00e1s podr\u00e1s compartir toda esta informaci\u00f3n con quien tu quieras en tiempo real. <br> <br> <\/p>\n\n\n\n<p><\/p>\n\n\n\n<figure class=\"wp-block-gallery has-nested-images columns-default is-cropped wp-block-gallery-1 is-layout-flex wp-block-gallery-is-layout-flex\">\n<figure class=\"wp-block-image size-large is-style-default\"><img loading=\"lazy\" decoding=\"async\" width=\"1000\" height=\"667\" data-id=\"7529\" src=\"https:\/\/www.atlaslocator.com\/wp-content\/uploads\/2022\/10\/close-up-man-using-tablet-in-field-1.jpg\" alt=\"\" class=\"wp-image-7529\" title=\"soluciones iot en agricultura\" srcset=\"https:\/\/atlaslocator.com\/wp-content\/uploads\/2022\/10\/close-up-man-using-tablet-in-field-1.jpg 1000w, https:\/\/atlaslocator.com\/wp-content\/uploads\/2022\/10\/close-up-man-using-tablet-in-field-1-300x200.jpg 300w, https:\/\/atlaslocator.com\/wp-content\/uploads\/2022\/10\/close-up-man-using-tablet-in-field-1-768x512.jpg 768w\" sizes=\"(max-width: 1000px) 100vw, 1000px\" \/><\/figure>\n<\/figure>\n\n\n\n<p class=\"has-white-color has-text-color\"><strong> <br> Agricultura inteligente<\/strong>, las soluciones de IoT (Internet of Things o Internet de las Cosas) en el sector de la agricultura suponen una gran ayuda para su digitalizaci\u00f3n y mejora de la productividad agr\u00edcola.<\/p>\n\n\n\n<p class=\"has-white-color has-text-color\">La implementaci\u00f3n y desarrollo de tecnolog\u00edas IoT en la agricultura se refiere tanto a los componentes de hardware y software asociados a esta tecnolog\u00eda, como a la im\u00adplementaci\u00f3n y desarrollo de sistemas que ayudan a la digitalizaci\u00f3n y mejora de la productividad agr\u00edcola, mejorando la toma de decisiones en los cultivos.<\/p>\n\n\n\n<p class=\"has-white-color has-text-color\">Actualmente se calcula que hay m\u00e1s de 9.000 millones de dispositivos conectados en el mundo, esto hace que la cantidad de datos y la informaci\u00f3n, que se puede obtener a trav\u00e9s de ellos para aplicarla al sector agrario, sea muy importante. Con estas tecnolog\u00edas el agricultor es capaz de:Analizar variables ambientales (suelo, clima\u2026).<\/p>\n\n\n\n<div class=\"wp-block-group is-layout-flow wp-block-group-is-layout-flow\"><div class=\"wp-block-group__inner-container\">\n<div class=\"wp-block-group is-layout-flow wp-block-group-is-layout-flow\"><div class=\"wp-block-group__inner-container\">\n<ol class=\"has-white-color has-text-color\"><li>Monitorizar el suelo y cultivo, y recoger informaci\u00f3n ambiental.<\/li><li>Estudiar procesos de evoluci\u00f3n de los cultivos.<\/li><li>Crear modelos espec\u00edficos de machine learning.<\/li><li>Implementar sistemas de ayuda a la decisi\u00f3n para la optimizaci\u00f3n de procesos.<\/li><li>Medir los diferentes sensores sociales para componentes que afectan la toma de decisiones: predecir la demanda, programar la recolecci\u00f3n, adaptar la cosecha a los precios\u2026<\/li><\/ol>\n<\/div><\/div>\n\n\n\n<p class=\"has-white-color has-text-color\"><\/p>\n<\/div><\/div>\n\n\n\n<p class=\"has-white-color has-text-color\">La tecnolog\u00eda y en particular el IoT es una gran oportunidad de sacar un mayor rendimiento al cultivo y se traduce inmediatamente en un incremento de la rentabilidad y en un menor desperdicio de los recursos disponibles del planeta. <\/p>\n\n\n\n<p class=\"has-white-color has-text-color\"><strong><br>Piscifactor\u00edas 4.0<\/strong>, la calidad del agua, los patrones de alimentaci\u00f3n y las condiciones clim\u00e1ticas mediante dispositivos m\u00f3viles, sensores y alimentadores autom\u00e1ticos.<\/p>\n\n\n\n<p class=\"has-white-color has-text-color\">Esta informaci\u00f3n, junto con otros datos, se transforma en recomendaciones, como pueden ser estrategias de manejo de la alimentaci\u00f3n o las fechas de cosecha m\u00e1s adecuadas.<\/p>\n\n\n\n<p class=\"has-white-color has-text-color\">Si tu negocio est\u00e1 relacionado con la acuicultura sabr\u00e1s que la gesti\u00f3n pesquera se basa totalmente en la vigilancia de la calidad del agua. Tambi\u00e9n es importante cuidar que los peces no enfermen y, si es as\u00ed, que se controlen los padecimientos a tiempo.<\/p>\n\n\n\n<p class=\"has-white-color has-text-color\">Toda esta informaci\u00f3n monitoreada representa gastos y tiempo a invertir, por lo que el IoT ayuda a tener un control constante de los ecosistemas marinos con poco personal y con mayor precisi\u00f3n al instalar sensores y usar <strong>AtlasLocator<\/strong>.<\/p>\n","protected":false},"excerpt":{"rendered":"<p>En AtlasLocator podr\u00e1s medir temperatura, humedad, u otros datos \u00fatiles, de tus plantaciones, obteniendo gr\u00e1ficas detalladas, y alarmas que te avisar\u00e1n de posibles enfermedades en tus plantas. Podr\u00e1s modificar dichas alarmas seg\u00fan tus necesidades, y tener tus plantaciones controladas en todo momento, manteniendo a raya a las enfermedades y maximizando su producci\u00f3n. As\u00ed como gr\u00e1ficas<\/p>\n","protected":false},"author":1,"featured_media":0,"parent":0,"menu_order":0,"comment_status":"closed","ping_status":"closed","template":"","meta":{"footnotes":""},"_links":{"self":[{"href":"https:\/\/atlaslocator.com\/es\/wp-json\/wp\/v2\/pages\/6445"}],"collection":[{"href":"https:\/\/atlaslocator.com\/es\/wp-json\/wp\/v2\/pages"}],"about":[{"href":"https:\/\/atlaslocator.com\/es\/wp-json\/wp\/v2\/types\/page"}],"author":[{"embeddable":true,"href":"https:\/\/atlaslocator.com\/es\/wp-json\/wp\/v2\/users\/1"}],"replies":[{"embeddable":true,"href":"https:\/\/atlaslocator.com\/es\/wp-json\/wp\/v2\/comments?post=6445"}],"version-history":[{"count":59,"href":"https:\/\/atlaslocator.com\/es\/wp-json\/wp\/v2\/pages\/6445\/revisions"}],"predecessor-version":[{"id":7835,"href":"https:\/\/atlaslocator.com\/es\/wp-json\/wp\/v2\/pages\/6445\/revisions\/7835"}],"wp:attachment":[{"href":"https:\/\/atlaslocator.com\/es\/wp-json\/wp\/v2\/media?parent=6445"}],"curies":[{"name":"wp","href":"https:\/\/api.w.org\/{rel}","templated":true}]}}