{"id":6447,"date":"2022-10-03T21:27:56","date_gmt":"2022-10-03T21:27:56","guid":{"rendered":"https:\/\/www.atlaslocator.com\/?page_id=6447"},"modified":"2022-10-11T23:42:44","modified_gmt":"2022-10-11T23:42:44","slug":"infraestructuras-e-industria","status":"publish","type":"page","link":"https:\/\/atlaslocator.com\/es\/infraestructuras-e-industria\/","title":{"rendered":"Industria Y Estructuras"},"content":{"rendered":"\n<p class=\"has-white-color has-text-color\">En <strong>AtlasLocator<\/strong> podr\u00e1s ver su estado, recibir alarmas, ver gr\u00e1ficos de los datos que obtengas, exportar dichos datos a otros formatos, como excel, pdf o jpg, y compartir dichos datos en tiempo real con quien tu quieras.<\/p>\n\n\n\n<p class=\"has-white-color has-text-color\">Adem\u00e1s podr\u00e1s modificar las alarmas adapt\u00e1ndolas a tus necesidades, para tener las infraestructuras (carreteras, puentes&#8230;), controladas en todo momento, anticip\u00e1ndote as\u00ed posibles aver\u00edas.<br><br><\/p>\n\n\n\n<figure class=\"wp-block-gallery has-nested-images columns-default is-cropped wp-block-gallery-1 is-layout-flex wp-block-gallery-is-layout-flex\">\n<figure class=\"wp-block-image size-large\"><img loading=\"lazy\" decoding=\"async\" width=\"1000\" height=\"667\" data-id=\"7594\" src=\"https:\/\/www.atlaslocator.com\/wp-content\/uploads\/2022\/10\/asian-female-engineer-specialist-with-measuring-machine-with-manipulator-armthreedimensional-coordinate-measurement-check-sizes-3d-check-of-the-sizes-of-parts-cmm-after-machining-process.jpg\" alt=\"\" class=\"wp-image-7594\" srcset=\"https:\/\/atlaslocator.com\/wp-content\/uploads\/2022\/10\/asian-female-engineer-specialist-with-measuring-machine-with-manipulator-armthreedimensional-coordinate-measurement-check-sizes-3d-check-of-the-sizes-of-parts-cmm-after-machining-process.jpg 1000w, https:\/\/atlaslocator.com\/wp-content\/uploads\/2022\/10\/asian-female-engineer-specialist-with-measuring-machine-with-manipulator-armthreedimensional-coordinate-measurement-check-sizes-3d-check-of-the-sizes-of-parts-cmm-after-machining-process-300x200.jpg 300w, https:\/\/atlaslocator.com\/wp-content\/uploads\/2022\/10\/asian-female-engineer-specialist-with-measuring-machine-with-manipulator-armthreedimensional-coordinate-measurement-check-sizes-3d-check-of-the-sizes-of-parts-cmm-after-machining-process-768x512.jpg 768w\" sizes=\"(max-width: 1000px) 100vw, 1000px\" \/><\/figure>\n<\/figure>\n\n\n\n<p class=\"has-white-color has-text-color\"><strong> <br> El Internet Industrial de las Cosas (IIoT)<\/strong>, es el conjunto de sensores, instrumentos y dispositivos aut\u00f3nomos conectados a trav\u00e9s de Internet a aplicaciones industriales y estructurales. Esta red permite recopilar datos, realizar an\u00e1lisis y optimizar la producci\u00f3n, aumentando la eficiencia y reduciendo los costes del proceso de fabricaci\u00f3n y prestaci\u00f3n de servicios, como puede ser:<\/p>\n\n\n\n<p class=\"has-white-color has-text-color\">Dotar de inteligencia a la f\u00e1brica: Una de las principales aplicaciones del IoT es la posibilidad de obtener informaci\u00f3n de estos dispositivos hiperconectados, lo que ayuda a comunicar a los puestos de responsabilidad o de decisi\u00f3n estrat\u00e9gica el estado de los procesos. Tambi\u00e9n permite administrar en remoto los activos de la planta.<\/p>\n\n\n\n<p class=\"has-white-color has-text-color\"><br>Mejorar la eficiencia de los procesos: con el IoT, la maquinaria puede automatizarse m\u00e1s f\u00e1cilmente, traduci\u00e9ndose en una optimizaci\u00f3n de la eficiencia en todos los procesos que se beneficien de esta hiperconectividad. La maquinaria puede conectarse a trav\u00e9s de un software para llevar a cabo una monitorizaci\u00f3n constante con el fin de parametrizar el funcionamiento de toda la cadena de producci\u00f3n.<br>Optimizar el control de existencias: las herramientas IoT permiten conocer, en tiempo real, en qu\u00e9 estado est\u00e1n los pedidos realizados a la maquinaria, ya sean de materiales o de acciones como tal. Adem\u00e1s, los t\u00e9cnicos reciben informaci\u00f3n constante para saber si la cadena de suministro se ha visto afectada o si alg\u00fan pedido pendiente no est\u00e1 llegando y cu\u00e1l es la raz\u00f3n de esto.<\/p>\n\n\n\n<p class=\"has-white-color has-text-color\"><br>Garantizar un mantenimiento predictivo: gracias al mantenimiento predictivo posibilitado por los dispositivos IoT asociados a la maquinaria, la compa\u00f1\u00eda puede estar siempre en posesi\u00f3n de toda la informaci\u00f3n necesaria para evitar que tengan lugar errores de cualquier tipo. Adem\u00e1s, esta ventaja competitiva tambi\u00e9n puede utilizarse para averiguar cu\u00e1l es el coste de un proyecto antes siquiera de ponerlo en marcha.<\/p>\n\n\n\n<p class=\"has-white-color has-text-color\"><br>Mejorar la seguridad en la planta: en el caso de que surja cualquier tipo de falla que pueda poner en riesgo a los operarios de una planta, los sistemas IoT pueden detectar y activar una alarma para advertir de ello. Adem\u00e1s, la sensorizaci\u00f3n de una f\u00e1brica tambi\u00e9n permite obtener informaci\u00f3n de las potenciales fallas para tomar medidas y que no vuelvan a suceder, teniendo esto una gran relaci\u00f3n con el mantenimiento predictivo. Algunas empresas equipan a sus empleados con wearables que avisan a los usuarios cuando dejan de trabajar en condiciones o entornos seguros.<\/p>\n\n\n\n<p class=\"has-white-color has-text-color\"><br>Reducir costes: otra de las principales aplicaciones del IoT en la industria es la reducci\u00f3n de costes asociada a trabajar con una base de datos enriquecida, con una informaci\u00f3n valiosa que permita tomar decisiones \u00f3ptimas con resultados productivos en operaciones, producci\u00f3n, ventas e incluso en marketing. Todas las funciones mencionadas anteriormente se suman y hacen que los costes caigan de forma considerable.<\/p>\n\n\n\n<p><\/p>\n\n\n\n<p class=\"has-white-color has-text-color\"><\/p>\n","protected":false},"excerpt":{"rendered":"<p>En AtlasLocator podr\u00e1s ver su estado, recibir alarmas, ver gr\u00e1ficos de los datos que obtengas, exportar dichos datos a otros formatos, como excel, pdf o jpg, y compartir dichos datos en tiempo real con quien tu quieras. Adem\u00e1s podr\u00e1s modificar las alarmas adapt\u00e1ndolas a tus necesidades, para tener las infraestructuras (carreteras, puentes&#8230;), controladas en todo<\/p>\n","protected":false},"author":1,"featured_media":0,"parent":0,"menu_order":0,"comment_status":"closed","ping_status":"closed","template":"","meta":{"footnotes":""},"_links":{"self":[{"href":"https:\/\/atlaslocator.com\/es\/wp-json\/wp\/v2\/pages\/6447"}],"collection":[{"href":"https:\/\/atlaslocator.com\/es\/wp-json\/wp\/v2\/pages"}],"about":[{"href":"https:\/\/atlaslocator.com\/es\/wp-json\/wp\/v2\/types\/page"}],"author":[{"embeddable":true,"href":"https:\/\/atlaslocator.com\/es\/wp-json\/wp\/v2\/users\/1"}],"replies":[{"embeddable":true,"href":"https:\/\/atlaslocator.com\/es\/wp-json\/wp\/v2\/comments?post=6447"}],"version-history":[{"count":21,"href":"https:\/\/atlaslocator.com\/es\/wp-json\/wp\/v2\/pages\/6447\/revisions"}],"predecessor-version":[{"id":7788,"href":"https:\/\/atlaslocator.com\/es\/wp-json\/wp\/v2\/pages\/6447\/revisions\/7788"}],"wp:attachment":[{"href":"https:\/\/atlaslocator.com\/es\/wp-json\/wp\/v2\/media?parent=6447"}],"curies":[{"name":"wp","href":"https:\/\/api.w.org\/{rel}","templated":true}]}}