{"id":6449,"date":"2022-10-03T21:28:34","date_gmt":"2022-10-03T21:28:34","guid":{"rendered":"https:\/\/www.atlaslocator.com\/?page_id=6449"},"modified":"2022-10-11T23:56:54","modified_gmt":"2022-10-11T23:56:54","slug":"transporte-de-mercancias","status":"publish","type":"page","link":"https:\/\/atlaslocator.com\/es\/transporte-de-mercancias\/","title":{"rendered":"Transporte de Mercanc\u00edas"},"content":{"rendered":"\n<p class=\"has-white-color has-text-color\"><strong>AtlasLocator <\/strong>te permitir\u00e1 geolocalizar en nuestro mapa en tiempo real tus contendores de mercanc\u00edas, o tu flota de veh\u00edculos (coches, barcos&#8230;). As\u00ed como saber, la temperatura, humedad, o cualquier otro dato que necesites, de su interior, asegur\u00e1ndote de que los productos est\u00e1n en buen estado en todo momento.<\/p>\n\n\n\n<p class=\"has-white-color has-text-color\">Podr\u00e1s configurar alarmas que te avisen, en caso de que la temperatura, la humedad, u otro dato var\u00ede, o supere un valor indicado por ti, para que puedas evitar que se da\u00f1en tus productos.<\/p>\n\n\n\n<p class=\"has-white-color has-text-color\">Podr\u00e1s compartir esta informaci\u00f3n con quien tu quieras. <br> <br> <\/p>\n\n\n\n<p class=\"has-white-color has-text-color\"> <\/p>\n\n\n\n<figure class=\"wp-block-image size-large\"><img loading=\"lazy\" decoding=\"async\" width=\"1024\" height=\"682\" src=\"https:\/\/www.atlaslocator.com\/wp-content\/uploads\/2022\/07\/aerial-view-of-container-cargo-ship-in-sea-1024x682.jpg\" alt=\"IOT Barcos\" class=\"wp-image-3463\" srcset=\"https:\/\/atlaslocator.com\/wp-content\/uploads\/2022\/07\/aerial-view-of-container-cargo-ship-in-sea-1024x682.jpg 1024w, https:\/\/atlaslocator.com\/wp-content\/uploads\/2022\/07\/aerial-view-of-container-cargo-ship-in-sea-300x200.jpg 300w, https:\/\/atlaslocator.com\/wp-content\/uploads\/2022\/07\/aerial-view-of-container-cargo-ship-in-sea-768x511.jpg 768w, https:\/\/atlaslocator.com\/wp-content\/uploads\/2022\/07\/aerial-view-of-container-cargo-ship-in-sea-1536x1023.jpg 1536w, https:\/\/atlaslocator.com\/wp-content\/uploads\/2022\/07\/aerial-view-of-container-cargo-ship-in-sea-624x416.jpg 624w, https:\/\/atlaslocator.com\/wp-content\/uploads\/2022\/07\/aerial-view-of-container-cargo-ship-in-sea-600x400.jpg 600w, https:\/\/atlaslocator.com\/wp-content\/uploads\/2022\/07\/aerial-view-of-container-cargo-ship-in-sea.jpg 2000w\" sizes=\"(max-width: 1024px) 100vw, 1024px\" \/><\/figure>\n\n\n\n<p><\/p>\n\n\n\n<p class=\"has-white-color has-text-color\"><strong> <br> Log\u00edstica conectada<\/strong>, el negocio de las empresas de transporte se basa en mover mercanc\u00edas desde un proveedor o almac\u00e9n a un cliente final. Dentro de este negocio tenemos que tener en cuenta todos los factores que hacen que esto sea posible: los almacenes, la red de transporte (carreteras, railes, mar y aire) y los veh\u00edculos utilizados para el transporte (camiones, trenes, aviones, buques).<\/p>\n\n\n\n<p class=\"has-white-color has-text-color\">Todos estos componentes son dispositivos que pueden llegar a estar comunicados por medio del IoT.<\/p>\n\n\n\n<p class=\"has-white-color has-text-color\">Una empresa de transporte con toda su flota conectada, tiene a su favor una poderosa herramienta competitiva.<\/p>\n\n\n\n<p class=\"has-white-color has-text-color\">El IoT permite a la central de la empresa conocer la ubicaci\u00f3n exacta de cada uno de los veh\u00edculos que componen una flota, determinando sin margen de error cu\u00e1l es el que est\u00e1 mejor posicionado para un servicio. Adem\u00e1s, tambi\u00e9n permite elegir el mejor trayecto seg\u00fan el estado del tr\u00e1fico y la distancia a recorrer.<\/p>\n\n\n\n<p class=\"has-white-color has-text-color\">Si los veh\u00edculos constan de sensores, se puede controlar a qu\u00e9 temperatura viaja la mercanc\u00eda, as\u00ed como alertar ante posibles roturas o golpes. De esta manera, si hay alguna incidencia en el destino, se puede tratar de forma inmediata.<\/p>\n\n\n\n<p class=\"has-white-color has-text-color\">Disponer de la informaci\u00f3n en tiempo real permite poner remedio en el momento en que se produce la incidencia, evitando la p\u00e9rdida de tiempo y optimizando la experiencia del cliente. <\/p>\n\n\n\n<p class=\"has-white-color has-text-color\"><strong><br><\/strong><\/p>\n","protected":false},"excerpt":{"rendered":"<p>AtlasLocator te permitir\u00e1 geolocalizar en nuestro mapa en tiempo real tus contendores de mercanc\u00edas, o tu flota de veh\u00edculos (coches, barcos&#8230;). As\u00ed como saber, la temperatura, humedad, o cualquier otro dato que necesites, de su interior, asegur\u00e1ndote de que los productos est\u00e1n en buen estado en todo momento. Podr\u00e1s configurar alarmas que te avisen, en<\/p>\n","protected":false},"author":1,"featured_media":0,"parent":0,"menu_order":0,"comment_status":"closed","ping_status":"closed","template":"","meta":{"footnotes":""},"_links":{"self":[{"href":"https:\/\/atlaslocator.com\/es\/wp-json\/wp\/v2\/pages\/6449"}],"collection":[{"href":"https:\/\/atlaslocator.com\/es\/wp-json\/wp\/v2\/pages"}],"about":[{"href":"https:\/\/atlaslocator.com\/es\/wp-json\/wp\/v2\/types\/page"}],"author":[{"embeddable":true,"href":"https:\/\/atlaslocator.com\/es\/wp-json\/wp\/v2\/users\/1"}],"replies":[{"embeddable":true,"href":"https:\/\/atlaslocator.com\/es\/wp-json\/wp\/v2\/comments?post=6449"}],"version-history":[{"count":21,"href":"https:\/\/atlaslocator.com\/es\/wp-json\/wp\/v2\/pages\/6449\/revisions"}],"predecessor-version":[{"id":7806,"href":"https:\/\/atlaslocator.com\/es\/wp-json\/wp\/v2\/pages\/6449\/revisions\/7806"}],"wp:attachment":[{"href":"https:\/\/atlaslocator.com\/es\/wp-json\/wp\/v2\/media?parent=6449"}],"curies":[{"name":"wp","href":"https:\/\/api.w.org\/{rel}","templated":true}]}}