{"id":6451,"date":"2022-10-03T21:29:10","date_gmt":"2022-10-03T21:29:10","guid":{"rendered":"https:\/\/www.atlaslocator.com\/?page_id=6451"},"modified":"2022-10-03T22:35:52","modified_gmt":"2022-10-03T22:35:52","slug":"seguimiento-de-personas","status":"publish","type":"page","link":"https:\/\/atlaslocator.com\/es\/seguimiento-de-personas\/","title":{"rendered":"Seguimiento de Personas"},"content":{"rendered":"\n<p class=\"has-white-color has-text-color\">En <strong>AtlasLocator <\/strong>podr\u00e1s geolocalizar en tiempo real en nuestro mapa a las personas que m\u00e1s quieres, para que, en caso de que sea necesario, siempre sepas donde est\u00e1n.<\/p>\n\n\n\n<p class=\"has-white-color has-text-color\">Podr\u00e1s configurar alarmas para que te avisen en caso de que se alejen de una zona previamente definida por ti.<\/p>\n\n\n\n<p class=\"has-white-color has-text-color\">Tambi\u00e9n podr\u00e1s configurar alarmas que te avisen en caso de que se acerquen a zonas peligrosas, como v\u00edas del tren o carreteras. <\/p>\n\n\n\n<p class=\"has-white-color has-text-color\">Podr\u00e1s compartirlo con quien tu quieras.<\/p>\n","protected":false},"excerpt":{"rendered":"<p>En AtlasLocator podr\u00e1s geolocalizar en tiempo real en nuestro mapa a las personas que m\u00e1s quieres, para que, en caso de que sea necesario, siempre sepas donde est\u00e1n. Podr\u00e1s configurar alarmas para que te avisen en caso de que se alejen de una zona previamente definida por ti. Tambi\u00e9n podr\u00e1s configurar alarmas que te avisen<\/p>\n","protected":false},"author":1,"featured_media":0,"parent":0,"menu_order":0,"comment_status":"closed","ping_status":"closed","template":"","meta":{"footnotes":""},"_links":{"self":[{"href":"https:\/\/atlaslocator.com\/es\/wp-json\/wp\/v2\/pages\/6451"}],"collection":[{"href":"https:\/\/atlaslocator.com\/es\/wp-json\/wp\/v2\/pages"}],"about":[{"href":"https:\/\/atlaslocator.com\/es\/wp-json\/wp\/v2\/types\/page"}],"author":[{"embeddable":true,"href":"https:\/\/atlaslocator.com\/es\/wp-json\/wp\/v2\/users\/1"}],"replies":[{"embeddable":true,"href":"https:\/\/atlaslocator.com\/es\/wp-json\/wp\/v2\/comments?post=6451"}],"version-history":[{"count":4,"href":"https:\/\/atlaslocator.com\/es\/wp-json\/wp\/v2\/pages\/6451\/revisions"}],"predecessor-version":[{"id":6498,"href":"https:\/\/atlaslocator.com\/es\/wp-json\/wp\/v2\/pages\/6451\/revisions\/6498"}],"wp:attachment":[{"href":"https:\/\/atlaslocator.com\/es\/wp-json\/wp\/v2\/media?parent=6451"}],"curies":[{"name":"wp","href":"https:\/\/api.w.org\/{rel}","templated":true}]}}