{"id":6453,"date":"2022-10-03T21:29:42","date_gmt":"2022-10-03T21:29:42","guid":{"rendered":"https:\/\/www.atlaslocator.com\/?page_id=6453"},"modified":"2022-10-11T23:47:15","modified_gmt":"2022-10-11T23:47:15","slug":"monitorizacion-de-animales","status":"publish","type":"page","link":"https:\/\/atlaslocator.com\/es\/monitorizacion-de-animales\/","title":{"rendered":"Monitorizaci\u00f3n de Animales"},"content":{"rendered":"\n<p class=\"has-white-color has-text-color\">En <strong>AtlasLocator <\/strong>tambi\u00e9n podr\u00e1s geolocalizar en nuestro mapa y en tiempo real a tus mascotas (perros, gatos, hurones\u2026), o incluso a animales salvajes.<\/p>\n\n\n\n<p class=\"has-white-color has-text-color\">Podr\u00e1s ver por donde se han movido en el hist\u00f3rico de posiciones, y donde se encuentran en tiempo real.<\/p>\n\n\n\n<p class=\"has-white-color has-text-color\">Podr\u00e1s configurar alarmas que te avisen cuando salgan de una zona previamente definida por ti.<\/p>\n\n\n\n<p class=\"has-white-color has-text-color\">Tambi\u00e9n podr\u00e1s configurar alarmas que te avisen cuando se aproximen a zonas peligrosas.<\/p>\n\n\n\n<p class=\"has-white-color has-text-color\">Todo esto, podr\u00e1s compartirlo con quien tu quieras.<br><br><\/p>\n\n\n\n<figure class=\"wp-block-image size-full\"><img loading=\"lazy\" decoding=\"async\" width=\"1000\" height=\"667\" src=\"https:\/\/www.atlaslocator.com\/wp-content\/uploads\/2022\/10\/few-cows-at-meadow.jpg\" alt=\"\" class=\"wp-image-7570\" srcset=\"https:\/\/atlaslocator.com\/wp-content\/uploads\/2022\/10\/few-cows-at-meadow.jpg 1000w, https:\/\/atlaslocator.com\/wp-content\/uploads\/2022\/10\/few-cows-at-meadow-300x200.jpg 300w, https:\/\/atlaslocator.com\/wp-content\/uploads\/2022\/10\/few-cows-at-meadow-768x512.jpg 768w\" sizes=\"(max-width: 1000px) 100vw, 1000px\" \/><\/figure>\n\n\n\n<p class=\"has-white-color has-text-color\"><strong> <br> Ganado conectado<\/strong>, la principal ventaja que tiene la aplicaci\u00f3n del IoT en la ganader\u00eda es la mejora en el control y gesti\u00f3n de los animales y su producci\u00f3n.<\/p>\n\n\n\n<p class=\"has-white-color has-text-color\">Los dispositivos de Internet de las Cosas pueden ayudar a controlar la salud de los animales, monitorizando sus constantes vitales, los kil\u00f3metros que recorren, un parto inminente o incluso el momento id\u00f3neo para su apareamiento. As\u00ed, un sensor que no registra movimiento alguno durante largo tiempo puede indicar que el animal est\u00e1 enfermo o ha sufrido un accidente.<\/p>\n\n\n\n<p class=\"has-white-color has-text-color\">En las granjas av\u00edcolas, por ejemplo podemos controlar las condiciones ambientales (temperatura, humedad, ruido, concentraci\u00f3n de gases, etc.) de los recintos en los que se cr\u00edan las aves y el nivel del agua o la cantidad de comida de la que disponen, automatizando las labores de reposici\u00f3n.<\/p>\n\n\n\n<p class=\"has-white-color has-text-color\">El transporte tambi\u00e9n es una tarea que representa un gran riesgo para el bienestar de los animales, debiendo poner especial atenci\u00f3n a variables tales como la temperatura o las condiciones meteorol\u00f3gicas. Son condicionantes que, al igual que los recintos de cr\u00eda, pueden monitorizarse a trav\u00e9s de dispositivos IoT.<\/p>\n\n\n\n<p class=\"has-white-color has-text-color\">Otro uso del IoT en la ganader\u00eda es la geolocalizaci\u00f3n del ganado en tiempo real a trav\u00e9s de sensores GPS instalados en collares u otros dispositivos. Es un aprovechamiento muy \u00fatil dentro de la ganader\u00eda extensiva desarrollada en grandes superficies de terreno en las que los animales se mueven con libertad.<\/p>\n\n\n\n<p class=\"has-white-color has-text-color\"><br><\/p>\n","protected":false},"excerpt":{"rendered":"<p>En AtlasLocator tambi\u00e9n podr\u00e1s geolocalizar en nuestro mapa y en tiempo real a tus mascotas (perros, gatos, hurones\u2026), o incluso a animales salvajes. Podr\u00e1s ver por donde se han movido en el hist\u00f3rico de posiciones, y donde se encuentran en tiempo real. Podr\u00e1s configurar alarmas que te avisen cuando salgan de una zona previamente definida<\/p>\n","protected":false},"author":1,"featured_media":0,"parent":0,"menu_order":0,"comment_status":"closed","ping_status":"closed","template":"","meta":{"footnotes":""},"_links":{"self":[{"href":"https:\/\/atlaslocator.com\/es\/wp-json\/wp\/v2\/pages\/6453"}],"collection":[{"href":"https:\/\/atlaslocator.com\/es\/wp-json\/wp\/v2\/pages"}],"about":[{"href":"https:\/\/atlaslocator.com\/es\/wp-json\/wp\/v2\/types\/page"}],"author":[{"embeddable":true,"href":"https:\/\/atlaslocator.com\/es\/wp-json\/wp\/v2\/users\/1"}],"replies":[{"embeddable":true,"href":"https:\/\/atlaslocator.com\/es\/wp-json\/wp\/v2\/comments?post=6453"}],"version-history":[{"count":21,"href":"https:\/\/atlaslocator.com\/es\/wp-json\/wp\/v2\/pages\/6453\/revisions"}],"predecessor-version":[{"id":7791,"href":"https:\/\/atlaslocator.com\/es\/wp-json\/wp\/v2\/pages\/6453\/revisions\/7791"}],"wp:attachment":[{"href":"https:\/\/atlaslocator.com\/es\/wp-json\/wp\/v2\/media?parent=6453"}],"curies":[{"name":"wp","href":"https:\/\/api.w.org\/{rel}","templated":true}]}}