{"id":6506,"date":"2022-10-04T18:25:46","date_gmt":"2022-10-04T18:25:46","guid":{"rendered":"https:\/\/www.atlaslocator.com\/?page_id=6506"},"modified":"2022-10-11T23:52:07","modified_gmt":"2022-10-11T23:52:07","slug":"smart-cities","status":"publish","type":"page","link":"https:\/\/atlaslocator.com\/es\/smart-cities\/","title":{"rendered":"Smart Cities"},"content":{"rendered":"\n<p class=\"has-white-color has-text-color\">Con <strong>AtlasLocator <\/strong>podr\u00e1s ver todos tus dispositivos en nuestro mapa, exportar los datos a otros formatos, ver gr\u00e1ficos de sus valores, que te ayuden a la toma de decisiones, y compartirlos con quien tu quieras.<br> <br> <\/p>\n\n\n\n<figure class=\"wp-block-gallery has-nested-images columns-default is-cropped wp-block-gallery-1 is-layout-flex wp-block-gallery-is-layout-flex\">\n<figure class=\"wp-block-image size-large\"><img loading=\"lazy\" decoding=\"async\" width=\"1000\" height=\"578\" data-id=\"7664\" src=\"https:\/\/www.atlaslocator.com\/wp-content\/uploads\/2022\/10\/skyscrapers-at-sunset.jpg\" alt=\"\" class=\"wp-image-7664\" srcset=\"https:\/\/atlaslocator.com\/wp-content\/uploads\/2022\/10\/skyscrapers-at-sunset.jpg 1000w, https:\/\/atlaslocator.com\/wp-content\/uploads\/2022\/10\/skyscrapers-at-sunset-300x173.jpg 300w, https:\/\/atlaslocator.com\/wp-content\/uploads\/2022\/10\/skyscrapers-at-sunset-768x444.jpg 768w\" sizes=\"(max-width: 1000px) 100vw, 1000px\" \/><\/figure>\n<\/figure>\n\n\n\n<p class=\"has-white-color has-text-color\"><strong> <br> IoT en la Smart City<\/strong>, una ciudad inteligente donde todos los elementos est\u00e9n conectados en tiempo real mediante Internet, podr\u00e1n apreciarse las siguientes mejoras: Aumento de la sostenibilidad ambiental: consecuencia de una mejor gesti\u00f3n de los recursos materiales e inmateriales de la ciudad.<\/p>\n\n\n\n<p class=\"has-white-color has-text-color\"><br><strong>Incremento de la calidad de vida de entornos desfavorecidos:<\/strong> ya que se podr\u00e1 invertir en teleasistencia para sectores poblacionales envejecidos, como por ejemplo los n\u00facleos rurales que tienen menor infraestructura.<br><strong>Incentivo del turismo de calidad<\/strong>: mejora notable de la vivencia del turista, poniendo a su disposici\u00f3n servicios digitales interactivos.<\/p>\n\n\n\n<p class=\"has-white-color has-text-color\"><br><strong>Consolidaci\u00f3n democr\u00e1tica<\/strong>: mediante la participaci\u00f3n ciudadana activa y continua para la construcci\u00f3n permanente de un mejor espacio.<br><strong>Optimizaci\u00f3n de la movilidad<\/strong>: en funci\u00f3n del estado actual del tr\u00e1fico, mejora del transporte p\u00fablico para la mejor elecci\u00f3n del recorrido y anticipaci\u00f3n de retrasos.<\/p>\n\n\n\n<p class=\"has-white-color has-text-color\"><br>Prueba de que esta nueva era est\u00e1 en camino, son las ya extendidas y conocidas por todas aplicaciones para el hogar como Google Home o Alexa, que presentan una realidad actual en la interconexi\u00f3n de dispositivos de uso diario con la intenci\u00f3n de promover la dom\u00f3tica y automatizaci\u00f3n de acciones rutinarias. Ejemplos de las acciones que se pueden realizar con ellas son:<\/p>\n\n\n\n<p class=\"has-white-color has-text-color\">Espejos inteligentes. Tan solo con ponerse en frente de ellos son capaz de informar sobre el peso corporal, la calidad del sue\u00f1o y otros datos de inter\u00e9s para la salud. Esto se consigue gracias a la aplicaci\u00f3n de m\u00f3vil que se encuentra sincronizada con \u00e9l.<\/p>\n\n\n\n<p class=\"has-white-color has-text-color\"><br>Apps de seguridad con las que, a trav\u00e9s del smartphone, es posible activar o monitorizar las c\u00e1maras de vigilancia de un negocio o vivienda.<\/p>\n\n\n\n<p class=\"has-white-color has-text-color\"><br>App de telelimpieza.<\/p>\n\n\n\n<p class=\"has-white-color has-text-color\"><br>Frigor\u00edficos inteligentes que alertan cuando se agotan los v\u00edveres m\u00e1s utilizados o cuando hay productos a punto de cumplir su fecha de caducidad.<\/p>\n\n\n\n<p class=\"has-white-color has-text-color\"><br>Otro ejemplo claro de la implantaci\u00f3n del IoT lo podemos encontrar en el mundo de la automoci\u00f3n. Cada vez se incrementan m\u00e1s el n\u00famero de conexiones inal\u00e1mbricas que permiten a los conductores interactuar con sus veh\u00edculos. Esto ocurre en todo tipo de coches, pero se aprecia de forma muy clara en los coches el\u00e9ctricos. En este tipo de veh\u00edculos las conexiones inal\u00e1mbricas son una parte fundamental, pues hay multitud de variables que se pueden monitorizar desde el propio tel\u00e9fono m\u00f3vil. De hecho, ocurre que la cantidad de conexiones inal\u00e1mbricas son tantas y tan \u00fatiles que no se podr\u00eda gozar de la funcionalidad completa del veh\u00edculo sin ellas.<\/p>\n\n\n\n<p class=\"has-white-color has-text-color\">Ejemplo de todas estas funcionalidades son: conocimiento del estado de la bater\u00eda y porcentaje y progreso de carga, preclimatizaci\u00f3n del habit\u00e1culo mientras est\u00e1 enchufado al punto de carga, apertura y cierre remoto, localizaci\u00f3n del veh\u00edculo a trav\u00e9s de se\u00f1ales sonoras o luminosas, geolocalizaci\u00f3n mediante GPS, conducci\u00f3n del veh\u00edculo (en el caso de los modelos m\u00e1s vanguardistas), etc.<\/p>\n\n\n\n<p class=\"has-white-color has-text-color\">Hacer uso de esta informaci\u00f3n interconectada sin ver en peligro la privacidad del usuario, es posible gracias a la tecnolog\u00eda blockchain o cadena de bloques. Esta cadena de bloques asegurados criptogr\u00e1ficamente consiste en un registro unitario y distribuido en diversos nodos de la misma red, que permiten disponer de una masiva cantidad de informaci\u00f3n imparcial, accesible y segura.<\/p>\n\n\n\n<p class=\"has-white-color has-text-color\"><br><\/p>\n","protected":false},"excerpt":{"rendered":"<p>Con AtlasLocator podr\u00e1s ver todos tus dispositivos en nuestro mapa, exportar los datos a otros formatos, ver gr\u00e1ficos de sus valores, que te ayuden a la toma de decisiones, y compartirlos con quien tu quieras. IoT en la Smart City, una ciudad inteligente donde todos los elementos est\u00e9n conectados en tiempo real mediante Internet, podr\u00e1n<\/p>\n","protected":false},"author":1,"featured_media":0,"parent":0,"menu_order":0,"comment_status":"closed","ping_status":"closed","template":"","meta":{"footnotes":""},"_links":{"self":[{"href":"https:\/\/atlaslocator.com\/es\/wp-json\/wp\/v2\/pages\/6506"}],"collection":[{"href":"https:\/\/atlaslocator.com\/es\/wp-json\/wp\/v2\/pages"}],"about":[{"href":"https:\/\/atlaslocator.com\/es\/wp-json\/wp\/v2\/types\/page"}],"author":[{"embeddable":true,"href":"https:\/\/atlaslocator.com\/es\/wp-json\/wp\/v2\/users\/1"}],"replies":[{"embeddable":true,"href":"https:\/\/atlaslocator.com\/es\/wp-json\/wp\/v2\/comments?post=6506"}],"version-history":[{"count":19,"href":"https:\/\/atlaslocator.com\/es\/wp-json\/wp\/v2\/pages\/6506\/revisions"}],"predecessor-version":[{"id":7798,"href":"https:\/\/atlaslocator.com\/es\/wp-json\/wp\/v2\/pages\/6506\/revisions\/7798"}],"wp:attachment":[{"href":"https:\/\/atlaslocator.com\/es\/wp-json\/wp\/v2\/media?parent=6506"}],"curies":[{"name":"wp","href":"https:\/\/api.w.org\/{rel}","templated":true}]}}