{"id":6535,"date":"2022-10-04T20:19:56","date_gmt":"2022-10-04T20:19:56","guid":{"rendered":"https:\/\/www.atlaslocator.com\/?page_id=6535"},"modified":"2024-02-14T00:15:01","modified_gmt":"2024-02-13T23:15:01","slug":"aplicacion-iot","status":"publish","type":"page","link":"https:\/\/atlaslocator.com\/es\/aplicacion-iot\/","title":{"rendered":"Aplicaci\u00f3n IOT"},"content":{"rendered":"\n<p class=\"has-white-color has-text-color\"><strong>AtlasLocator <\/strong>es una plataforma donde podr\u00e1s centralizar todos tus dispositivos IOT, con opci\u00f3n de compartirlos con tus amigos. Cuenta con la posibilidad de monitorearlos en mapa,&nbsp; generar gr\u00e1ficos, tablas, exportarlos a excel, definir alarmas y notificaciones, en funci\u00f3n de lo que necesites.<\/p>\n\n\n\n<br><br><br>\n\n\n\n<div class=\"wp-block-buttons is-content-justification-center is-layout-flex wp-container-core-buttons-layout-1 wp-block-buttons-is-layout-flex\">\n<div class=\"wp-block-button is-style-fill\"><a class=\"wp-block-button__link has-black-color has-white-background-color has-text-color has-background wp-element-button\" href=\"https:\/\/app.atlaslocator.com\/\">Aplicaci\u00f3n IOT<\/a><\/div>\n<\/div>\n\n\n<br><br><br><br>\n\n\n<div class=\"wp-block-buttons is-content-justification-center is-layout-flex wp-container-core-buttons-layout-2 wp-block-buttons-is-layout-flex\">\n<div class=\"wp-block-button is-style-fill\"><a class=\"wp-block-button__link has-black-color has-white-background-color has-text-color has-background wp-element-button\" href=\"https:\/\/atlaslocator.com\/general_guide_es\">Gu\u00eda Aplicaci\u00f3n IOT<\/a><\/div>\n<\/div>\n\n\n<br><br><br><br>\n\n\n\n<div class=\"wp-block-columns is-layout-flex wp-container-core-columns-layout-3 wp-block-columns-is-layout-flex\">\n<div class=\"wp-block-column is-layout-flow wp-block-column-is-layout-flow\" style=\"flex-basis:100%\">\n<div class=\"wp-block-group is-layout-flow wp-block-group-is-layout-flow\"><div class=\"wp-block-group__inner-container\">\n<div class=\"wp-block-columns is-layout-flex wp-container-core-columns-layout-2 wp-block-columns-is-layout-flex\">\n<div class=\"wp-block-column is-layout-flow wp-block-column-is-layout-flow\" style=\"flex-basis:100%\">\n<div class=\"wp-block-columns is-layout-flex wp-container-core-columns-layout-1 wp-block-columns-is-layout-flex\">\n<div class=\"wp-block-column bordes-redondos-5 is-layout-flow wp-block-column-is-layout-flow\" style=\"flex-basis:100%\">\n<figure class=\"wp-block-gallery has-nested-images columns-default is-cropped wp-block-gallery-1 is-layout-flex wp-block-gallery-is-layout-flex\">\n<figure class=\"wp-block-image size-full bordes-redondos-5\"><a href=\"https:\/\/atlaslocator.com\/wp-content\/uploads\/2022\/10\/mapa-3.png\"><img loading=\"lazy\" decoding=\"async\" width=\"705\" height=\"386\" src=\"https:\/\/www.atlaslocator.com\/wp-content\/uploads\/2022\/10\/mapa-3.png\" alt=\"\" class=\"wp-image-8042\" srcset=\"https:\/\/atlaslocator.com\/wp-content\/uploads\/2022\/10\/mapa-3.png 705w, https:\/\/atlaslocator.com\/wp-content\/uploads\/2022\/10\/mapa-3-300x164.png 300w\" sizes=\"(max-width: 705px) 100vw, 705px\" \/><\/a><\/figure>\n\n\n\n<figure class=\"wp-block-image size-full bordes-redondos-5\"><a href=\"https:\/\/www.atlaslocator.com\/wp-content\/uploads\/2022\/10\/graficos-8.png\"><img loading=\"lazy\" decoding=\"async\" width=\"720\" height=\"407\" src=\"https:\/\/www.atlaslocator.com\/wp-content\/uploads\/2022\/10\/graficos-8.png\" alt=\"\" class=\"wp-image-7031\" srcset=\"https:\/\/atlaslocator.com\/wp-content\/uploads\/2022\/10\/graficos-8.png 720w, https:\/\/atlaslocator.com\/wp-content\/uploads\/2022\/10\/graficos-8-300x170.png 300w\" sizes=\"(max-width: 720px) 100vw, 720px\" \/><\/a><\/figure>\n<\/figure>\n<\/div>\n<\/div>\n<\/div>\n<\/div>\n<\/div><\/div>\n<\/div>\n<\/div>\n\n\n\n<div class=\"wp-block-columns is-layout-flex wp-container-core-columns-layout-6 wp-block-columns-is-layout-flex\">\n<div class=\"wp-block-column is-layout-flow wp-block-column-is-layout-flow\" style=\"flex-basis:100%\">\n<div class=\"wp-block-group is-layout-flow wp-block-group-is-layout-flow\"><div class=\"wp-block-group__inner-container\">\n<div class=\"wp-block-columns is-layout-flex wp-container-core-columns-layout-5 wp-block-columns-is-layout-flex\">\n<div class=\"wp-block-column is-layout-flow wp-block-column-is-layout-flow\" style=\"flex-basis:100%\">\n<div class=\"wp-block-columns is-layout-flex wp-container-core-columns-layout-4 wp-block-columns-is-layout-flex\">\n<div class=\"wp-block-column bordes-redondos-5 is-layout-flow wp-block-column-is-layout-flow\" style=\"flex-basis:100%\">\n<figure class=\"wp-block-gallery has-nested-images columns-default is-cropped wp-block-gallery-2 is-layout-flex wp-block-gallery-is-layout-flex\">\n<figure class=\"wp-block-image size-full bordes-redondos-5\"><a href=\"https:\/\/www.atlaslocator.com\/wp-content\/uploads\/2022\/10\/tabla-26.png\"><img loading=\"lazy\" decoding=\"async\" width=\"859\" height=\"493\" src=\"https:\/\/www.atlaslocator.com\/wp-content\/uploads\/2022\/10\/tabla-26.png\" alt=\"\" class=\"wp-image-8214\" srcset=\"https:\/\/atlaslocator.com\/wp-content\/uploads\/2022\/10\/tabla-26.png 859w, https:\/\/atlaslocator.com\/wp-content\/uploads\/2022\/10\/tabla-26-300x172.png 300w, https:\/\/atlaslocator.com\/wp-content\/uploads\/2022\/10\/tabla-26-768x441.png 768w\" sizes=\"(max-width: 859px) 100vw, 859px\" \/><\/a><\/figure>\n\n\n\n<figure class=\"wp-block-image size-large bordes-redondos-5\"><a href=\"https:\/\/atlaslocator.com\/wp-content\/uploads\/2022\/10\/alarma-31.png\"><img loading=\"lazy\" decoding=\"async\" width=\"1024\" height=\"538\" src=\"https:\/\/www.atlaslocator.com\/wp-content\/uploads\/2022\/10\/alarma-31-1024x538.png\" alt=\"\" class=\"wp-image-8226\" srcset=\"https:\/\/atlaslocator.com\/wp-content\/uploads\/2022\/10\/alarma-31-1024x538.png 1024w, https:\/\/atlaslocator.com\/wp-content\/uploads\/2022\/10\/alarma-31-300x158.png 300w, https:\/\/atlaslocator.com\/wp-content\/uploads\/2022\/10\/alarma-31-768x403.png 768w, https:\/\/atlaslocator.com\/wp-content\/uploads\/2022\/10\/alarma-31.png 1038w\" sizes=\"(max-width: 1024px) 100vw, 1024px\" \/><\/a><\/figure>\n<\/figure>\n<\/div>\n<\/div>\n<\/div>\n<\/div>\n<\/div><\/div>\n<\/div>\n<\/div>\n","protected":false},"excerpt":{"rendered":"<p>AtlasLocator es una plataforma donde podr\u00e1s centralizar todos tus dispositivos IOT, con opci\u00f3n de compartirlos con tus amigos. Cuenta con la posibilidad de monitorearlos en mapa,&nbsp; generar gr\u00e1ficos, tablas, exportarlos a excel, definir alarmas y notificaciones, en funci\u00f3n de lo que necesites.<\/p>\n","protected":false},"author":1,"featured_media":0,"parent":0,"menu_order":0,"comment_status":"closed","ping_status":"closed","template":"","meta":{"footnotes":""},"_links":{"self":[{"href":"https:\/\/atlaslocator.com\/es\/wp-json\/wp\/v2\/pages\/6535"}],"collection":[{"href":"https:\/\/atlaslocator.com\/es\/wp-json\/wp\/v2\/pages"}],"about":[{"href":"https:\/\/atlaslocator.com\/es\/wp-json\/wp\/v2\/types\/page"}],"author":[{"embeddable":true,"href":"https:\/\/atlaslocator.com\/es\/wp-json\/wp\/v2\/users\/1"}],"replies":[{"embeddable":true,"href":"https:\/\/atlaslocator.com\/es\/wp-json\/wp\/v2\/comments?post=6535"}],"version-history":[{"count":117,"href":"https:\/\/atlaslocator.com\/es\/wp-json\/wp\/v2\/pages\/6535\/revisions"}],"predecessor-version":[{"id":13286,"href":"https:\/\/atlaslocator.com\/es\/wp-json\/wp\/v2\/pages\/6535\/revisions\/13286"}],"wp:attachment":[{"href":"https:\/\/atlaslocator.com\/es\/wp-json\/wp\/v2\/media?parent=6535"}],"curies":[{"name":"wp","href":"https:\/\/api.w.org\/{rel}","templated":true}]}}