{"id":5387,"date":"2022-08-30T16:00:25","date_gmt":"2022-08-30T16:00:25","guid":{"rendered":"https:\/\/www.atlaslocator.com\/communication\/"},"modified":"2023-01-22T00:20:57","modified_gmt":"2023-01-21T23:20:57","slug":"communication","status":"publish","type":"page","link":"https:\/\/atlaslocator.com\/fr\/communication\/","title":{"rendered":"Communication"},"content":{"rendered":"\n<p class=\"has-white-color has-text-color\">Chez <strong>AtlasLocator<\/strong>, nous travaillons avec des op\u00e9rateurs IOT LoraWan tels que The Things Stack (The Things Network &amp; The Things Industrial) et Helium. <\/p>\n\n\n\n<p class=\"has-white-color has-text-color\">Tr\u00e8s bient\u00f4t nous allons nous \u00e9tendre \u00e0 d&rsquo;autres comme Sigfox, Fossa ou NarrowBand.<\/p>\n\n\n\n<hr class=\"wp-block-separator has-text-color has-alpha-channel-opacity has-background is-style-dots\" style=\"background-color:#232323;color:#232323\"\/>\n\n\n\n<div class=\"wp-block-group is-layout-flow wp-block-group-is-layout-flow\"><div class=\"wp-block-group__inner-container\">\n<div class=\"wp-block-columns is-layout-flex wp-container-core-columns-layout-1 wp-block-columns-is-layout-flex\">\n<div class=\"wp-block-column is-layout-flow wp-block-column-is-layout-flow\" style=\"flex-basis:100%\">\n<figure class=\"wp-block-image size-large bordes-redondos\"><a href=\"https:\/\/atlaslocator.com\/wp-content\/uploads\/2023\/01\/ESQUEMA-FRANCES-2.png\"><img loading=\"lazy\" decoding=\"async\" width=\"987\" height=\"1024\" src=\"https:\/\/atlaslocator.com\/wp-content\/uploads\/2023\/01\/ESQUEMA-FRANCES-2-987x1024.png\" alt=\"\" class=\"wp-image-11896\" srcset=\"https:\/\/atlaslocator.com\/wp-content\/uploads\/2023\/01\/ESQUEMA-FRANCES-2-987x1024.png 987w, https:\/\/atlaslocator.com\/wp-content\/uploads\/2023\/01\/ESQUEMA-FRANCES-2-289x300.png 289w, https:\/\/atlaslocator.com\/wp-content\/uploads\/2023\/01\/ESQUEMA-FRANCES-2-768x797.png 768w, https:\/\/atlaslocator.com\/wp-content\/uploads\/2023\/01\/ESQUEMA-FRANCES-2.png 1080w\" sizes=\"(max-width: 987px) 100vw, 987px\" \/><\/a><\/figure>\n\n\n\n<hr class=\"wp-block-separator has-text-color has-alpha-channel-opacity has-background is-style-default\" style=\"background-color:#1b283600;color:#1b283600\"\/>\n\n\n\n<p class=\"has-white-color has-text-color\"><strong>Helium<\/strong> : notre int\u00e9gration avec Helium vous permet de recevoir des donn\u00e9es de la console Helium via une int\u00e9gration de type HTTP.\n<\/p>\n\n\n\n<p><a href=\"https:\/\/atlaslocator.com\/helium_integration_fr\">Voir plus d&rsquo;informations sur l&rsquo;int\u00e9gration de la connexion<\/a>\n<\/p>\n\n\n\n<p class=\"has-white-color has-text-color\"><a href=\"https:\/\/atlaslocator.com\/antennas_helium_fr\">Apprenez o\u00f9 se trouvent les antennes gr\u00e2ce \u00e0 ces cartes<\/a>\n<\/p>\n\n\n\n<p class=\"has-white-color has-text-color\"><a href=\"https:\/\/atlaslocator.com\/antennas_helium_fr\">Apprenez o\u00f9 se trouvent les antennes gr\u00e2ce \u00e0 ces cartes<\/a>\n<\/p>\n\n\n\n<p class=\"has-white-color has-text-color\"><strong>TTN &amp; TTI <\/strong>: notre int\u00e9gration avec TTN &amp; TTI vous permet de recevoir des donn\u00e9es de la console TTN &amp; TTI via une int\u00e9gration de type MQTT. <\/p>\n\n\n\n<p class=\"has-white-color has-text-color\"><a href=\"https:\/\/atlaslocator.com\/ttn_integration_fr\">Voir plus d&rsquo;informations sur l&rsquo;int\u00e9gration de la connexion<\/a>\n<\/p>\n\n\n\n<p class=\"has-white-color has-text-color\"><a href=\"https:\/\/atlaslocator.com\/coverage_ttn_fr\">Consultez les cartes de couverture, pour conna\u00eetre la couverture dans votre r\u00e9gion<\/a>\n<\/p>\n\n\n\n<p class=\"has-white-color has-text-color\"><a href=\"https:\/\/atlaslocator.com\/antennas_ttn_fr\">Apprenez o\u00f9 se trouvent les antennes avec ces cartes<\/a>\n<\/p>\n<\/div>\n<\/div>\n<\/div><\/div>\n\n\n\n<p class=\"has-white-color has-text-color\"><\/p>\n\n\n\n<style>\n  @media only screen and (max-width: 767px) {\n    .wp-block-image img,\n    figure.aligncenter {\n      max-width: 100%;\n    }\n  }\n<\/style>\n","protected":false},"excerpt":{"rendered":"<p>Chez AtlasLocator, nous travaillons avec des op\u00e9rateurs IOT LoraWan tels que The Things Stack (The Things Network &amp; The Things Industrial) et Helium. Tr\u00e8s bient\u00f4t nous allons nous \u00e9tendre \u00e0 d&rsquo;autres comme Sigfox, Fossa ou NarrowBand. Helium : notre int\u00e9gration avec Helium vous permet de recevoir des donn\u00e9es de la console Helium via une int\u00e9gration<\/p>\n","protected":false},"author":1,"featured_media":0,"parent":0,"menu_order":0,"comment_status":"closed","ping_status":"closed","template":"","meta":{"footnotes":""},"_links":{"self":[{"href":"https:\/\/atlaslocator.com\/fr\/wp-json\/wp\/v2\/pages\/5387"}],"collection":[{"href":"https:\/\/atlaslocator.com\/fr\/wp-json\/wp\/v2\/pages"}],"about":[{"href":"https:\/\/atlaslocator.com\/fr\/wp-json\/wp\/v2\/types\/page"}],"author":[{"embeddable":true,"href":"https:\/\/atlaslocator.com\/fr\/wp-json\/wp\/v2\/users\/1"}],"replies":[{"embeddable":true,"href":"https:\/\/atlaslocator.com\/fr\/wp-json\/wp\/v2\/comments?post=5387"}],"version-history":[{"count":55,"href":"https:\/\/atlaslocator.com\/fr\/wp-json\/wp\/v2\/pages\/5387\/revisions"}],"predecessor-version":[{"id":12306,"href":"https:\/\/atlaslocator.com\/fr\/wp-json\/wp\/v2\/pages\/5387\/revisions\/12306"}],"wp:attachment":[{"href":"https:\/\/atlaslocator.com\/fr\/wp-json\/wp\/v2\/media?parent=5387"}],"curies":[{"name":"wp","href":"https:\/\/api.w.org\/{rel}","templated":true}]}}