{"id":5389,"date":"2022-08-30T16:02:41","date_gmt":"2022-08-30T16:02:41","guid":{"rendered":"https:\/\/www.atlaslocator.com\/communication-2\/"},"modified":"2023-01-21T20:04:19","modified_gmt":"2023-01-21T19:04:19","slug":"communication-2","status":"publish","type":"page","link":"https:\/\/atlaslocator.com\/fr\/communication-2\/","title":{"rendered":"Communication"},"content":{"rendered":"<p>Nos travaux avec les op\u00e9rateurs IOT LoraWan nous disent que The Things Stack (The Things Network) et Helium. Tr\u00e8s prochainement nous allons nous \u00e9tendre \u00e0 d&rsquo;autres comme Sigfox, Fossa, &#8230;<\/p>\n","protected":false},"excerpt":{"rendered":"<p>Nos travaux avec les op\u00e9rateurs IOT LoraWan nous disent que The Things Stack (The Things Network) et Helium. Tr\u00e8s prochainement nous allons nous \u00e9tendre \u00e0 d&rsquo;autres comme Sigfox, Fossa, &#8230;<\/p>\n","protected":false},"author":1,"featured_media":0,"parent":0,"menu_order":0,"comment_status":"closed","ping_status":"closed","template":"","meta":{"footnotes":""},"_links":{"self":[{"href":"https:\/\/atlaslocator.com\/fr\/wp-json\/wp\/v2\/pages\/5389"}],"collection":[{"href":"https:\/\/atlaslocator.com\/fr\/wp-json\/wp\/v2\/pages"}],"about":[{"href":"https:\/\/atlaslocator.com\/fr\/wp-json\/wp\/v2\/types\/page"}],"author":[{"embeddable":true,"href":"https:\/\/atlaslocator.com\/fr\/wp-json\/wp\/v2\/users\/1"}],"replies":[{"embeddable":true,"href":"https:\/\/atlaslocator.com\/fr\/wp-json\/wp\/v2\/comments?post=5389"}],"version-history":[{"count":1,"href":"https:\/\/atlaslocator.com\/fr\/wp-json\/wp\/v2\/pages\/5389\/revisions"}],"predecessor-version":[{"id":12291,"href":"https:\/\/atlaslocator.com\/fr\/wp-json\/wp\/v2\/pages\/5389\/revisions\/12291"}],"wp:attachment":[{"href":"https:\/\/atlaslocator.com\/fr\/wp-json\/wp\/v2\/media?parent=5389"}],"curies":[{"name":"wp","href":"https:\/\/api.w.org\/{rel}","templated":true}]}}