{"id":5392,"date":"2022-08-30T16:04:08","date_gmt":"2022-08-30T16:04:08","guid":{"rendered":"https:\/\/www.atlaslocator.com\/contact-2\/"},"modified":"2023-01-12T22:22:24","modified_gmt":"2023-01-12T21:22:24","slug":"contact-2","status":"publish","type":"page","link":"https:\/\/atlaslocator.com\/fr\/contact-2\/","title":{"rendered":"Contact"},"content":{"rendered":"\n<p>L&rsquo;\u00e9quipe AtlasLocator aime interagir avec diff\u00e9rentes personnes. Partager et grandir avec vous est ce qui nous motive. Vous pouvez nous contacter par e-mail ou nous laisser un message sur nos r\u00e9seaux sociaux. Nous sommes dispos\u00e9s \u00e0 vous \u00e9couter.\r\n<\/p>\n","protected":false},"excerpt":{"rendered":"<p>L&rsquo;\u00e9quipe AtlasLocator aime interagir avec diff\u00e9rentes personnes. Partager et grandir avec vous est ce qui nous motive. Vous pouvez nous contacter par e-mail ou nous laisser un message sur nos r\u00e9seaux sociaux. Nous sommes dispos\u00e9s \u00e0 vous \u00e9couter.<\/p>\n","protected":false},"author":1,"featured_media":0,"parent":0,"menu_order":0,"comment_status":"closed","ping_status":"closed","template":"","meta":{"footnotes":""},"_links":{"self":[{"href":"https:\/\/atlaslocator.com\/fr\/wp-json\/wp\/v2\/pages\/5392"}],"collection":[{"href":"https:\/\/atlaslocator.com\/fr\/wp-json\/wp\/v2\/pages"}],"about":[{"href":"https:\/\/atlaslocator.com\/fr\/wp-json\/wp\/v2\/types\/page"}],"author":[{"embeddable":true,"href":"https:\/\/atlaslocator.com\/fr\/wp-json\/wp\/v2\/users\/1"}],"replies":[{"embeddable":true,"href":"https:\/\/atlaslocator.com\/fr\/wp-json\/wp\/v2\/comments?post=5392"}],"version-history":[{"count":2,"href":"https:\/\/atlaslocator.com\/fr\/wp-json\/wp\/v2\/pages\/5392\/revisions"}],"predecessor-version":[{"id":11800,"href":"https:\/\/atlaslocator.com\/fr\/wp-json\/wp\/v2\/pages\/5392\/revisions\/11800"}],"wp:attachment":[{"href":"https:\/\/atlaslocator.com\/fr\/wp-json\/wp\/v2\/media?parent=5392"}],"curies":[{"name":"wp","href":"https:\/\/api.w.org\/{rel}","templated":true}]}}