{"id":5394,"date":"2022-08-30T16:05:52","date_gmt":"2022-08-30T16:05:52","guid":{"rendered":"https:\/\/www.atlaslocator.com\/dispositifs\/"},"modified":"2022-08-30T16:05:52","modified_gmt":"2022-08-30T16:05:52","slug":"dispositifs","status":"publish","type":"page","link":"https:\/\/atlaslocator.com\/fr\/dispositifs\/","title":{"rendered":"Dispositifs"},"content":{"rendered":"<p>La plate-forme est compatible avec la plupart des appareils LoraWan sur le march\u00e9, tr\u00e8s bient\u00f4t nous allons l&rsquo;\u00e9tendre \u00e0 d&rsquo;autres appareils d&rsquo;autres technologies telles que Sigfox, NarrowBandIOT et 5G<\/p>\n","protected":false},"excerpt":{"rendered":"<p>La plate-forme est compatible avec la plupart des appareils LoraWan sur le march\u00e9, tr\u00e8s bient\u00f4t nous allons l&rsquo;\u00e9tendre \u00e0 d&rsquo;autres appareils d&rsquo;autres technologies telles que Sigfox, NarrowBandIOT et 5G<\/p>\n","protected":false},"author":1,"featured_media":0,"parent":0,"menu_order":0,"comment_status":"closed","ping_status":"closed","template":"","meta":{"footnotes":""},"_links":{"self":[{"href":"https:\/\/atlaslocator.com\/fr\/wp-json\/wp\/v2\/pages\/5394"}],"collection":[{"href":"https:\/\/atlaslocator.com\/fr\/wp-json\/wp\/v2\/pages"}],"about":[{"href":"https:\/\/atlaslocator.com\/fr\/wp-json\/wp\/v2\/types\/page"}],"author":[{"embeddable":true,"href":"https:\/\/atlaslocator.com\/fr\/wp-json\/wp\/v2\/users\/1"}],"replies":[{"embeddable":true,"href":"https:\/\/atlaslocator.com\/fr\/wp-json\/wp\/v2\/comments?post=5394"}],"version-history":[{"count":0,"href":"https:\/\/atlaslocator.com\/fr\/wp-json\/wp\/v2\/pages\/5394\/revisions"}],"wp:attachment":[{"href":"https:\/\/atlaslocator.com\/fr\/wp-json\/wp\/v2\/media?parent=5394"}],"curies":[{"name":"wp","href":"https:\/\/api.w.org\/{rel}","templated":true}]}}