{"id":5395,"date":"2022-08-30T16:09:46","date_gmt":"2022-08-30T16:09:46","guid":{"rendered":"https:\/\/www.atlaslocator.com\/page-daccueil\/"},"modified":"2024-02-14T00:47:08","modified_gmt":"2024-02-13T23:47:08","slug":"page-daccueil","status":"publish","type":"page","link":"https:\/\/atlaslocator.com\/fr\/","title":{"rendered":"Page d&rsquo;accueil"},"content":{"rendered":"\n<div class=\"wp-block-query is-layout-flow wp-block-query-is-layout-flow\">\n<div class=\"wp-block-columns is-layout-flex wp-container-core-columns-layout-1 wp-block-columns-is-layout-flex\">\n<div class=\"wp-block-column is-layout-flow wp-block-column-is-layout-flow\" style=\"flex-basis:100%\">\n<p class=\"has-text-align-center has-white-color has-text-color has-x-large-font-size\" style=\"font-style:normal;font-weight:500\"><strong>Blog<\/strong><\/p>\n\n\n\n<div class=\"wp-block-query is-layout-flow wp-block-query-is-layout-flow\"><ul class=\"is-flex-container columns-3 wp-block-post-template is-layout-flow wp-block-post-template-is-layout-flow\"><li class=\"wp-block-post post-13016 post type-post status-publish format-standard has-post-thumbnail hentry category-blog-fr category-general-fr\">\n\n<div class=\"wp-block-group is-layout-flow wp-block-group-is-layout-flow\" style=\"padding-top:30px;padding-right:30px;padding-bottom:30px;padding-left:30px\"><div class=\"wp-block-group__inner-container\"><figure class=\"wp-block-post-featured-image\"><img loading=\"lazy\" decoding=\"async\" width=\"1536\" height=\"2048\" src=\"https:\/\/atlaslocator.com\/wp-content\/uploads\/2023\/07\/Foro-Sensor-Vina.jpg\" class=\"attachment-post-thumbnail size-post-thumbnail wp-post-image\" alt=\"\" style=\"object-fit:cover;\" srcset=\"https:\/\/atlaslocator.com\/wp-content\/uploads\/2023\/07\/Foro-Sensor-Vina.jpg 1536w, https:\/\/atlaslocator.com\/wp-content\/uploads\/2023\/07\/Foro-Sensor-Vina-225x300.jpg 225w, https:\/\/atlaslocator.com\/wp-content\/uploads\/2023\/07\/Foro-Sensor-Vina-768x1024.jpg 768w, https:\/\/atlaslocator.com\/wp-content\/uploads\/2023\/07\/Foro-Sensor-Vina-1152x1536.jpg 1152w\" sizes=\"(max-width: 1536px) 100vw, 1536px\" \/><\/figure>\n\n<h2 class=\"has-text-color has-white-color wp-block-post-title\"><a href=\"https:\/\/atlaslocator.com\/fr\/le-futur-du-vin-sensation-iot-dans-les-vignobles-avec-atlaslocator\/\" target=\"_self\">L&rsquo;avenir du vin : sensorisation IoT dans les vignobles avec AtlasLocator<\/a><\/h2>\n\n<div class=\"wp-block-post-excerpt\"><p class=\"wp-block-post-excerpt__excerpt\">L&rsquo;avenir du vin : l&rsquo;IoT dans les vignobles avec AtlasLocator Introduction . Le monde du vin est une mer de traditions anciennes et de sagesse transmises de g\u00e9n\u00e9ration en g\u00e9n\u00e9ration. Mais l&rsquo;\u00e8re num\u00e9rique n&rsquo;a pas \u00e9pargn\u00e9 ce secteur. Avec l&rsquo;av\u00e8nement des technologies Internet des objets (IoT), les \u00e9tablissements vinicoles du monde entier commencent \u00e0 vivre <\/p><\/div>\n\n<div class=\"wp-block-post-date\"><time datetime=\"2023-07-21T20:09:41+02:00\">21 de juillet de 2023<\/time><\/div><\/div><\/div>\n\n<\/li><li class=\"wp-block-post post-12917 post type-post status-publish format-standard has-post-thumbnail hentry category-blog-fr category-general-fr\">\n\n<div class=\"wp-block-group is-layout-flow wp-block-group-is-layout-flow\" style=\"padding-top:30px;padding-right:30px;padding-bottom:30px;padding-left:30px\"><div class=\"wp-block-group__inner-container\"><figure class=\"wp-block-post-featured-image\"><img loading=\"lazy\" decoding=\"async\" width=\"1280\" height=\"960\" src=\"https:\/\/atlaslocator.com\/wp-content\/uploads\/2023\/07\/1.jpg\" class=\"attachment-post-thumbnail size-post-thumbnail wp-post-image\" alt=\"\" style=\"object-fit:cover;\" srcset=\"https:\/\/atlaslocator.com\/wp-content\/uploads\/2023\/07\/1.jpg 1280w, https:\/\/atlaslocator.com\/wp-content\/uploads\/2023\/07\/1-300x225.jpg 300w, https:\/\/atlaslocator.com\/wp-content\/uploads\/2023\/07\/1-1024x768.jpg 1024w, https:\/\/atlaslocator.com\/wp-content\/uploads\/2023\/07\/1-768x576.jpg 768w\" sizes=\"(max-width: 1280px) 100vw, 1280px\" \/><\/figure>\n\n<h2 class=\"has-text-color has-white-color wp-block-post-title\"><a href=\"https:\/\/atlaslocator.com\/fr\/efficacite-dans-le-monde-de-lurgence-atlaslocator-et-la-revolution-de-la-geolocalisation-des-ambulances\/\" target=\"_self\">Efficacit\u00e9 dans le monde de l&rsquo;urgence : AtlasLocator et la r\u00e9volution de la g\u00e9olocalisation des ambulances<\/a><\/h2>\n\n<div class=\"wp-block-post-excerpt\"><p class=\"wp-block-post-excerpt__excerpt\">Efficacit\u00e9 dans le monde de l&rsquo;urgence : AtlasLocator et la r\u00e9volution de la g\u00e9olocalisation des ambulances Introduction AtlasLocator a chang\u00e9 la donne en mati\u00e8re de gestion de l&rsquo;IOT, et son dernier projet de g\u00e9olocalisation d&rsquo;ambulances a \u00e9t\u00e9 pr\u00e9sent\u00e9 \u00e0 la Maker Faire Galicia. Il en est la preuve incontestable. En \u00e9troite collaboration avec le groupe <\/p><\/div>\n\n<div class=\"wp-block-post-date\"><time datetime=\"2023-07-06T20:27:47+02:00\">6 de juillet de 2023<\/time><\/div><\/div><\/div>\n\n<\/li><li class=\"wp-block-post post-12821 post type-post status-publish format-standard has-post-thumbnail hentry category-blog-fr category-general-fr\">\n\n<div class=\"wp-block-group is-layout-flow wp-block-group-is-layout-flow\" style=\"padding-top:30px;padding-right:30px;padding-bottom:30px;padding-left:30px\"><div class=\"wp-block-group__inner-container\"><figure class=\"wp-block-post-featured-image\"><img loading=\"lazy\" decoding=\"async\" width=\"1900\" height=\"1069\" src=\"https:\/\/atlaslocator.com\/wp-content\/uploads\/2023\/06\/ladron-robando.webp\" class=\"attachment-post-thumbnail size-post-thumbnail wp-post-image\" alt=\"\" style=\"object-fit:cover;\" srcset=\"https:\/\/atlaslocator.com\/wp-content\/uploads\/2023\/06\/ladron-robando.webp 1900w, https:\/\/atlaslocator.com\/wp-content\/uploads\/2023\/06\/ladron-robando-300x169.webp 300w, https:\/\/atlaslocator.com\/wp-content\/uploads\/2023\/06\/ladron-robando-1024x576.webp 1024w, https:\/\/atlaslocator.com\/wp-content\/uploads\/2023\/06\/ladron-robando-768x432.webp 768w, https:\/\/atlaslocator.com\/wp-content\/uploads\/2023\/06\/ladron-robando-1536x864.webp 1536w\" sizes=\"(max-width: 1900px) 100vw, 1900px\" \/><\/figure>\n\n<h2 class=\"has-text-color has-white-color wp-block-post-title\"><a href=\"https:\/\/atlaslocator.com\/fr\/la-revolution-iot-dans-la-securite-domestique\/\" target=\"_self\">La R\u00e9volution IOT dans la S\u00e9curit\u00e9 Domestique<\/a><\/h2>\n\n<div class=\"wp-block-post-excerpt\"><p class=\"wp-block-post-excerpt__excerpt\">La R\u00e9volution IOT dans la S\u00e9curit\u00e9 Domestique L&rsquo;innovation dans les technologies de l&rsquo;information ne cesse de nous \u00e9tonner. L&rsquo;IOT ou Internet des objets en est un exemple. Comment influence-t-il nos vies ? D&rsquo;apr\u00e8s mon exp\u00e9rience personnelle, je peux dire que son impact est \u00e9norme, en particulier sur la s\u00e9curit\u00e9 de nos maisons. Et c&rsquo;est que <\/p><\/div>\n\n<div class=\"wp-block-post-date\"><time datetime=\"2023-06-08T18:32:17+02:00\">8 de juin de 2023<\/time><\/div><\/div><\/div>\n\n<\/li><li class=\"wp-block-post post-12782 post type-post status-publish format-standard has-post-thumbnail hentry category-blog-fr category-general-fr\">\n\n<div class=\"wp-block-group is-layout-flow wp-block-group-is-layout-flow\" style=\"padding-top:30px;padding-right:30px;padding-bottom:30px;padding-left:30px\"><div class=\"wp-block-group__inner-container\"><figure class=\"wp-block-post-featured-image\"><img loading=\"lazy\" decoding=\"async\" width=\"711\" height=\"602\" src=\"https:\/\/atlaslocator.com\/wp-content\/uploads\/2023\/05\/Imagen-03.png\" class=\"attachment-post-thumbnail size-post-thumbnail wp-post-image\" alt=\"\" style=\"object-fit:cover;\" srcset=\"https:\/\/atlaslocator.com\/wp-content\/uploads\/2023\/05\/Imagen-03.png 711w, https:\/\/atlaslocator.com\/wp-content\/uploads\/2023\/05\/Imagen-03-300x254.png 300w\" sizes=\"(max-width: 711px) 100vw, 711px\" \/><\/figure>\n\n<h2 class=\"has-text-color has-white-color wp-block-post-title\"><a href=\"https:\/\/atlaslocator.com\/fr\/ameliorez-la-gestion-de-vos-appareils-iot-avec-atlaslocator\/\" target=\"_self\">Am\u00e9liorez la gestion de vos appareils <strong>IoT<\/strong> avec AtlasLocator<\/a><\/h2>\n\n<div class=\"wp-block-post-excerpt\"><p class=\"wp-block-post-excerpt__excerpt\">Am\u00e9liorez la gestion de vos appareils IoT avec AtlasLocator \u00c0 l&rsquo;\u00e8re num\u00e9rique d&rsquo;aujourd&rsquo;hui, une gestion efficace des appareils connect\u00e9s \u00e0 Internet ou \u00e0 l&rsquo;IdO est vitale. AtlasLocator se pr\u00e9sente comme une solution innovante \u00e0 cette demande. L&rsquo;importance de la g\u00e9olocalisation dans la gestion des appareils IoT La g\u00e9olocalisation est une fonction vitale dans la gestion <\/p><\/div>\n\n<div class=\"wp-block-post-date\"><time datetime=\"2023-05-16T01:19:12+02:00\">16 de mai de 2023<\/time><\/div><\/div><\/div>\n\n<\/li><li class=\"wp-block-post post-12504 post type-post status-publish format-standard has-post-thumbnail hentry category-blog-fr category-general-fr\">\n\n<div class=\"wp-block-group is-layout-flow wp-block-group-is-layout-flow\" style=\"padding-top:30px;padding-right:30px;padding-bottom:30px;padding-left:30px\"><div class=\"wp-block-group__inner-container\"><figure class=\"wp-block-post-featured-image\"><img loading=\"lazy\" decoding=\"async\" width=\"602\" height=\"451\" src=\"https:\/\/atlaslocator.com\/wp-content\/uploads\/2023\/03\/ganado.jpg\" class=\"attachment-post-thumbnail size-post-thumbnail wp-post-image\" alt=\"\" style=\"object-fit:cover;\" srcset=\"https:\/\/atlaslocator.com\/wp-content\/uploads\/2023\/03\/ganado.jpg 602w, https:\/\/atlaslocator.com\/wp-content\/uploads\/2023\/03\/ganado-300x225.jpg 300w\" sizes=\"(max-width: 602px) 100vw, 602px\" \/><\/figure>\n\n<h2 class=\"has-text-color has-white-color wp-block-post-title\"><a href=\"https:\/\/atlaslocator.com\/fr\/geolocalisation-du-betail\/\" target=\"_self\">G\u00e9olocalisation du b\u00e9tail<\/a><\/h2>\n\n<div class=\"wp-block-post-excerpt\"><p class=\"wp-block-post-excerpt__excerpt\">La g\u00e9olocalisation GPS des bovins est une technologie qui permet de conna\u00eetre la localisation et le statut des animaux en temps r\u00e9el gr\u00e2ce \u00e0 des dispositifs qui sont plac\u00e9s sur le collier ou l&rsquo;oreille de l&rsquo;animal. Cette technologie pr\u00e9sente plusieurs avantages pour les agriculteurs, tels que :&#13; &#8211; Evitez le vol, la perte ou les <\/p><\/div>\n\n<div class=\"wp-block-post-date\"><time datetime=\"2023-03-17T20:24:22+01:00\">17 de mars de 2023<\/time><\/div><\/div><\/div>\n\n<\/li><li class=\"wp-block-post post-9561 post type-post status-publish format-standard has-post-thumbnail hentry category-blog-fr category-general-fr\">\n\n<div class=\"wp-block-group is-layout-flow wp-block-group-is-layout-flow\" style=\"padding-top:30px;padding-right:30px;padding-bottom:30px;padding-left:30px\"><div class=\"wp-block-group__inner-container\"><figure class=\"wp-block-post-featured-image\"><img loading=\"lazy\" decoding=\"async\" width=\"1600\" height=\"738\" src=\"https:\/\/atlaslocator.com\/wp-content\/uploads\/2022\/12\/ttn.png\" class=\"attachment-post-thumbnail size-post-thumbnail wp-post-image\" alt=\"ttn\" style=\"object-fit:cover;\" srcset=\"https:\/\/atlaslocator.com\/wp-content\/uploads\/2022\/12\/ttn.png 1600w, https:\/\/atlaslocator.com\/wp-content\/uploads\/2022\/12\/ttn-300x138.png 300w, https:\/\/atlaslocator.com\/wp-content\/uploads\/2022\/12\/ttn-1024x472.png 1024w, https:\/\/atlaslocator.com\/wp-content\/uploads\/2022\/12\/ttn-768x354.png 768w, https:\/\/atlaslocator.com\/wp-content\/uploads\/2022\/12\/ttn-1536x708.png 1536w\" sizes=\"(max-width: 1600px) 100vw, 1600px\" \/><\/figure>\n\n<h2 class=\"has-text-color has-white-color wp-block-post-title\"><a href=\"https:\/\/atlaslocator.com\/fr\/voir-plus-dinformations-sur-lintegration-de-la-connexion-ttn\/\" target=\"_self\">Voir plus d&rsquo;informations sur l&rsquo;int\u00e9gration de la connexion TTS (TTN &#038; TTI)<\/a><\/h2>\n\n<div class=\"wp-block-post-excerpt\"><p class=\"wp-block-post-excerpt__excerpt\">Notre plateforme AtlasLocator se connecte au r\u00e9seau Lora The Things Network TTS (TTN &amp; TTI) via le protocole MQTT. Gr\u00e2ce \u00e0 cette int\u00e9gration vous pourrez exploiter toutes les donn\u00e9es de votre appareil r\u00e9seau TTS (TTN &amp; TTI) sur le site AtlasLocator.&#13; Vous devez d\u00e9j\u00e0 avoir ajout\u00e9 vos appareils et fonctionner sur la plate-forme. La premi\u00e8re <\/p><\/div>\n\n<div class=\"wp-block-post-date\"><time datetime=\"2022-12-16T10:00:42+01:00\">16 de d\u00e9cembre de 2022<\/time><\/div><\/div><\/div>\n\n<\/li><\/ul><\/div>\n<\/div>\n<\/div>\n<\/div>\n\n<p><\/p>\n\n<div style=\"height:100px\" aria-hidden=\"true\" class=\"wp-block-spacer\"><\/div>\n\n<p><\/p>\n\n<div style=\"height:100px\" aria-hidden=\"true\" class=\"wp-block-spacer\"><\/div>\n\n<p class=\"has-x-large-font-size\"><\/p><p class=\"has-text-align-center has-white-color has-text-color has-x-large-font-size\" style=\"font-style:normal;font-weight:500\"><strong>Newsletter<\/strong><\/p>\n\n<p>Vous pouvez vous inscrire \u00e0 la newsletter AtlasLocator pour \u00eatre inform\u00e9 de toutes les actualit\u00e9s en utilisant le formulaire suivant. \u00c9crivez votre adresse e-mail :&#13;\n<\/p>\n\n<div class=\"wp-block-contact-form-7-contact-form-selector\">\n<div class=\"wpcf7 no-js\" id=\"wpcf7-f12627-o1\" lang=\"es-ES\" dir=\"ltr\">\n<div class=\"screen-reader-response\"><p role=\"status\" aria-live=\"polite\" aria-atomic=\"true\"><\/p> <ul><\/ul><\/div>\n<form action=\"\/fr\/wp-json\/wp\/v2\/pages\/5395#wpcf7-f12627-o1\" method=\"post\" class=\"wpcf7-form init\" aria-label=\"Formulario de contacto\" novalidate=\"novalidate\" data-status=\"init\">\n<div style=\"display: none;\">\n<input type=\"hidden\" name=\"_wpcf7\" value=\"12627\" \/>\n<input type=\"hidden\" name=\"_wpcf7_version\" value=\"5.8.6\" \/>\n<input type=\"hidden\" name=\"_wpcf7_locale\" value=\"es_ES\" \/>\n<input type=\"hidden\" name=\"_wpcf7_unit_tag\" value=\"wpcf7-f12627-o1\" \/>\n<input type=\"hidden\" name=\"_wpcf7_container_post\" value=\"0\" \/>\n<input type=\"hidden\" name=\"_wpcf7_posted_data_hash\" value=\"\" \/>\n<input type=\"hidden\" name=\"_wpcf7_recaptcha_response\" value=\"\" \/>\n<\/div>\n<p><span class=\"wpcf7-form-control-wrap\" data-name=\"your-email\"><input size=\"40\" class=\"wpcf7-form-control wpcf7-email wpcf7-validates-as-required wpcf7-text wpcf7-validates-as-email\" aria-required=\"true\" aria-invalid=\"false\" value=\"\" type=\"email\" name=\"your-email\" \/><\/span><input class=\"wpcf7-form-control wpcf7-submit has-spinner\" type=\"submit\" value=\"OK\" \/>\n<\/p><div class=\"wpcf7-response-output\" aria-hidden=\"true\"><\/div>\n<\/form>\n<\/div>\n<\/div>\r\n","protected":false},"excerpt":{"rendered":"<p>Newsletter Vous pouvez vous inscrire \u00e0 la newsletter AtlasLocator pour \u00eatre inform\u00e9 de toutes les actualit\u00e9s en utilisant le formulaire suivant. \u00c9crivez votre adresse e-mail :&#13;<\/p>\n","protected":false},"author":1,"featured_media":0,"parent":0,"menu_order":0,"comment_status":"closed","ping_status":"closed","template":"","meta":{"footnotes":""},"_links":{"self":[{"href":"https:\/\/atlaslocator.com\/fr\/wp-json\/wp\/v2\/pages\/5395"}],"collection":[{"href":"https:\/\/atlaslocator.com\/fr\/wp-json\/wp\/v2\/pages"}],"about":[{"href":"https:\/\/atlaslocator.com\/fr\/wp-json\/wp\/v2\/types\/page"}],"author":[{"embeddable":true,"href":"https:\/\/atlaslocator.com\/fr\/wp-json\/wp\/v2\/users\/1"}],"replies":[{"embeddable":true,"href":"https:\/\/atlaslocator.com\/fr\/wp-json\/wp\/v2\/comments?post=5395"}],"version-history":[{"count":7,"href":"https:\/\/atlaslocator.com\/fr\/wp-json\/wp\/v2\/pages\/5395\/revisions"}],"predecessor-version":[{"id":12684,"href":"https:\/\/atlaslocator.com\/fr\/wp-json\/wp\/v2\/pages\/5395\/revisions\/12684"}],"wp:attachment":[{"href":"https:\/\/atlaslocator.com\/fr\/wp-json\/wp\/v2\/media?parent=5395"}],"curies":[{"name":"wp","href":"https:\/\/api.w.org\/{rel}","templated":true}]}}