{"id":5396,"date":"2022-08-30T16:10:22","date_gmt":"2022-08-30T16:10:22","guid":{"rendered":"https:\/\/www.atlaslocator.com\/application-ido\/"},"modified":"2022-10-04T21:12:33","modified_gmt":"2022-10-04T21:12:33","slug":"application-ido","status":"publish","type":"page","link":"https:\/\/atlaslocator.com\/fr\/application-ido\/","title":{"rendered":"Application IOT"},"content":{"rendered":"<p>Plate-forme de centralisation pour tous vos appareils IOT avec la possibilit\u00e9 de les partager avec vos amis. Il a la possibilit\u00e9 de les suivre sur une carte, des graphiques et des tableaux, de les exporter vers excel et de d\u00e9finir des notifications et des alarmes.<\/p>\n","protected":false},"excerpt":{"rendered":"<p>Plate-forme de centralisation pour tous vos appareils IOT avec la possibilit\u00e9 de les partager avec vos amis. Il a la possibilit\u00e9 de les suivre sur une carte, des graphiques et des tableaux, de les exporter vers excel et de d\u00e9finir des notifications et des alarmes.<\/p>\n","protected":false},"author":1,"featured_media":0,"parent":0,"menu_order":0,"comment_status":"closed","ping_status":"closed","template":"","meta":{"footnotes":""},"_links":{"self":[{"href":"https:\/\/atlaslocator.com\/fr\/wp-json\/wp\/v2\/pages\/5396"}],"collection":[{"href":"https:\/\/atlaslocator.com\/fr\/wp-json\/wp\/v2\/pages"}],"about":[{"href":"https:\/\/atlaslocator.com\/fr\/wp-json\/wp\/v2\/types\/page"}],"author":[{"embeddable":true,"href":"https:\/\/atlaslocator.com\/fr\/wp-json\/wp\/v2\/users\/1"}],"replies":[{"embeddable":true,"href":"https:\/\/atlaslocator.com\/fr\/wp-json\/wp\/v2\/comments?post=5396"}],"version-history":[{"count":1,"href":"https:\/\/atlaslocator.com\/fr\/wp-json\/wp\/v2\/pages\/5396\/revisions"}],"predecessor-version":[{"id":5397,"href":"https:\/\/atlaslocator.com\/fr\/wp-json\/wp\/v2\/pages\/5396\/revisions\/5397"}],"wp:attachment":[{"href":"https:\/\/atlaslocator.com\/fr\/wp-json\/wp\/v2\/media?parent=5396"}],"curies":[{"name":"wp","href":"https:\/\/api.w.org\/{rel}","templated":true}]}}