{"id":5402,"date":"2022-08-30T16:31:53","date_gmt":"2022-08-30T16:31:53","guid":{"rendered":"https:\/\/www.atlaslocator.com\/que-faisons-nous\/"},"modified":"2023-01-12T22:27:57","modified_gmt":"2023-01-12T21:27:57","slug":"que-faisons-nous","status":"publish","type":"page","link":"https:\/\/atlaslocator.com\/fr\/que-faisons-nous\/","title":{"rendered":"Que faisons nous"},"content":{"rendered":"\n<p>AtlasLocator est un \u00e9cosyst\u00e8me de gestion d&rsquo;appareils IOT graphique et cartographique.\r\n<\/p>\n\n\n\n<p>Principalement ax\u00e9 sur la g\u00e9olocalisation de diff\u00e9rents objets, animaux et personnes gr\u00e2ce \u00e0 la technologie IOT. Il vous permet \u00e9galement d&rsquo;analyser les syst\u00e8mes de mesure IOT tels que la temp\u00e9rature, le pH, l&rsquo;humidit\u00e9&#8230;\r\n<\/p>\n","protected":false},"excerpt":{"rendered":"<p>AtlasLocator est un \u00e9cosyst\u00e8me de gestion d&rsquo;appareils IOT graphique et cartographique. Principalement ax\u00e9 sur la g\u00e9olocalisation de diff\u00e9rents objets, animaux et personnes gr\u00e2ce \u00e0 la technologie IOT. Il vous permet \u00e9galement d&rsquo;analyser les syst\u00e8mes de mesure IOT tels que la temp\u00e9rature, le pH, l&rsquo;humidit\u00e9&#8230;<\/p>\n","protected":false},"author":1,"featured_media":0,"parent":0,"menu_order":0,"comment_status":"closed","ping_status":"closed","template":"","meta":{"footnotes":""},"_links":{"self":[{"href":"https:\/\/atlaslocator.com\/fr\/wp-json\/wp\/v2\/pages\/5402"}],"collection":[{"href":"https:\/\/atlaslocator.com\/fr\/wp-json\/wp\/v2\/pages"}],"about":[{"href":"https:\/\/atlaslocator.com\/fr\/wp-json\/wp\/v2\/types\/page"}],"author":[{"embeddable":true,"href":"https:\/\/atlaslocator.com\/fr\/wp-json\/wp\/v2\/users\/1"}],"replies":[{"embeddable":true,"href":"https:\/\/atlaslocator.com\/fr\/wp-json\/wp\/v2\/comments?post=5402"}],"version-history":[{"count":2,"href":"https:\/\/atlaslocator.com\/fr\/wp-json\/wp\/v2\/pages\/5402\/revisions"}],"predecessor-version":[{"id":11802,"href":"https:\/\/atlaslocator.com\/fr\/wp-json\/wp\/v2\/pages\/5402\/revisions\/11802"}],"wp:attachment":[{"href":"https:\/\/atlaslocator.com\/fr\/wp-json\/wp\/v2\/media?parent=5402"}],"curies":[{"name":"wp","href":"https:\/\/api.w.org\/{rel}","templated":true}]}}