{"id":5406,"date":"2022-08-30T16:40:31","date_gmt":"2022-08-30T16:40:31","guid":{"rendered":"https:\/\/www.atlaslocator.com\/qui-sommes-nous-2\/"},"modified":"2023-09-25T00:08:19","modified_gmt":"2023-09-24T22:08:19","slug":"qui-sommes-nous-2","status":"publish","type":"page","link":"https:\/\/atlaslocator.com\/fr\/qui-sommes-nous-2\/","title":{"rendered":"Qui sommes nous"},"content":{"rendered":"\n<div class=\"wp-block-columns is-layout-flex wp-container-core-columns-layout-1 wp-block-columns-is-layout-flex\">\n<div class=\"wp-block-column is-layout-flow wp-block-column-is-layout-flow\" style=\"flex-basis:33.33%\">\n<figure class=\"wp-block-image size-medium\"><a href=\"https:\/\/atlaslocator.com\/wp-content\/uploads\/2022\/07\/LOGO-QUIENES-SOMOS-1.png\"><img loading=\"lazy\" decoding=\"async\" width=\"185\" height=\"300\" src=\"https:\/\/www.atlaslocator.com\/wp-content\/uploads\/2022\/07\/LOGO-QUIENES-SOMOS-1-185x300.png\" alt=\"LOGO QUI NOUS SOMMES\" class=\"wp-image-3047\" srcset=\"https:\/\/atlaslocator.com\/wp-content\/uploads\/2022\/07\/LOGO-QUIENES-SOMOS-1-185x300.png 185w, https:\/\/atlaslocator.com\/wp-content\/uploads\/2022\/07\/LOGO-QUIENES-SOMOS-1.png 296w\" sizes=\"(max-width: 185px) 100vw, 185px\" \/><\/a><\/figure>\n<\/div>\n\n\n\n<div class=\"wp-block-column is-layout-flow wp-block-column-is-layout-flow\" style=\"flex-basis:66.66%\">\n<p class=\"has-white-color has-text-color\"><strong>AtlasLocator<\/strong>\u00a0Il s&rsquo;agit d&rsquo;un \u00e9cosyst\u00e8me de gestion d&rsquo;appareils IOT avec localisation sur une carte et repr\u00e9sentation graphique.&#13;\n<\/p>\n\n\n\n<p class=\"has-white-color has-text-color\">Il est principalement ax\u00e9 sur la g\u00e9olocalisation de diff\u00e9rents objets, animaux et personnes \u00e0 l&rsquo;aide de la technologie IOT (Internet of Things).&#13;\n<\/p>\n\n\n\n<p class=\"has-white-color has-text-color\">Il permet \u00e9galement l&rsquo;exportation de donn\u00e9es, la configuration d&rsquo;alarmes et la gestion d&rsquo;autres syst\u00e8mes de mesure IOT tels que la temp\u00e9rature, le pH, l&rsquo;humidit\u00e9, les manom\u00e8tres&#8230;&#13;\n<\/p>\n\n\n\n<p class=\"has-white-color has-text-color\">L&rsquo;\u00e9quipe AtlasLocator est d\u00e9velopp\u00e9e par un groupe pluridisciplinaire de 3 membres :&#13;\n<\/p>\n<\/div>\n<\/div>\n\n<div class=\"wp-block-columns is-layout-flex wp-container-core-columns-layout-4 wp-block-columns-is-layout-flex\">\n<div class=\"wp-block-column is-layout-flow wp-block-column-is-layout-flow\">\n<div class=\"wp-block-columns is-layout-flex wp-container-core-columns-layout-2 wp-block-columns-is-layout-flex\">\n<div class=\"wp-block-column is-layout-flow wp-block-column-is-layout-flow\"><\/div>\n\n\n\n<div class=\"wp-block-column is-layout-flow wp-block-column-is-layout-flow\">\n<figure class=\"wp-block-image size-large is-resized\"><a href=\"https:\/\/atlaslocator.com\/wp-content\/uploads\/2022\/10\/OSCAR.png\"><img loading=\"lazy\" decoding=\"async\" src=\"https:\/\/www.atlaslocator.com\/wp-content\/uploads\/2022\/10\/OSCAR-724x1024.png\" alt=\"\" class=\"wp-image-7899\" width=\"181\" height=\"256\" srcset=\"https:\/\/atlaslocator.com\/wp-content\/uploads\/2022\/10\/OSCAR-724x1024.png 724w, https:\/\/atlaslocator.com\/wp-content\/uploads\/2022\/10\/OSCAR-212x300.png 212w, https:\/\/atlaslocator.com\/wp-content\/uploads\/2022\/10\/OSCAR-768x1086.png 768w, https:\/\/atlaslocator.com\/wp-content\/uploads\/2022\/10\/OSCAR-1086x1536.png 1086w, https:\/\/atlaslocator.com\/wp-content\/uploads\/2022\/10\/OSCAR-1448x2048.png 1448w\" sizes=\"(max-width: 181px) 100vw, 181px\" \/><\/a><figcaption class=\"wp-element-caption\">\u00d3scar Salvador Paez<br\/><br\/>Sp\u00e9cialiste en Bases de Datos<\/figcaption><\/figure>\n<\/div>\n<\/div>\n<\/div>\n\n\n\n<div class=\"wp-block-column is-layout-flow wp-block-column-is-layout-flow\">\n<div class=\"wp-block-columns is-layout-flex wp-container-core-columns-layout-3 wp-block-columns-is-layout-flex\">\n<div class=\"wp-block-column is-layout-flow wp-block-column-is-layout-flow\">\n<figure class=\"wp-block-image size-large is-resized\"><a href=\"https:\/\/atlaslocator.com\/wp-content\/uploads\/2022\/10\/FELIX.png\"><img loading=\"lazy\" decoding=\"async\" src=\"https:\/\/www.atlaslocator.com\/wp-content\/uploads\/2022\/10\/FELIX-724x1024.png\" alt=\"\" class=\"wp-image-7905\" width=\"181\" height=\"256\" srcset=\"https:\/\/atlaslocator.com\/wp-content\/uploads\/2022\/10\/FELIX-724x1024.png 724w, https:\/\/atlaslocator.com\/wp-content\/uploads\/2022\/10\/FELIX-212x300.png 212w, https:\/\/atlaslocator.com\/wp-content\/uploads\/2022\/10\/FELIX-768x1086.png 768w, https:\/\/atlaslocator.com\/wp-content\/uploads\/2022\/10\/FELIX-1086x1536.png 1086w, https:\/\/atlaslocator.com\/wp-content\/uploads\/2022\/10\/FELIX-1448x2048.png 1448w\" sizes=\"(max-width: 181px) 100vw, 181px\" \/><\/a><figcaption class=\"wp-element-caption\">F\u00e9lix Di\u00e9guez Cebri\u00e1n<br\/><br\/>Sp\u00e9cialiste en  FrontEnd\u200b<\/figcaption><\/figure>\n<\/div>\n\n\n\n<div class=\"wp-block-column is-layout-flow wp-block-column-is-layout-flow\">\n<figure class=\"wp-block-image size-large is-resized\"><a href=\"https:\/\/atlaslocator.com\/wp-content\/uploads\/2022\/10\/JAVI.png\"><img loading=\"lazy\" decoding=\"async\" src=\"https:\/\/www.atlaslocator.com\/wp-content\/uploads\/2022\/10\/JAVI-724x1024.png\" alt=\"\" class=\"wp-image-7911\" width=\"181\" height=\"256\" srcset=\"https:\/\/atlaslocator.com\/wp-content\/uploads\/2022\/10\/JAVI-724x1024.png 724w, https:\/\/atlaslocator.com\/wp-content\/uploads\/2022\/10\/JAVI-212x300.png 212w, https:\/\/atlaslocator.com\/wp-content\/uploads\/2022\/10\/JAVI-768x1086.png 768w, https:\/\/atlaslocator.com\/wp-content\/uploads\/2022\/10\/JAVI-1086x1536.png 1086w, https:\/\/atlaslocator.com\/wp-content\/uploads\/2022\/10\/JAVI-1448x2048.png 1448w\" sizes=\"(max-width: 181px) 100vw, 181px\" \/><\/a><figcaption class=\"wp-element-caption\">Javier Guti\u00e9rrez Abella<br\/><br\/>Sp\u00e9cialiste en IOT, Communications et FrontEnd<\/figcaption><\/figure>\n<\/div>\n<\/div>\n<\/div>\n<\/div>\n","protected":false},"excerpt":{"rendered":"<p>AtlasLocator\u00a0Il s&rsquo;agit d&rsquo;un \u00e9cosyst\u00e8me de gestion d&rsquo;appareils IOT avec localisation sur une carte et repr\u00e9sentation graphique.&#13; Il est principalement ax\u00e9 sur la g\u00e9olocalisation de diff\u00e9rents objets, animaux et personnes \u00e0 l&rsquo;aide de la technologie IOT (Internet of Things).&#13; Il permet \u00e9galement l&rsquo;exportation de donn\u00e9es, la configuration d&rsquo;alarmes et la gestion d&rsquo;autres syst\u00e8mes de mesure IOT<\/p>\n","protected":false},"author":1,"featured_media":0,"parent":0,"menu_order":0,"comment_status":"closed","ping_status":"closed","template":"","meta":{"footnotes":""},"_links":{"self":[{"href":"https:\/\/atlaslocator.com\/fr\/wp-json\/wp\/v2\/pages\/5406"}],"collection":[{"href":"https:\/\/atlaslocator.com\/fr\/wp-json\/wp\/v2\/pages"}],"about":[{"href":"https:\/\/atlaslocator.com\/fr\/wp-json\/wp\/v2\/types\/page"}],"author":[{"embeddable":true,"href":"https:\/\/atlaslocator.com\/fr\/wp-json\/wp\/v2\/users\/1"}],"replies":[{"embeddable":true,"href":"https:\/\/atlaslocator.com\/fr\/wp-json\/wp\/v2\/comments?post=5406"}],"version-history":[{"count":10,"href":"https:\/\/atlaslocator.com\/fr\/wp-json\/wp\/v2\/pages\/5406\/revisions"}],"predecessor-version":[{"id":13037,"href":"https:\/\/atlaslocator.com\/fr\/wp-json\/wp\/v2\/pages\/5406\/revisions\/13037"}],"wp:attachment":[{"href":"https:\/\/atlaslocator.com\/fr\/wp-json\/wp\/v2\/media?parent=5406"}],"curies":[{"name":"wp","href":"https:\/\/api.w.org\/{rel}","templated":true}]}}