{"id":6203,"date":"2022-09-07T15:18:36","date_gmt":"2022-09-07T15:18:36","guid":{"rendered":"https:\/\/www.atlaslocator.com\/inizio\/"},"modified":"2024-02-14T00:51:09","modified_gmt":"2024-02-13T23:51:09","slug":"inizio","status":"publish","type":"page","link":"https:\/\/atlaslocator.com\/it\/","title":{"rendered":"Inizio"},"content":{"rendered":"\n<div class=\"wp-block-query is-layout-flow wp-block-query-is-layout-flow\">\n<div class=\"wp-block-columns is-layout-flex wp-container-core-columns-layout-1 wp-block-columns-is-layout-flex\">\n<div class=\"wp-block-column is-layout-flow wp-block-column-is-layout-flow\" style=\"flex-basis:100%\">\n<p class=\"has-text-align-center has-white-color has-text-color has-x-large-font-size\" style=\"font-style:normal;font-weight:500\"><strong>Blog<\/strong><\/p>\n\n\n\n<div class=\"wp-block-query is-layout-flow wp-block-query-is-layout-flow\"><ul class=\"is-flex-container columns-3 wp-block-post-template is-layout-flow wp-block-post-template-is-layout-flow\"><li class=\"wp-block-post post-13020 post type-post status-publish format-standard has-post-thumbnail hentry category-blog-it category-general-it\">\n\n<div class=\"wp-block-group is-layout-flow wp-block-group-is-layout-flow\" style=\"padding-top:30px;padding-right:30px;padding-bottom:30px;padding-left:30px\"><div class=\"wp-block-group__inner-container\"><figure class=\"wp-block-post-featured-image\"><img loading=\"lazy\" decoding=\"async\" width=\"1536\" height=\"2048\" src=\"https:\/\/atlaslocator.com\/wp-content\/uploads\/2023\/07\/Foro-Sensor-Vina.jpg\" class=\"attachment-post-thumbnail size-post-thumbnail wp-post-image\" alt=\"\" style=\"object-fit:cover;\" srcset=\"https:\/\/atlaslocator.com\/wp-content\/uploads\/2023\/07\/Foro-Sensor-Vina.jpg 1536w, https:\/\/atlaslocator.com\/wp-content\/uploads\/2023\/07\/Foro-Sensor-Vina-225x300.jpg 225w, https:\/\/atlaslocator.com\/wp-content\/uploads\/2023\/07\/Foro-Sensor-Vina-768x1024.jpg 768w, https:\/\/atlaslocator.com\/wp-content\/uploads\/2023\/07\/Foro-Sensor-Vina-1152x1536.jpg 1152w\" sizes=\"(max-width: 1536px) 100vw, 1536px\" \/><\/figure>\n\n<h2 class=\"has-text-color has-white-color wp-block-post-title\"><a href=\"https:\/\/atlaslocator.com\/it\/il-futuro-del-vino-sensorizzazione-iot-nei-vigneti-con-atlaslocator\/\" target=\"_self\">Il futuro del vino: la sensorizzazione IoT nei vigneti con AtlasLocator<\/a><\/h2>\n\n<div class=\"wp-block-post-excerpt\"><p class=\"wp-block-post-excerpt__excerpt\">Il futuro del vino: Sensorizzazione IoT nei vigneti con AtlasLocator Introduzione. Il mondo del vino \u00e8 un mare di antiche tradizioni e sapienze tramandate di generazione in generazione. Ma l&#8217;era digitale non ha scavalcato questo settore. Con l&#8217;avvento delle tecnologie Internet of Things (IoT), le cantine di tutto il mondo stanno iniziando a sperimentare una <\/p><\/div>\n\n<div class=\"wp-block-post-date\"><time datetime=\"2023-07-21T20:22:31+02:00\">21 de Luglio de 2023<\/time><\/div><\/div><\/div>\n\n<\/li><li class=\"wp-block-post post-12931 post type-post status-publish format-standard has-post-thumbnail hentry category-blog-it category-general-it\">\n\n<div class=\"wp-block-group is-layout-flow wp-block-group-is-layout-flow\" style=\"padding-top:30px;padding-right:30px;padding-bottom:30px;padding-left:30px\"><div class=\"wp-block-group__inner-container\"><figure class=\"wp-block-post-featured-image\"><img loading=\"lazy\" decoding=\"async\" width=\"1280\" height=\"960\" src=\"https:\/\/atlaslocator.com\/wp-content\/uploads\/2023\/07\/1.jpg\" class=\"attachment-post-thumbnail size-post-thumbnail wp-post-image\" alt=\"\" style=\"object-fit:cover;\" srcset=\"https:\/\/atlaslocator.com\/wp-content\/uploads\/2023\/07\/1.jpg 1280w, https:\/\/atlaslocator.com\/wp-content\/uploads\/2023\/07\/1-300x225.jpg 300w, https:\/\/atlaslocator.com\/wp-content\/uploads\/2023\/07\/1-1024x768.jpg 1024w, https:\/\/atlaslocator.com\/wp-content\/uploads\/2023\/07\/1-768x576.jpg 768w\" sizes=\"(max-width: 1280px) 100vw, 1280px\" \/><\/figure>\n\n<h2 class=\"has-text-color has-white-color wp-block-post-title\"><a href=\"https:\/\/atlaslocator.com\/it\/efficienza-nel-mondo-delle-emergenze-atlaslocator-e-la-rivoluzione-nella-geolocalizzazione-delle-ambulanze\/\" target=\"_self\">Efficienza nel mondo delle emergenze: AtlasLocator e la rivoluzione nella geolocalizzazione delle ambulanze<\/a><\/h2>\n\n<div class=\"wp-block-post-excerpt\"><p class=\"wp-block-post-excerpt__excerpt\">Efficienza nel mondo delle emergenze: AtlasLocator e la rivoluzione nella geolocalizzazione delle ambulanze&#13; introduzione AtlasLocator ha cambiato il gioco di gestione IOT e il suo ultimo progetto di geolocalizzazione delle ambulanze presentato al Maker Faire Galizia.&#13; Ne \u00e8 una prova indiscutibile. Lavorando a stretto contatto con il gruppo di innovazione &#8220;A Industriosa&#8220;, sono riusciti a <\/p><\/div>\n\n<div class=\"wp-block-post-date\"><time datetime=\"2023-07-06T21:24:39+02:00\">6 de Luglio de 2023<\/time><\/div><\/div><\/div>\n\n<\/li><li class=\"wp-block-post post-12825 post type-post status-publish format-standard has-post-thumbnail hentry category-blog-it category-general-it\">\n\n<div class=\"wp-block-group is-layout-flow wp-block-group-is-layout-flow\" style=\"padding-top:30px;padding-right:30px;padding-bottom:30px;padding-left:30px\"><div class=\"wp-block-group__inner-container\"><figure class=\"wp-block-post-featured-image\"><img loading=\"lazy\" decoding=\"async\" width=\"1900\" height=\"1069\" src=\"https:\/\/atlaslocator.com\/wp-content\/uploads\/2023\/06\/ladron-robando.webp\" class=\"attachment-post-thumbnail size-post-thumbnail wp-post-image\" alt=\"\" style=\"object-fit:cover;\" srcset=\"https:\/\/atlaslocator.com\/wp-content\/uploads\/2023\/06\/ladron-robando.webp 1900w, https:\/\/atlaslocator.com\/wp-content\/uploads\/2023\/06\/ladron-robando-300x169.webp 300w, https:\/\/atlaslocator.com\/wp-content\/uploads\/2023\/06\/ladron-robando-1024x576.webp 1024w, https:\/\/atlaslocator.com\/wp-content\/uploads\/2023\/06\/ladron-robando-768x432.webp 768w, https:\/\/atlaslocator.com\/wp-content\/uploads\/2023\/06\/ladron-robando-1536x864.webp 1536w\" sizes=\"(max-width: 1900px) 100vw, 1900px\" \/><\/figure>\n\n<h2 class=\"has-text-color has-white-color wp-block-post-title\"><a href=\"https:\/\/atlaslocator.com\/it\/la-rivoluzione-iot-nella-sicurezza-domestica\/\" target=\"_self\">La rivoluzione IOT nella sicurezza domestica<\/a><\/h2>\n\n<div class=\"wp-block-post-excerpt\"><p class=\"wp-block-post-excerpt__excerpt\">La rivoluzione IOT nella sicurezza domestica L&#8217;innovazione nell&#8217;tecnologia dell&#8217;informazione non smette mai di stupirci. Un esempio di ci\u00f2 \u00e8 IOT o Internet of Things. Come influenza la nostra vita? Dalla mia esperienza personale, posso dire che il suo impatto \u00e8 enorme, soprattutto sulla sicurezza delle nostre case. Ed \u00e8 che i dispositivi IOT stanno cambiando <\/p><\/div>\n\n<div class=\"wp-block-post-date\"><time datetime=\"2023-06-08T18:46:53+02:00\">8 de Giugno de 2023<\/time><\/div><\/div><\/div>\n\n<\/li><li class=\"wp-block-post post-12786 post type-post status-publish format-standard has-post-thumbnail hentry category-blog-it category-general-it\">\n\n<div class=\"wp-block-group is-layout-flow wp-block-group-is-layout-flow\" style=\"padding-top:30px;padding-right:30px;padding-bottom:30px;padding-left:30px\"><div class=\"wp-block-group__inner-container\"><figure class=\"wp-block-post-featured-image\"><img loading=\"lazy\" decoding=\"async\" width=\"711\" height=\"602\" src=\"https:\/\/atlaslocator.com\/wp-content\/uploads\/2023\/05\/Imagen-03.png\" class=\"attachment-post-thumbnail size-post-thumbnail wp-post-image\" alt=\"\" style=\"object-fit:cover;\" srcset=\"https:\/\/atlaslocator.com\/wp-content\/uploads\/2023\/05\/Imagen-03.png 711w, https:\/\/atlaslocator.com\/wp-content\/uploads\/2023\/05\/Imagen-03-300x254.png 300w\" sizes=\"(max-width: 711px) 100vw, 711px\" \/><\/figure>\n\n<h2 class=\"has-text-color has-white-color wp-block-post-title\"><a href=\"https:\/\/atlaslocator.com\/it\/migliora-la-gestione-dei-tuoi-dispositivi-iot-con-atlaslocator\/\" target=\"_self\">Migliora la gestione dei tuoi dispositivi <strong>IoT<\/strong> con AtlasLocator<\/a><\/h2>\n\n<div class=\"wp-block-post-excerpt\"><p class=\"wp-block-post-excerpt__excerpt\">Migliora la gestione dei tuoi dispositivi IoT con AtlasLocator Nell&#8217;era digitale odierna, la gestione efficiente dei dispositivi connessi a Internet o IoT \u00e8 fondamentale. AtlasLocator si presenta come una soluzione innovativa a questa domanda. L&#8217;importanza della geolocalizzazione nella gestione dei dispositivi IoT La geolocalizzazione \u00e8 una funzione vitale nella gestione dei dispositivi IoT. AtlasLocator si <\/p><\/div>\n\n<div class=\"wp-block-post-date\"><time datetime=\"2023-05-16T01:38:37+02:00\">16 de Maggio de 2023<\/time><\/div><\/div><\/div>\n\n<\/li><li class=\"wp-block-post post-12508 post type-post status-publish format-standard has-post-thumbnail hentry category-blog-it category-general-it\">\n\n<div class=\"wp-block-group is-layout-flow wp-block-group-is-layout-flow\" style=\"padding-top:30px;padding-right:30px;padding-bottom:30px;padding-left:30px\"><div class=\"wp-block-group__inner-container\"><figure class=\"wp-block-post-featured-image\"><img loading=\"lazy\" decoding=\"async\" width=\"602\" height=\"451\" src=\"https:\/\/atlaslocator.com\/wp-content\/uploads\/2023\/03\/ganado.jpg\" class=\"attachment-post-thumbnail size-post-thumbnail wp-post-image\" alt=\"\" style=\"object-fit:cover;\" srcset=\"https:\/\/atlaslocator.com\/wp-content\/uploads\/2023\/03\/ganado.jpg 602w, https:\/\/atlaslocator.com\/wp-content\/uploads\/2023\/03\/ganado-300x225.jpg 300w\" sizes=\"(max-width: 602px) 100vw, 602px\" \/><\/figure>\n\n<h2 class=\"has-text-color has-white-color wp-block-post-title\"><a href=\"https:\/\/atlaslocator.com\/it\/geolocalizzazione-del-bestiame\/\" target=\"_self\">Geolocalizzazione del bestiame<\/a><\/h2>\n\n<div class=\"wp-block-post-excerpt\"><p class=\"wp-block-post-excerpt__excerpt\">La geolocalizzazione GPS del bestiame \u00e8 una tecnologia che consente di conoscere la posizione e lo stato degli animali in tempo reale attraverso dispositivi che vengono posizionati sul collare o sull&#8217;orecchio dell&#8217;animale. Questa tecnologia ha diversi vantaggi per gli agricoltori, come ad esempio:&#13; &#8211; Evita furti, smarrimenti o attacchi da parte di predatori, potendo localizzare <\/p><\/div>\n\n<div class=\"wp-block-post-date\"><time datetime=\"2023-03-17T20:36:29+01:00\">17 de Marzo de 2023<\/time><\/div><\/div><\/div>\n\n<\/li><li class=\"wp-block-post post-9567 post type-post status-publish format-standard has-post-thumbnail hentry category-blog-it category-general-it\">\n\n<div class=\"wp-block-group is-layout-flow wp-block-group-is-layout-flow\" style=\"padding-top:30px;padding-right:30px;padding-bottom:30px;padding-left:30px\"><div class=\"wp-block-group__inner-container\"><figure class=\"wp-block-post-featured-image\"><img loading=\"lazy\" decoding=\"async\" width=\"1600\" height=\"738\" src=\"https:\/\/atlaslocator.com\/wp-content\/uploads\/2022\/12\/ttn.png\" class=\"attachment-post-thumbnail size-post-thumbnail wp-post-image\" alt=\"ttn\" style=\"object-fit:cover;\" srcset=\"https:\/\/atlaslocator.com\/wp-content\/uploads\/2022\/12\/ttn.png 1600w, https:\/\/atlaslocator.com\/wp-content\/uploads\/2022\/12\/ttn-300x138.png 300w, https:\/\/atlaslocator.com\/wp-content\/uploads\/2022\/12\/ttn-1024x472.png 1024w, https:\/\/atlaslocator.com\/wp-content\/uploads\/2022\/12\/ttn-768x354.png 768w, https:\/\/atlaslocator.com\/wp-content\/uploads\/2022\/12\/ttn-1536x708.png 1536w\" sizes=\"(max-width: 1600px) 100vw, 1600px\" \/><\/figure>\n\n<h2 class=\"has-text-color has-white-color wp-block-post-title\"><a href=\"https:\/\/atlaslocator.com\/it\/vedere-ulteriori-informazioni-sullintegrazione-della-connessione-ttn\/\" target=\"_self\">Vedere ulteriori informazioni sull&#8217;integrazione della connessione TTS (TTN &#038; TTI)<\/a><\/h2>\n\n<div class=\"wp-block-post-excerpt\"><p class=\"wp-block-post-excerpt__excerpt\">La nostra piattaforma AtlasLocator si collega alla rete Lora The Things Network TTS (TTN &amp; TTI) tramite il protocollo MQTT. Grazie a questa integrazione sarai in grado di sfruttare tutti i dati dal tuo dispositivo di rete TTS (TTN &amp; TTI) sul sito Web AtlasLocator.&#13; Devi gi\u00e0 avere i tuoi dispositivi aggiunti e funzionanti sulla <\/p><\/div>\n\n<div class=\"wp-block-post-date\"><time datetime=\"2022-12-16T10:18:12+01:00\">16 de Dicembre de 2022<\/time><\/div><\/div><\/div>\n\n<\/li><\/ul><\/div>\n<\/div>\n<\/div>\n<\/div>\n\n<p><\/p>\n\n<div style=\"height:100px\" aria-hidden=\"true\" class=\"wp-block-spacer\"><\/div>\n\n<p><\/p>\n\n<div style=\"height:100px\" aria-hidden=\"true\" class=\"wp-block-spacer\"><\/div>\n\n<p class=\"has-x-large-font-size\"><\/p><p class=\"has-text-align-center has-white-color has-text-color has-x-large-font-size\" style=\"font-style:normal;font-weight:500\"><strong>Notiziario<\/strong><\/p>\n\n<p>Puoi iscriverti alla newsletter di AtlasLocator per essere informato su tutte le novit\u00e0 utilizzando il seguente form. Scrivi il tuo indirizzo email:&#13;\n<\/p>\n\n<div class=\"wp-block-contact-form-7-contact-form-selector\">\n<div class=\"wpcf7 no-js\" id=\"wpcf7-f12627-o1\" lang=\"es-ES\" dir=\"ltr\">\n<div class=\"screen-reader-response\"><p role=\"status\" aria-live=\"polite\" aria-atomic=\"true\"><\/p> <ul><\/ul><\/div>\n<form action=\"\/it\/wp-json\/wp\/v2\/pages\/6203#wpcf7-f12627-o1\" method=\"post\" class=\"wpcf7-form init\" aria-label=\"Formulario de contacto\" novalidate=\"novalidate\" data-status=\"init\">\n<div style=\"display: none;\">\n<input type=\"hidden\" name=\"_wpcf7\" value=\"12627\" \/>\n<input type=\"hidden\" name=\"_wpcf7_version\" value=\"5.8.6\" \/>\n<input type=\"hidden\" name=\"_wpcf7_locale\" value=\"es_ES\" \/>\n<input type=\"hidden\" name=\"_wpcf7_unit_tag\" value=\"wpcf7-f12627-o1\" \/>\n<input type=\"hidden\" name=\"_wpcf7_container_post\" value=\"0\" \/>\n<input type=\"hidden\" name=\"_wpcf7_posted_data_hash\" value=\"\" \/>\n<input type=\"hidden\" name=\"_wpcf7_recaptcha_response\" value=\"\" \/>\n<\/div>\n<p><span class=\"wpcf7-form-control-wrap\" data-name=\"your-email\"><input size=\"40\" class=\"wpcf7-form-control wpcf7-email wpcf7-validates-as-required wpcf7-text wpcf7-validates-as-email\" aria-required=\"true\" aria-invalid=\"false\" value=\"\" type=\"email\" name=\"your-email\" \/><\/span><input class=\"wpcf7-form-control wpcf7-submit has-spinner\" type=\"submit\" value=\"OK\" \/>\n<\/p><div class=\"wpcf7-response-output\" aria-hidden=\"true\"><\/div>\n<\/form>\n<\/div>\n<\/div>\r\n","protected":false},"excerpt":{"rendered":"<p>Notiziario Puoi iscriverti alla newsletter di AtlasLocator per essere informato su tutte le novit\u00e0 utilizzando il seguente form. Scrivi il tuo indirizzo email:&#13;<\/p>\n","protected":false},"author":1,"featured_media":0,"parent":0,"menu_order":0,"comment_status":"closed","ping_status":"closed","template":"","meta":{"footnotes":""},"_links":{"self":[{"href":"https:\/\/atlaslocator.com\/it\/wp-json\/wp\/v2\/pages\/6203"}],"collection":[{"href":"https:\/\/atlaslocator.com\/it\/wp-json\/wp\/v2\/pages"}],"about":[{"href":"https:\/\/atlaslocator.com\/it\/wp-json\/wp\/v2\/types\/page"}],"author":[{"embeddable":true,"href":"https:\/\/atlaslocator.com\/it\/wp-json\/wp\/v2\/users\/1"}],"replies":[{"embeddable":true,"href":"https:\/\/atlaslocator.com\/it\/wp-json\/wp\/v2\/comments?post=6203"}],"version-history":[{"count":7,"href":"https:\/\/atlaslocator.com\/it\/wp-json\/wp\/v2\/pages\/6203\/revisions"}],"predecessor-version":[{"id":12686,"href":"https:\/\/atlaslocator.com\/it\/wp-json\/wp\/v2\/pages\/6203\/revisions\/12686"}],"wp:attachment":[{"href":"https:\/\/atlaslocator.com\/it\/wp-json\/wp\/v2\/media?parent=6203"}],"curies":[{"name":"wp","href":"https:\/\/api.w.org\/{rel}","templated":true}]}}