{"id":13199,"date":"2023-10-11T01:14:35","date_gmt":"2023-10-10T23:14:35","guid":{"rendered":"https:\/\/atlaslocator.com\/preco\/"},"modified":"2023-10-18T02:29:04","modified_gmt":"2023-10-18T00:29:04","slug":"preco","status":"publish","type":"page","link":"https:\/\/atlaslocator.com\/pt-pt\/preco\/","title":{"rendered":"Pre\u00e7o"},"content":{"rendered":"<div>\n<div style=\"display: flex; justify-content:center;\">\n<div style=\"width: 360px;background-color:#363636;border-radius:5%;padding:25px;\">\n<p style=\"color:#FFFFFF\"><b> Comece a gerenciar todos os seus dispositivos IOT gratuitamente.<\/b><\/p>\n<h3 style=\"color:#FFFFFF\">Gr\u00e1tis<br \/>\n0 \u20ac \/ m\u00eas<\/h3>\n<p style=\"color:#FFFFFF\">\n<div style=\"border-top:white solid 3.5px; padding-top: 20px;\">\n<p style=\"color:#FFFFFF\"> \u2713 &nbsp; Dispositivos ilimitados<\/p>\n<p style=\"color:#FFFFFF\"> \u2713 &nbsp; Monitoramento ilimitado<\/p>\n<p style=\"color:#FFFFFF\"> \u2713 &nbsp; Hist\u00f3rico de dados ilimitado<\/p>\n<p style=\"color:#FFFFFF\"> \u2713 &nbsp; Alarmes ilimitados<\/p>\n<p style=\"color:#FFFFFF\"> \u2713 &nbsp; Exportar dados para Excel<\/p>\n<p style=\"color:#FFFFFF\"> \u2713 &nbsp; Compartilhe com amigos<\/p>\n<p style=\"color:#FFFFFF\"> \u2713 &nbsp; Atualiza\u00e7\u00e3o autom\u00e1tica de dados<\/p>\n<p style=\"color:#FFFFFF\"> \u2713 &nbsp; V\u00e1rios idiomas<\/p>\n<p style=\"color:#FFFFFF\"> \u2713 &nbsp; Suporte e assist\u00eancia<\/p>\n<\/div>\n<\/div>\n<\/div>\n<\/div>\n","protected":false},"excerpt":{"rendered":"<p>Comece a gerenciar todos os seus dispositivos IOT gratuitamente. Gr\u00e1tis 0 \u20ac \/ m\u00eas \u2713 &nbsp; Dispositivos ilimitados \u2713 &nbsp; Monitoramento ilimitado \u2713 &nbsp; Hist\u00f3rico de dados ilimitado \u2713 &nbsp; Alarmes ilimitados \u2713 &nbsp; Exportar dados para Excel \u2713 &nbsp; Compartilhe com amigos \u2713 &nbsp; Atualiza\u00e7\u00e3o autom\u00e1tica de dados \u2713 &nbsp; V\u00e1rios idiomas \u2713 &nbsp;<\/p>\n","protected":false},"author":2,"featured_media":0,"parent":0,"menu_order":0,"comment_status":"closed","ping_status":"closed","template":"","meta":{"footnotes":""},"_links":{"self":[{"href":"https:\/\/atlaslocator.com\/pt-pt\/wp-json\/wp\/v2\/pages\/13199"}],"collection":[{"href":"https:\/\/atlaslocator.com\/pt-pt\/wp-json\/wp\/v2\/pages"}],"about":[{"href":"https:\/\/atlaslocator.com\/pt-pt\/wp-json\/wp\/v2\/types\/page"}],"author":[{"embeddable":true,"href":"https:\/\/atlaslocator.com\/pt-pt\/wp-json\/wp\/v2\/users\/2"}],"replies":[{"embeddable":true,"href":"https:\/\/atlaslocator.com\/pt-pt\/wp-json\/wp\/v2\/comments?post=13199"}],"version-history":[{"count":5,"href":"https:\/\/atlaslocator.com\/pt-pt\/wp-json\/wp\/v2\/pages\/13199\/revisions"}],"predecessor-version":[{"id":13236,"href":"https:\/\/atlaslocator.com\/pt-pt\/wp-json\/wp\/v2\/pages\/13199\/revisions\/13236"}],"wp:attachment":[{"href":"https:\/\/atlaslocator.com\/pt-pt\/wp-json\/wp\/v2\/media?parent=13199"}],"curies":[{"name":"wp","href":"https:\/\/api.w.org\/{rel}","templated":true}]}}