{"id":5480,"date":"2022-08-30T20:26:52","date_gmt":"2022-08-30T20:26:52","guid":{"rendered":"https:\/\/www.atlaslocator.com\/aplicativo-iot\/"},"modified":"2022-10-04T21:13:41","modified_gmt":"2022-10-04T21:13:41","slug":"aplicativo-iot","status":"publish","type":"page","link":"https:\/\/atlaslocator.com\/pt-pt\/aplicativo-iot\/","title":{"rendered":"Aplicativo IoT"},"content":{"rendered":"<p>Plataforma de centraliza\u00e7\u00e3o para todos os seus dispositivos IOT com a op\u00e7\u00e3o de compartilh\u00e1-los com seus amigos. Tem a possibilidade de monitor\u00e1-los em mapa, gr\u00e1ficos e tabelas, export\u00e1-los para excel e definir notifica\u00e7\u00f5es e alarmes.<\/p>\n","protected":false},"excerpt":{"rendered":"<p>Plataforma de centraliza\u00e7\u00e3o para todos os seus dispositivos IOT com a op\u00e7\u00e3o de compartilh\u00e1-los com seus amigos. Tem a possibilidade de monitor\u00e1-los em mapa, gr\u00e1ficos e tabelas, export\u00e1-los para excel e definir notifica\u00e7\u00f5es e alarmes.<\/p>\n","protected":false},"author":1,"featured_media":0,"parent":0,"menu_order":0,"comment_status":"closed","ping_status":"closed","template":"","meta":{"footnotes":""},"_links":{"self":[{"href":"https:\/\/atlaslocator.com\/pt-pt\/wp-json\/wp\/v2\/pages\/5480"}],"collection":[{"href":"https:\/\/atlaslocator.com\/pt-pt\/wp-json\/wp\/v2\/pages"}],"about":[{"href":"https:\/\/atlaslocator.com\/pt-pt\/wp-json\/wp\/v2\/types\/page"}],"author":[{"embeddable":true,"href":"https:\/\/atlaslocator.com\/pt-pt\/wp-json\/wp\/v2\/users\/1"}],"replies":[{"embeddable":true,"href":"https:\/\/atlaslocator.com\/pt-pt\/wp-json\/wp\/v2\/comments?post=5480"}],"version-history":[{"count":1,"href":"https:\/\/atlaslocator.com\/pt-pt\/wp-json\/wp\/v2\/pages\/5480\/revisions"}],"predecessor-version":[{"id":6589,"href":"https:\/\/atlaslocator.com\/pt-pt\/wp-json\/wp\/v2\/pages\/5480\/revisions\/6589"}],"wp:attachment":[{"href":"https:\/\/atlaslocator.com\/pt-pt\/wp-json\/wp\/v2\/media?parent=5480"}],"curies":[{"name":"wp","href":"https:\/\/api.w.org\/{rel}","templated":true}]}}