{"id":5534,"date":"2022-08-30T20:30:03","date_gmt":"2022-08-30T20:30:03","guid":{"rendered":"https:\/\/www.atlaslocator.com\/comunicacoes\/"},"modified":"2023-01-22T00:31:17","modified_gmt":"2023-01-21T23:31:17","slug":"comunicacoes","status":"publish","type":"page","link":"https:\/\/atlaslocator.com\/pt-pt\/comunicacoes\/","title":{"rendered":"Comunica\u00e7\u00f5es"},"content":{"rendered":"\n<p class=\"has-white-color has-text-color\">Na <strong>AtlasLocator <\/strong> trabalhamos com operadores LoraWan IOT, como The Things Stack (The Things Network &amp; The Things Industrial) e Helium. <\/p>\n\n\n\n<p class=\"has-white-color has-text-color\">Muito em breve iremos expandir para outros como Sigfox, Fossa ou NarrowBand.<\/p>\n\n\n\n<hr class=\"wp-block-separator has-text-color has-alpha-channel-opacity has-background is-style-dots\" style=\"background-color:#232323;color:#232323\"\/>\n\n\n\n<div class=\"wp-block-group is-layout-flow wp-block-group-is-layout-flow\"><div class=\"wp-block-group__inner-container\">\n<div class=\"wp-block-columns is-layout-flex wp-container-core-columns-layout-1 wp-block-columns-is-layout-flex\">\n<div class=\"wp-block-column is-layout-flow wp-block-column-is-layout-flow\" style=\"flex-basis:100%\">\n<figure class=\"wp-block-image size-large bordes-redondos\"><a href=\"https:\/\/atlaslocator.com\/wp-content\/uploads\/2023\/01\/ESQUEMA-PORTUGUES-2.png\"><img loading=\"lazy\" decoding=\"async\" width=\"981\" height=\"1024\" src=\"https:\/\/atlaslocator.com\/wp-content\/uploads\/2023\/01\/ESQUEMA-PORTUGUES-2-981x1024.png\" alt=\"\" class=\"wp-image-11904\" srcset=\"https:\/\/atlaslocator.com\/wp-content\/uploads\/2023\/01\/ESQUEMA-PORTUGUES-2-981x1024.png 981w, https:\/\/atlaslocator.com\/wp-content\/uploads\/2023\/01\/ESQUEMA-PORTUGUES-2-287x300.png 287w, https:\/\/atlaslocator.com\/wp-content\/uploads\/2023\/01\/ESQUEMA-PORTUGUES-2-768x801.png 768w, https:\/\/atlaslocator.com\/wp-content\/uploads\/2023\/01\/ESQUEMA-PORTUGUES-2.png 1080w\" sizes=\"(max-width: 981px) 100vw, 981px\" \/><\/a><\/figure>\n\n\n\n<hr class=\"wp-block-separator has-text-color has-alpha-channel-opacity has-background is-style-default\" style=\"background-color:#1b283600;color:#1b283600\"\/>\n\n\n\n<p class=\"has-white-color has-text-color\"><strong>Helium<\/strong>: Nossa integra\u00e7\u00e3o com o Helium permite que voc\u00ea receba dados do console do Helium por meio de uma integra\u00e7\u00e3o do tipo HTTP.\n<\/p>\n\n\n\n<p><a href=\"https:\/\/atlaslocator.com\/helium_integration_pt\">Veja mais informa\u00e7\u00f5es sobre integra\u00e7\u00e3o de conex\u00e3o<\/a>\n<\/p>\n\n\n\n<p class=\"has-white-color has-text-color\"><a href=\"https:\/\/atlaslocator.com\/coverage_helium_pt\">Consulte os mapas de cobertura, para conhecer a cobertura na sua \u00e1rea<\/a>\n<\/p>\n\n\n\n<p class=\"has-white-color has-text-color\"><a href=\"https:\/\/atlaslocator.com\/antennas_helium_pt\">Saiba onde as antenas est\u00e3o localizadas com esses mapas<\/a>\n<\/p>\n\n\n\n<p class=\"has-white-color has-text-color\"><strong>TTN<\/strong> <strong>&amp; TTI<\/strong>: Nossa integra\u00e7\u00e3o com TTN &amp; TTI permite que voc\u00ea receba dados do console TTN &amp; TTI por meio de uma integra\u00e7\u00e3o do tipo MQTT. <\/p>\n\n\n\n<p class=\"has-white-color has-text-color\"><a href=\"https:\/\/atlaslocator.com\/ttn_integration_pt\">Veja mais informa\u00e7\u00f5es integra\u00e7\u00e3o de conex\u00e3o<\/a>\n<\/p>\n\n\n\n<p class=\"has-white-color has-text-color\"><a href=\"https:\/\/atlaslocator.com\/coverage_ttn_pt\">Consulte os mapas de cobertura, para conhecer a cobertura na sua \u00e1rea<\/a>\n<\/p>\n\n\n\n<p class=\"has-white-color has-text-color\"><a href=\"https:\/\/atlaslocator.com\/antennas_ttn_pt\">Saiba onde as antenas est\u00e3o localizadas com esses mapas<\/a>\n<\/p>\n<\/div>\n<\/div>\n<\/div><\/div>\n\n\n\n<p class=\"has-white-color has-text-color\"><\/p>\n\n\n\n<style>\n  @media only screen and (max-width: 767px) {\n    .wp-block-image img,\n    figure.aligncenter {\n      max-width: 100%;\n    }\n  }\n<\/style>\n","protected":false},"excerpt":{"rendered":"<p>Na AtlasLocator trabalhamos com operadores LoraWan IOT, como The Things Stack (The Things Network &amp; The Things Industrial) e Helium. Muito em breve iremos expandir para outros como Sigfox, Fossa ou NarrowBand. Helium: Nossa integra\u00e7\u00e3o com o Helium permite que voc\u00ea receba dados do console do Helium por meio de uma integra\u00e7\u00e3o do tipo HTTP.<\/p>\n","protected":false},"author":1,"featured_media":0,"parent":0,"menu_order":0,"comment_status":"closed","ping_status":"closed","template":"","meta":{"footnotes":""},"_links":{"self":[{"href":"https:\/\/atlaslocator.com\/pt-pt\/wp-json\/wp\/v2\/pages\/5534"}],"collection":[{"href":"https:\/\/atlaslocator.com\/pt-pt\/wp-json\/wp\/v2\/pages"}],"about":[{"href":"https:\/\/atlaslocator.com\/pt-pt\/wp-json\/wp\/v2\/types\/page"}],"author":[{"embeddable":true,"href":"https:\/\/atlaslocator.com\/pt-pt\/wp-json\/wp\/v2\/users\/1"}],"replies":[{"embeddable":true,"href":"https:\/\/atlaslocator.com\/pt-pt\/wp-json\/wp\/v2\/comments?post=5534"}],"version-history":[{"count":42,"href":"https:\/\/atlaslocator.com\/pt-pt\/wp-json\/wp\/v2\/pages\/5534\/revisions"}],"predecessor-version":[{"id":12312,"href":"https:\/\/atlaslocator.com\/pt-pt\/wp-json\/wp\/v2\/pages\/5534\/revisions\/12312"}],"wp:attachment":[{"href":"https:\/\/atlaslocator.com\/pt-pt\/wp-json\/wp\/v2\/media?parent=5534"}],"curies":[{"name":"wp","href":"https:\/\/api.w.org\/{rel}","templated":true}]}}