{"id":5706,"date":"2022-08-30T20:43:19","date_gmt":"2022-08-30T20:43:19","guid":{"rendered":"https:\/\/www.atlaslocator.com\/comecar\/"},"modified":"2024-02-14T00:48:21","modified_gmt":"2024-02-13T23:48:21","slug":"comecar","status":"publish","type":"page","link":"https:\/\/atlaslocator.com\/pt-pt\/","title":{"rendered":"Come\u00e7ar"},"content":{"rendered":"\n<div class=\"wp-block-query is-layout-flow wp-block-query-is-layout-flow\">\n<div class=\"wp-block-columns is-layout-flex wp-container-core-columns-layout-1 wp-block-columns-is-layout-flex\">\n<div class=\"wp-block-column is-layout-flow wp-block-column-is-layout-flow\" style=\"flex-basis:100%\">\n<p class=\"has-text-align-center has-white-color has-text-color has-x-large-font-size\" style=\"font-style:normal;font-weight:500\"><strong>Blog<\/strong><\/p>\n\n\n\n<div class=\"wp-block-query is-layout-flow wp-block-query-is-layout-flow\"><ul class=\"is-flex-container columns-3 wp-block-post-template is-layout-flow wp-block-post-template-is-layout-flow\"><li class=\"wp-block-post post-13022 post type-post status-publish format-standard has-post-thumbnail hentry category-blog-pt-pt category-general-pt-pt\">\n\n<div class=\"wp-block-group is-layout-flow wp-block-group-is-layout-flow\" style=\"padding-top:30px;padding-right:30px;padding-bottom:30px;padding-left:30px\"><div class=\"wp-block-group__inner-container\"><figure class=\"wp-block-post-featured-image\"><img loading=\"lazy\" decoding=\"async\" width=\"1536\" height=\"2048\" src=\"https:\/\/atlaslocator.com\/wp-content\/uploads\/2023\/07\/Foro-Sensor-Vina.jpg\" class=\"attachment-post-thumbnail size-post-thumbnail wp-post-image\" alt=\"\" style=\"object-fit:cover;\" srcset=\"https:\/\/atlaslocator.com\/wp-content\/uploads\/2023\/07\/Foro-Sensor-Vina.jpg 1536w, https:\/\/atlaslocator.com\/wp-content\/uploads\/2023\/07\/Foro-Sensor-Vina-225x300.jpg 225w, https:\/\/atlaslocator.com\/wp-content\/uploads\/2023\/07\/Foro-Sensor-Vina-768x1024.jpg 768w, https:\/\/atlaslocator.com\/wp-content\/uploads\/2023\/07\/Foro-Sensor-Vina-1152x1536.jpg 1152w\" sizes=\"(max-width: 1536px) 100vw, 1536px\" \/><\/figure>\n\n<h2 class=\"has-text-color has-white-color wp-block-post-title\"><a href=\"https:\/\/atlaslocator.com\/pt-pt\/o-futuro-do-vinho-sensorizacao-iot-em-vinhedos-com-atlaslocator\/\" target=\"_self\">O Futuro do Vinho: Sensoriza\u00e7\u00e3o IoT em Vinhedos com AtlasLocator<\/a><\/h2>\n\n<div class=\"wp-block-post-excerpt\"><p class=\"wp-block-post-excerpt__excerpt\">O futuro do vinho: Sensoriza\u00e7\u00e3o IoT em vinhedos com AtlasLocator Introdu\u00e7\u00e3o. O mundo do vinho \u00e9 um mar de antigas tradi\u00e7\u00f5es e sabedoria transmitida de gera\u00e7\u00e3o em gera\u00e7\u00e3o. Mas a era digital n\u00e3o contornou esse setor. Com o advento das tecnologias da Internet das Coisas (IoT), as vin\u00edcolas de todo o mundo est\u00e3o come\u00e7ando a <\/p><\/div>\n\n<div class=\"wp-block-post-date\"><time datetime=\"2023-07-21T20:28:25+02:00\">21 de Julho de 2023<\/time><\/div><\/div><\/div>\n\n<\/li><li class=\"wp-block-post post-12935 post type-post status-publish format-standard has-post-thumbnail hentry category-blog-pt-pt category-general-pt-pt\">\n\n<div class=\"wp-block-group is-layout-flow wp-block-group-is-layout-flow\" style=\"padding-top:30px;padding-right:30px;padding-bottom:30px;padding-left:30px\"><div class=\"wp-block-group__inner-container\"><figure class=\"wp-block-post-featured-image\"><img loading=\"lazy\" decoding=\"async\" width=\"1280\" height=\"960\" src=\"https:\/\/atlaslocator.com\/wp-content\/uploads\/2023\/07\/1.jpg\" class=\"attachment-post-thumbnail size-post-thumbnail wp-post-image\" alt=\"\" style=\"object-fit:cover;\" srcset=\"https:\/\/atlaslocator.com\/wp-content\/uploads\/2023\/07\/1.jpg 1280w, https:\/\/atlaslocator.com\/wp-content\/uploads\/2023\/07\/1-300x225.jpg 300w, https:\/\/atlaslocator.com\/wp-content\/uploads\/2023\/07\/1-1024x768.jpg 1024w, https:\/\/atlaslocator.com\/wp-content\/uploads\/2023\/07\/1-768x576.jpg 768w\" sizes=\"(max-width: 1280px) 100vw, 1280px\" \/><\/figure>\n\n<h2 class=\"has-text-color has-white-color wp-block-post-title\"><a href=\"https:\/\/atlaslocator.com\/pt-pt\/eficiencia-no-mundo-das-emergencias-atlaslocator-e-a-revolucao-na-geolocalizacao-de-ambulancias\/\" target=\"_self\">Efici\u00eancia no mundo das emerg\u00eancias: AtlasLocator e a revolu\u00e7\u00e3o na geolocaliza\u00e7\u00e3o de ambul\u00e2ncias<\/a><\/h2>\n\n<div class=\"wp-block-post-excerpt\"><p class=\"wp-block-post-excerpt__excerpt\">Efici\u00eancia no mundo das emerg\u00eancias: AtlasLocator e a revolu\u00e7\u00e3o na geolocaliza\u00e7\u00e3o de ambul\u00e2ncias&#13; Introdu\u00e7\u00e3o AtlasLocator mudou o jogo de gerenciamento IOT e seu mais recente projeto de geolocaliza\u00e7\u00e3o de ambul\u00e2ncias foi apresentado no Maker Faire Galicia.&#13; \u00c9 uma prova incontest\u00e1vel disso. Trabalhando em estreita colabora\u00e7\u00e3o com o grupo de inova\u00e7\u00e3o &#8220;A Industriosa&#8220;, eles conseguiram combinar <\/p><\/div>\n\n<div class=\"wp-block-post-date\"><time datetime=\"2023-07-06T21:36:02+02:00\">6 de Julho de 2023<\/time><\/div><\/div><\/div>\n\n<\/li><li class=\"wp-block-post post-12827 post type-post status-publish format-standard has-post-thumbnail hentry category-blog-pt-pt category-general-pt-pt\">\n\n<div class=\"wp-block-group is-layout-flow wp-block-group-is-layout-flow\" style=\"padding-top:30px;padding-right:30px;padding-bottom:30px;padding-left:30px\"><div class=\"wp-block-group__inner-container\"><figure class=\"wp-block-post-featured-image\"><img loading=\"lazy\" decoding=\"async\" width=\"1900\" height=\"1069\" src=\"https:\/\/atlaslocator.com\/wp-content\/uploads\/2023\/06\/ladron-robando.webp\" class=\"attachment-post-thumbnail size-post-thumbnail wp-post-image\" alt=\"\" style=\"object-fit:cover;\" srcset=\"https:\/\/atlaslocator.com\/wp-content\/uploads\/2023\/06\/ladron-robando.webp 1900w, https:\/\/atlaslocator.com\/wp-content\/uploads\/2023\/06\/ladron-robando-300x169.webp 300w, https:\/\/atlaslocator.com\/wp-content\/uploads\/2023\/06\/ladron-robando-1024x576.webp 1024w, https:\/\/atlaslocator.com\/wp-content\/uploads\/2023\/06\/ladron-robando-768x432.webp 768w, https:\/\/atlaslocator.com\/wp-content\/uploads\/2023\/06\/ladron-robando-1536x864.webp 1536w\" sizes=\"(max-width: 1900px) 100vw, 1900px\" \/><\/figure>\n\n<h2 class=\"has-text-color has-white-color wp-block-post-title\"><a href=\"https:\/\/atlaslocator.com\/pt-pt\/a-revolucao-iot-na-seguranca-domestica\/\" target=\"_self\">A revolu\u00e7\u00e3o IOT na seguran\u00e7a dom\u00e9stica<\/a><\/h2>\n\n<div class=\"wp-block-post-excerpt\"><p class=\"wp-block-post-excerpt__excerpt\">A revolu\u00e7\u00e3o IOT na seguran\u00e7a dom\u00e9stica A inova\u00e7\u00e3o em tecnologia da informa\u00e7\u00e3o nunca deixa de nos surpreender. Um exemplo disso \u00e9 a IOT ou Internet das Coisas. Como isso influencia nossas vidas? Por experi\u00eancia pessoal, posso dizer que seu impacto \u00e9 enorme, principalmente na seguran\u00e7a de nossas casas. E \u00e9 isso que os dispositivos IOT <\/p><\/div>\n\n<div class=\"wp-block-post-date\"><time datetime=\"2023-06-08T18:52:50+02:00\">8 de Junho de 2023<\/time><\/div><\/div><\/div>\n\n<\/li><li class=\"wp-block-post post-12798 post type-post status-publish format-standard has-post-thumbnail hentry category-blog-pt-pt category-general-pt-pt\">\n\n<div class=\"wp-block-group is-layout-flow wp-block-group-is-layout-flow\" style=\"padding-top:30px;padding-right:30px;padding-bottom:30px;padding-left:30px\"><div class=\"wp-block-group__inner-container\"><figure class=\"wp-block-post-featured-image\"><img loading=\"lazy\" decoding=\"async\" width=\"711\" height=\"602\" src=\"https:\/\/atlaslocator.com\/wp-content\/uploads\/2023\/05\/Imagen-03.png\" class=\"attachment-post-thumbnail size-post-thumbnail wp-post-image\" alt=\"\" style=\"object-fit:cover;\" srcset=\"https:\/\/atlaslocator.com\/wp-content\/uploads\/2023\/05\/Imagen-03.png 711w, https:\/\/atlaslocator.com\/wp-content\/uploads\/2023\/05\/Imagen-03-300x254.png 300w\" sizes=\"(max-width: 711px) 100vw, 711px\" \/><\/figure>\n\n<h2 class=\"has-text-color has-white-color wp-block-post-title\"><a href=\"https:\/\/atlaslocator.com\/pt-pt\/eleve-o-gerenciamento-de-dispositivos-iot-com-o-atlaslocator\/\" target=\"_self\">Eleve o gerenciamento de dispositivos <strong>IoT<\/strong> com o AtlasLocator<\/a><\/h2>\n\n<div class=\"wp-block-post-excerpt\"><p class=\"wp-block-post-excerpt__excerpt\">Eleve o gerenciamento de dispositivos IoT com o AtlasLocator Na era digital de hoje, o gerenciamento eficiente de dispositivos conectados \u00e0 Internet ou IoT \u00e9 vital. O AtlasLocator se apresenta como uma solu\u00e7\u00e3o inovadora para essa demanda. A import\u00e2ncia da geolocaliza\u00e7\u00e3o na gest\u00e3o de dispositivos IoT A geolocaliza\u00e7\u00e3o \u00e9 uma fun\u00e7\u00e3o vital no gerenciamento de <\/p><\/div>\n\n<div class=\"wp-block-post-date\"><time datetime=\"2023-05-16T16:18:16+02:00\">16 de Maio de 2023<\/time><\/div><\/div><\/div>\n\n<\/li><li class=\"wp-block-post post-12510 post type-post status-publish format-standard has-post-thumbnail hentry category-blog-pt-pt category-general-pt-pt\">\n\n<div class=\"wp-block-group is-layout-flow wp-block-group-is-layout-flow\" style=\"padding-top:30px;padding-right:30px;padding-bottom:30px;padding-left:30px\"><div class=\"wp-block-group__inner-container\"><figure class=\"wp-block-post-featured-image\"><img loading=\"lazy\" decoding=\"async\" width=\"602\" height=\"451\" src=\"https:\/\/atlaslocator.com\/wp-content\/uploads\/2023\/03\/ganado.jpg\" class=\"attachment-post-thumbnail size-post-thumbnail wp-post-image\" alt=\"\" style=\"object-fit:cover;\" srcset=\"https:\/\/atlaslocator.com\/wp-content\/uploads\/2023\/03\/ganado.jpg 602w, https:\/\/atlaslocator.com\/wp-content\/uploads\/2023\/03\/ganado-300x225.jpg 300w\" sizes=\"(max-width: 602px) 100vw, 602px\" \/><\/figure>\n\n<h2 class=\"has-text-color has-white-color wp-block-post-title\"><a href=\"https:\/\/atlaslocator.com\/pt-pt\/geolocalizacao-de-gado\/\" target=\"_self\">Geolocaliza\u00e7\u00e3o de gado<\/a><\/h2>\n\n<div class=\"wp-block-post-excerpt\"><p class=\"wp-block-post-excerpt__excerpt\">A geolocaliza\u00e7\u00e3o GPS de bovinos \u00e9 uma tecnologia que permite conhecer a localiza\u00e7\u00e3o e o estado dos animais em tempo real atrav\u00e9s de dispositivos que s\u00e3o colocados na coleira ou na orelha do animal. Esta tecnologia apresenta v\u00e1rias vantagens para os agricultores, tais como:&#13; &#8211; Evite roubos, extravios ou ataques de predadores, podendo localizar os <\/p><\/div>\n\n<div class=\"wp-block-post-date\"><time datetime=\"2023-03-17T20:42:45+01:00\">17 de Mar\u00e7o de 2023<\/time><\/div><\/div><\/div>\n\n<\/li><li class=\"wp-block-post post-9565 post type-post status-publish format-standard has-post-thumbnail hentry category-blog-pt-pt category-general-pt-pt\">\n\n<div class=\"wp-block-group is-layout-flow wp-block-group-is-layout-flow\" style=\"padding-top:30px;padding-right:30px;padding-bottom:30px;padding-left:30px\"><div class=\"wp-block-group__inner-container\"><figure class=\"wp-block-post-featured-image\"><img loading=\"lazy\" decoding=\"async\" width=\"1600\" height=\"738\" src=\"https:\/\/atlaslocator.com\/wp-content\/uploads\/2022\/12\/ttn.png\" class=\"attachment-post-thumbnail size-post-thumbnail wp-post-image\" alt=\"ttn\" style=\"object-fit:cover;\" srcset=\"https:\/\/atlaslocator.com\/wp-content\/uploads\/2022\/12\/ttn.png 1600w, https:\/\/atlaslocator.com\/wp-content\/uploads\/2022\/12\/ttn-300x138.png 300w, https:\/\/atlaslocator.com\/wp-content\/uploads\/2022\/12\/ttn-1024x472.png 1024w, https:\/\/atlaslocator.com\/wp-content\/uploads\/2022\/12\/ttn-768x354.png 768w, https:\/\/atlaslocator.com\/wp-content\/uploads\/2022\/12\/ttn-1536x708.png 1536w\" sizes=\"(max-width: 1600px) 100vw, 1600px\" \/><\/figure>\n\n<h2 class=\"has-text-color has-white-color wp-block-post-title\"><a href=\"https:\/\/atlaslocator.com\/pt-pt\/veja-mais-informacoes-sobre-integracao-de-conexao-ttn\/\" target=\"_self\">Veja mais informa\u00e7\u00f5es sobre integra\u00e7\u00e3o de conex\u00e3o TTS (TTN &#038; TTI)<\/a><\/h2>\n\n<div class=\"wp-block-post-excerpt\"><p class=\"wp-block-post-excerpt__excerpt\">Nossa plataforma AtlasLocator se conecta \u00e0 rede Lora The Things Network TTS (TTN &amp; TTI) por meio do protocolo MQTT. Gra\u00e7as a esta integra\u00e7\u00e3o, voc\u00ea poder\u00e1 explorar todos os dados do seu dispositivo de rede TTS (TTN &amp; TTI) no site AtlasLocator.&#13; Voc\u00ea j\u00e1 deve ter seus dispositivos adicionados e funcionando na plataforma. O primeiro <\/p><\/div>\n\n<div class=\"wp-block-post-date\"><time datetime=\"2022-12-16T10:10:22+01:00\">16 de Dezembro de 2022<\/time><\/div><\/div><\/div>\n\n<\/li><\/ul><\/div>\n<\/div>\n<\/div>\n<\/div>\n\n<p><\/p>\n\n<div style=\"height:100px\" aria-hidden=\"true\" class=\"wp-block-spacer\"><\/div>\n\n<p><\/p>\n\n<div style=\"height:100px\" aria-hidden=\"true\" class=\"wp-block-spacer\"><\/div>\n\n<p class=\"has-x-large-font-size\"><\/p><p class=\"has-text-align-center has-white-color has-text-color has-x-large-font-size\" style=\"font-style:normal;font-weight:500\"><strong>Boletim informativo<\/strong><\/p>\n\n<p>Pode subscrever a newsletter AtlasLocator para ser informado de todas as novidades atrav\u00e9s do seguinte formul\u00e1rio. Escreva seu endere\u00e7o de e-mail:&#13;\n<\/p>\n\n<div class=\"wp-block-contact-form-7-contact-form-selector\">\n<div class=\"wpcf7 no-js\" id=\"wpcf7-f12627-o1\" lang=\"es-ES\" dir=\"ltr\">\n<div class=\"screen-reader-response\"><p role=\"status\" aria-live=\"polite\" aria-atomic=\"true\"><\/p> <ul><\/ul><\/div>\n<form action=\"\/pt-pt\/wp-json\/wp\/v2\/pages\/5706#wpcf7-f12627-o1\" method=\"post\" class=\"wpcf7-form init\" aria-label=\"Formulario de contacto\" novalidate=\"novalidate\" data-status=\"init\">\n<div style=\"display: none;\">\n<input type=\"hidden\" name=\"_wpcf7\" value=\"12627\" \/>\n<input type=\"hidden\" name=\"_wpcf7_version\" value=\"5.8.6\" \/>\n<input type=\"hidden\" name=\"_wpcf7_locale\" value=\"es_ES\" \/>\n<input type=\"hidden\" name=\"_wpcf7_unit_tag\" value=\"wpcf7-f12627-o1\" \/>\n<input type=\"hidden\" name=\"_wpcf7_container_post\" value=\"0\" \/>\n<input type=\"hidden\" name=\"_wpcf7_posted_data_hash\" value=\"\" \/>\n<input type=\"hidden\" name=\"_wpcf7_recaptcha_response\" value=\"\" \/>\n<\/div>\n<p><span class=\"wpcf7-form-control-wrap\" data-name=\"your-email\"><input size=\"40\" class=\"wpcf7-form-control wpcf7-email wpcf7-validates-as-required wpcf7-text wpcf7-validates-as-email\" aria-required=\"true\" aria-invalid=\"false\" value=\"\" type=\"email\" name=\"your-email\" \/><\/span><input class=\"wpcf7-form-control wpcf7-submit has-spinner\" type=\"submit\" value=\"OK\" \/>\n<\/p><div class=\"wpcf7-response-output\" aria-hidden=\"true\"><\/div>\n<\/form>\n<\/div>\n<\/div>\r\n","protected":false},"excerpt":{"rendered":"<p>Boletim informativo Pode subscrever a newsletter AtlasLocator para ser informado de todas as novidades atrav\u00e9s do seguinte formul\u00e1rio. Escreva seu endere\u00e7o de e-mail:&#13;<\/p>\n","protected":false},"author":1,"featured_media":0,"parent":0,"menu_order":0,"comment_status":"closed","ping_status":"closed","template":"","meta":{"footnotes":""},"_links":{"self":[{"href":"https:\/\/atlaslocator.com\/pt-pt\/wp-json\/wp\/v2\/pages\/5706"}],"collection":[{"href":"https:\/\/atlaslocator.com\/pt-pt\/wp-json\/wp\/v2\/pages"}],"about":[{"href":"https:\/\/atlaslocator.com\/pt-pt\/wp-json\/wp\/v2\/types\/page"}],"author":[{"embeddable":true,"href":"https:\/\/atlaslocator.com\/pt-pt\/wp-json\/wp\/v2\/users\/1"}],"replies":[{"embeddable":true,"href":"https:\/\/atlaslocator.com\/pt-pt\/wp-json\/wp\/v2\/comments?post=5706"}],"version-history":[{"count":6,"href":"https:\/\/atlaslocator.com\/pt-pt\/wp-json\/wp\/v2\/pages\/5706\/revisions"}],"predecessor-version":[{"id":12687,"href":"https:\/\/atlaslocator.com\/pt-pt\/wp-json\/wp\/v2\/pages\/5706\/revisions\/12687"}],"wp:attachment":[{"href":"https:\/\/atlaslocator.com\/pt-pt\/wp-json\/wp\/v2\/media?parent=5706"}],"curies":[{"name":"wp","href":"https:\/\/api.w.org\/{rel}","templated":true}]}}