{"id":5713,"date":"2022-08-30T20:49:17","date_gmt":"2022-08-30T20:49:17","guid":{"rendered":"https:\/\/www.atlaslocator.com\/que-fazemos\/"},"modified":"2023-01-12T23:57:08","modified_gmt":"2023-01-12T22:57:08","slug":"que-fazemos","status":"publish","type":"page","link":"https:\/\/atlaslocator.com\/pt-pt\/que-fazemos\/","title":{"rendered":"Que fazemos"},"content":{"rendered":"\n<p>AtlasLocator \u00e9 um ecossistema de gerenciamento de dispositivos IOT baseado em gr\u00e1ficos e mapas.\r\n<\/p>\n\n\n\n<p>Principalmente focado na geolocaliza\u00e7\u00e3o de diferentes objetos, animais e pessoas usando a tecnologia IOT. Tamb\u00e9m permite analisar sistemas de medi\u00e7\u00e3o IOT como temperatura, pH, umidade&#8230;\r\n<\/p>\n","protected":false},"excerpt":{"rendered":"<p>AtlasLocator \u00e9 um ecossistema de gerenciamento de dispositivos IOT baseado em gr\u00e1ficos e mapas. Principalmente focado na geolocaliza\u00e7\u00e3o de diferentes objetos, animais e pessoas usando a tecnologia IOT. Tamb\u00e9m permite analisar sistemas de medi\u00e7\u00e3o IOT como temperatura, pH, umidade&#8230;<\/p>\n","protected":false},"author":1,"featured_media":0,"parent":0,"menu_order":0,"comment_status":"closed","ping_status":"closed","template":"","meta":{"footnotes":""},"_links":{"self":[{"href":"https:\/\/atlaslocator.com\/pt-pt\/wp-json\/wp\/v2\/pages\/5713"}],"collection":[{"href":"https:\/\/atlaslocator.com\/pt-pt\/wp-json\/wp\/v2\/pages"}],"about":[{"href":"https:\/\/atlaslocator.com\/pt-pt\/wp-json\/wp\/v2\/types\/page"}],"author":[{"embeddable":true,"href":"https:\/\/atlaslocator.com\/pt-pt\/wp-json\/wp\/v2\/users\/1"}],"replies":[{"embeddable":true,"href":"https:\/\/atlaslocator.com\/pt-pt\/wp-json\/wp\/v2\/comments?post=5713"}],"version-history":[{"count":2,"href":"https:\/\/atlaslocator.com\/pt-pt\/wp-json\/wp\/v2\/pages\/5713\/revisions"}],"predecessor-version":[{"id":11811,"href":"https:\/\/atlaslocator.com\/pt-pt\/wp-json\/wp\/v2\/pages\/5713\/revisions\/11811"}],"wp:attachment":[{"href":"https:\/\/atlaslocator.com\/pt-pt\/wp-json\/wp\/v2\/media?parent=5713"}],"curies":[{"name":"wp","href":"https:\/\/api.w.org\/{rel}","templated":true}]}}