{"id":5717,"date":"2022-08-30T20:51:38","date_gmt":"2022-08-30T20:51:38","guid":{"rendered":"https:\/\/www.atlaslocator.com\/quem-somos\/"},"modified":"2023-01-12T23:56:10","modified_gmt":"2023-01-12T22:56:10","slug":"quem-somos","status":"publish","type":"page","link":"https:\/\/atlaslocator.com\/pt-pt\/quem-somos\/","title":{"rendered":"Quem somos"},"content":{"rendered":"\n<p>Para desenvolver todo o ecossistema AtlasLocator contamos com uma equipa multidisciplinar de 4 membros com vasta experi\u00eancia. Somos especialistas em programa\u00e7\u00e3o Frontend, Backend, APIs, Banco de Dados, Internet das Coisas e Comunica\u00e7\u00f5es.\r\n<\/p>\n\n\n\n<p><\/p>\n","protected":false},"excerpt":{"rendered":"<p>Para desenvolver todo o ecossistema AtlasLocator contamos com uma equipa multidisciplinar de 4 membros com vasta experi\u00eancia. Somos especialistas em programa\u00e7\u00e3o Frontend, Backend, APIs, Banco de Dados, Internet das Coisas e Comunica\u00e7\u00f5es.<\/p>\n","protected":false},"author":1,"featured_media":0,"parent":0,"menu_order":0,"comment_status":"closed","ping_status":"closed","template":"","meta":{"footnotes":""},"_links":{"self":[{"href":"https:\/\/atlaslocator.com\/pt-pt\/wp-json\/wp\/v2\/pages\/5717"}],"collection":[{"href":"https:\/\/atlaslocator.com\/pt-pt\/wp-json\/wp\/v2\/pages"}],"about":[{"href":"https:\/\/atlaslocator.com\/pt-pt\/wp-json\/wp\/v2\/types\/page"}],"author":[{"embeddable":true,"href":"https:\/\/atlaslocator.com\/pt-pt\/wp-json\/wp\/v2\/users\/1"}],"replies":[{"embeddable":true,"href":"https:\/\/atlaslocator.com\/pt-pt\/wp-json\/wp\/v2\/comments?post=5717"}],"version-history":[{"count":2,"href":"https:\/\/atlaslocator.com\/pt-pt\/wp-json\/wp\/v2\/pages\/5717\/revisions"}],"predecessor-version":[{"id":11810,"href":"https:\/\/atlaslocator.com\/pt-pt\/wp-json\/wp\/v2\/pages\/5717\/revisions\/11810"}],"wp:attachment":[{"href":"https:\/\/atlaslocator.com\/pt-pt\/wp-json\/wp\/v2\/media?parent=5717"}],"curies":[{"name":"wp","href":"https:\/\/api.w.org\/{rel}","templated":true}]}}