{"id":5721,"date":"2022-08-30T21:02:58","date_gmt":"2022-08-30T21:02:58","guid":{"rendered":"https:\/\/www.atlaslocator.com\/quem-somos-2\/"},"modified":"2023-09-25T00:15:48","modified_gmt":"2023-09-24T22:15:48","slug":"quem-somos-2","status":"publish","type":"page","link":"https:\/\/atlaslocator.com\/pt-pt\/quem-somos-2\/","title":{"rendered":"Quem somos"},"content":{"rendered":"\n<div class=\"wp-block-columns is-layout-flex wp-container-core-columns-layout-1 wp-block-columns-is-layout-flex\">\n<div class=\"wp-block-column is-layout-flow wp-block-column-is-layout-flow\" style=\"flex-basis:33.33%\">\n<figure class=\"wp-block-image size-medium\"><a href=\"https:\/\/atlaslocator.com\/wp-content\/uploads\/2022\/07\/LOGO-QUIENES-SOMOS-1.png\"><img loading=\"lazy\" decoding=\"async\" width=\"185\" height=\"300\" src=\"https:\/\/www.atlaslocator.com\/wp-content\/uploads\/2022\/07\/LOGO-QUIENES-SOMOS-1-185x300.png\" alt=\"LOGO QUEM SOMOS\" class=\"wp-image-3047\" srcset=\"https:\/\/atlaslocator.com\/wp-content\/uploads\/2022\/07\/LOGO-QUIENES-SOMOS-1-185x300.png 185w, https:\/\/atlaslocator.com\/wp-content\/uploads\/2022\/07\/LOGO-QUIENES-SOMOS-1.png 296w\" sizes=\"(max-width: 185px) 100vw, 185px\" \/><\/a><\/figure>\n<\/div>\n\n\n\n<div class=\"wp-block-column is-layout-flow wp-block-column-is-layout-flow\" style=\"flex-basis:66.66%\">\n<p class=\"has-white-color has-text-color\"><strong>AtlasLocator<\/strong>\u00a0\u00c9 um ecossistema de gerenciamento de dispositivos IOT com localiza\u00e7\u00e3o em um mapa e representa\u00e7\u00e3o gr\u00e1fica.&#13;\n<\/p>\n\n\n\n<p class=\"has-white-color has-text-color\">\u00c9 focado principalmente na geolocaliza\u00e7\u00e3o de diferentes objetos, animais e pessoas usando a tecnologia IOT (Internet of Things).&#13;\n<\/p>\n\n\n\n<p class=\"has-white-color has-text-color\">Tamb\u00e9m permite a exporta\u00e7\u00e3o de dados, configura\u00e7\u00e3o de alarmes e gerenciamento de outros sistemas de medi\u00e7\u00e3o IOT como temperatura, pH, umidade, medidores de press\u00e3o&#8230;&#13;\n<\/p>\n\n\n\n<p class=\"has-white-color has-text-color\">A equipa AtlasLocator \u00e9 desenvolvida por um grupo multidisciplinar de 3 membros:&#13;\n<\/p>\n<\/div>\n<\/div>\n\n<div class=\"wp-block-columns is-layout-flex wp-container-core-columns-layout-4 wp-block-columns-is-layout-flex\">\n<div class=\"wp-block-column is-layout-flow wp-block-column-is-layout-flow\">\n<div class=\"wp-block-columns is-layout-flex wp-container-core-columns-layout-2 wp-block-columns-is-layout-flex\">\n<div class=\"wp-block-column is-layout-flow wp-block-column-is-layout-flow\"><\/div>\n\n\n\n<div class=\"wp-block-column is-layout-flow wp-block-column-is-layout-flow\">\n<figure class=\"wp-block-image size-large is-resized\"><a href=\"https:\/\/atlaslocator.com\/wp-content\/uploads\/2022\/10\/OSCAR.png\"><img loading=\"lazy\" decoding=\"async\" src=\"https:\/\/www.atlaslocator.com\/wp-content\/uploads\/2022\/10\/OSCAR-724x1024.png\" alt=\"\" class=\"wp-image-7899\" width=\"181\" height=\"256\" srcset=\"https:\/\/atlaslocator.com\/wp-content\/uploads\/2022\/10\/OSCAR-724x1024.png 724w, https:\/\/atlaslocator.com\/wp-content\/uploads\/2022\/10\/OSCAR-212x300.png 212w, https:\/\/atlaslocator.com\/wp-content\/uploads\/2022\/10\/OSCAR-768x1086.png 768w, https:\/\/atlaslocator.com\/wp-content\/uploads\/2022\/10\/OSCAR-1086x1536.png 1086w, https:\/\/atlaslocator.com\/wp-content\/uploads\/2022\/10\/OSCAR-1448x2048.png 1448w\" sizes=\"(max-width: 181px) 100vw, 181px\" \/><\/a><figcaption class=\"wp-element-caption\">\u00d3scar Salvador Paez<br\/><br\/>Especialista em Banco de Dados<\/figcaption><\/figure>\n<\/div>\n<\/div>\n<\/div>\n\n\n\n<div class=\"wp-block-column is-layout-flow wp-block-column-is-layout-flow\">\n<div class=\"wp-block-columns is-layout-flex wp-container-core-columns-layout-3 wp-block-columns-is-layout-flex\">\n<div class=\"wp-block-column is-layout-flow wp-block-column-is-layout-flow\">\n<figure class=\"wp-block-image size-large is-resized\"><a href=\"https:\/\/atlaslocator.com\/wp-content\/uploads\/2022\/10\/FELIX.png\"><img loading=\"lazy\" decoding=\"async\" src=\"https:\/\/www.atlaslocator.com\/wp-content\/uploads\/2022\/10\/FELIX-724x1024.png\" alt=\"\" class=\"wp-image-7905\" width=\"181\" height=\"256\" srcset=\"https:\/\/atlaslocator.com\/wp-content\/uploads\/2022\/10\/FELIX-724x1024.png 724w, https:\/\/atlaslocator.com\/wp-content\/uploads\/2022\/10\/FELIX-212x300.png 212w, https:\/\/atlaslocator.com\/wp-content\/uploads\/2022\/10\/FELIX-768x1086.png 768w, https:\/\/atlaslocator.com\/wp-content\/uploads\/2022\/10\/FELIX-1086x1536.png 1086w, https:\/\/atlaslocator.com\/wp-content\/uploads\/2022\/10\/FELIX-1448x2048.png 1448w\" sizes=\"(max-width: 181px) 100vw, 181px\" \/><\/a><figcaption class=\"wp-element-caption\">F\u00e9lix Di\u00e9guez Cebri\u00e1n<br\/><br\/>Especialista em FrontEnd\u200b<\/figcaption><\/figure>\n<\/div>\n\n\n\n<div class=\"wp-block-column is-layout-flow wp-block-column-is-layout-flow\">\n<figure class=\"wp-block-image size-large is-resized\"><a href=\"https:\/\/atlaslocator.com\/wp-content\/uploads\/2022\/10\/JAVI.png\"><img loading=\"lazy\" decoding=\"async\" src=\"https:\/\/www.atlaslocator.com\/wp-content\/uploads\/2022\/10\/JAVI-724x1024.png\" alt=\"\" class=\"wp-image-7911\" width=\"181\" height=\"256\" srcset=\"https:\/\/atlaslocator.com\/wp-content\/uploads\/2022\/10\/JAVI-724x1024.png 724w, https:\/\/atlaslocator.com\/wp-content\/uploads\/2022\/10\/JAVI-212x300.png 212w, https:\/\/atlaslocator.com\/wp-content\/uploads\/2022\/10\/JAVI-768x1086.png 768w, https:\/\/atlaslocator.com\/wp-content\/uploads\/2022\/10\/JAVI-1086x1536.png 1086w, https:\/\/atlaslocator.com\/wp-content\/uploads\/2022\/10\/JAVI-1448x2048.png 1448w\" sizes=\"(max-width: 181px) 100vw, 181px\" \/><\/a><figcaption class=\"wp-element-caption\">Javier Guti\u00e9rrez Abella<br\/><br\/>Especialista em IoT, Comunica\u00e7\u00f5es e Front-End&#13;\n<\/figcaption><\/figure>\n<\/div>\n<\/div>\n<\/div>\n<\/div>\n","protected":false},"excerpt":{"rendered":"<p>AtlasLocator\u00a0\u00c9 um ecossistema de gerenciamento de dispositivos IOT com localiza\u00e7\u00e3o em um mapa e representa\u00e7\u00e3o gr\u00e1fica.&#13; \u00c9 focado principalmente na geolocaliza\u00e7\u00e3o de diferentes objetos, animais e pessoas usando a tecnologia IOT (Internet of Things).&#13; Tamb\u00e9m permite a exporta\u00e7\u00e3o de dados, configura\u00e7\u00e3o de alarmes e gerenciamento de outros sistemas de medi\u00e7\u00e3o IOT como temperatura, pH, umidade,<\/p>\n","protected":false},"author":1,"featured_media":0,"parent":0,"menu_order":0,"comment_status":"closed","ping_status":"closed","template":"","meta":{"footnotes":""},"_links":{"self":[{"href":"https:\/\/atlaslocator.com\/pt-pt\/wp-json\/wp\/v2\/pages\/5721"}],"collection":[{"href":"https:\/\/atlaslocator.com\/pt-pt\/wp-json\/wp\/v2\/pages"}],"about":[{"href":"https:\/\/atlaslocator.com\/pt-pt\/wp-json\/wp\/v2\/types\/page"}],"author":[{"embeddable":true,"href":"https:\/\/atlaslocator.com\/pt-pt\/wp-json\/wp\/v2\/users\/1"}],"replies":[{"embeddable":true,"href":"https:\/\/atlaslocator.com\/pt-pt\/wp-json\/wp\/v2\/comments?post=5721"}],"version-history":[{"count":12,"href":"https:\/\/atlaslocator.com\/pt-pt\/wp-json\/wp\/v2\/pages\/5721\/revisions"}],"predecessor-version":[{"id":13046,"href":"https:\/\/atlaslocator.com\/pt-pt\/wp-json\/wp\/v2\/pages\/5721\/revisions\/13046"}],"wp:attachment":[{"href":"https:\/\/atlaslocator.com\/pt-pt\/wp-json\/wp\/v2\/media?parent=5721"}],"curies":[{"name":"wp","href":"https:\/\/api.w.org\/{rel}","templated":true}]}}