{"id":9106,"date":"2022-12-05T20:41:29","date_gmt":"2022-12-05T20:41:29","guid":{"rendered":"https:\/\/atlaslocator.com\/%e5%85%b3%e4%ba%8e%e6%88%91%e4%bb%ac-2\/"},"modified":"2023-09-25T00:12:38","modified_gmt":"2023-09-24T22:12:38","slug":"%e5%85%b3%e4%ba%8e%e6%88%91%e4%bb%ac-2","status":"publish","type":"page","link":"https:\/\/atlaslocator.com\/zh-hans\/%e5%85%b3%e4%ba%8e%e6%88%91%e4%bb%ac-2\/","title":{"rendered":"\u5173\u4e8e\u6211\u4eec"},"content":{"rendered":"\n<div class=\"wp-block-columns is-layout-flex wp-container-core-columns-layout-1 wp-block-columns-is-layout-flex\">\n<div class=\"wp-block-column is-layout-flow wp-block-column-is-layout-flow\" style=\"flex-basis:33.33%\">\n<figure class=\"wp-block-image size-medium\"><a href=\"https:\/\/atlaslocator.com\/wp-content\/uploads\/2022\/07\/LOGO-QUIENES-SOMOS-1.png\"><img loading=\"lazy\" decoding=\"async\" width=\"185\" height=\"300\" src=\"https:\/\/www.atlaslocator.com\/wp-content\/uploads\/2022\/07\/LOGO-QUIENES-SOMOS-1-185x300.png\" alt=\"&#x6211;&#x4EEC;&#x662F;&#x8C01;\" class=\"wp-image-3047\" srcset=\"https:\/\/atlaslocator.com\/wp-content\/uploads\/2022\/07\/LOGO-QUIENES-SOMOS-1-185x300.png 185w, https:\/\/atlaslocator.com\/wp-content\/uploads\/2022\/07\/LOGO-QUIENES-SOMOS-1.png 296w\" sizes=\"(max-width: 185px) 100vw, 185px\" \/><\/a><\/figure>\n<\/div>\n\n\n\n<div class=\"wp-block-column is-layout-flow wp-block-column-is-layout-flow\" style=\"flex-basis:66.66%\">\n<p class=\"has-white-color has-text-color\"><strong>AtlasLocator<\/strong> \u662f\u4e00\u4e2a\u7269\u8054\u7f51\u8bbe\u5907\u7ba1\u7406\u751f\u6001\u7cfb\u7edf\uff0c\u5728\u5730\u56fe\u4e0a\u5b9a\u4f4d\u5e76\u4ee5\u56fe\u8868\u8868\u793a\u3002&#13;\n<\/p>\n\n\n\n<p class=\"has-white-color has-text-color\">\u5b83\u4e3b\u8981\u4e13\u6ce8\u4e8e\u901a\u8fc7\u7269\u8054\u7f51\uff08IoT\uff09\u6280\u672f\u5bf9\u4e0d\u540c\u7269\u4f53\u3001\u52a8\u7269\u548c\u4eba\u8fdb\u884c\u5730\u7406\u5b9a\u4f4d\u3002&#13;\n<\/p>\n\n\n\n<p class=\"has-white-color has-text-color\">\u5b83\u8fd8\u5141\u8bb8\u6570\u636e\u5bfc\u51fa\u3001\u8b66\u62a5\u914d\u7f6e\u548c\u7ba1\u7406\u5176\u4ed6 IOT \u6d4b\u91cf\u7cfb\u7edf\uff0c\u5982\u6e29\u5ea6\u3001pH\u3001\u6e7f\u5ea6\u3001\u538b\u529b\u8ba1&#8230;&#8230;&#13;\n<\/p>\n\n\n\n<p class=\"has-white-color has-text-color\">AtlasLocator \u56e2\u961f\u7531\u4e00\u4e2a\u7531 3 \u540d\u6210\u5458\u7ec4\u6210\u7684\u591a\u5b66\u79d1\u5c0f\u7ec4\u5f00\u53d1\uff1a&#13;\n<\/p>\n<\/div>\n<\/div>\n\n<div class=\"wp-block-columns is-layout-flex wp-container-core-columns-layout-4 wp-block-columns-is-layout-flex\">\n<div class=\"wp-block-column is-layout-flow wp-block-column-is-layout-flow\">\n<div class=\"wp-block-columns is-layout-flex wp-container-core-columns-layout-2 wp-block-columns-is-layout-flex\">\n<div class=\"wp-block-column is-layout-flow wp-block-column-is-layout-flow\"><\/div>\n\n\n\n<div class=\"wp-block-column is-layout-flow wp-block-column-is-layout-flow\">\n<figure class=\"wp-block-image size-large is-resized\"><a href=\"https:\/\/atlaslocator.com\/wp-content\/uploads\/2022\/10\/OSCAR.png\"><img loading=\"lazy\" decoding=\"async\" src=\"https:\/\/www.atlaslocator.com\/wp-content\/uploads\/2022\/10\/OSCAR-724x1024.png\" alt=\"\" class=\"wp-image-7899\" width=\"181\" height=\"256\" srcset=\"https:\/\/atlaslocator.com\/wp-content\/uploads\/2022\/10\/OSCAR-724x1024.png 724w, https:\/\/atlaslocator.com\/wp-content\/uploads\/2022\/10\/OSCAR-212x300.png 212w, https:\/\/atlaslocator.com\/wp-content\/uploads\/2022\/10\/OSCAR-768x1086.png 768w, https:\/\/atlaslocator.com\/wp-content\/uploads\/2022\/10\/OSCAR-1086x1536.png 1086w, https:\/\/atlaslocator.com\/wp-content\/uploads\/2022\/10\/OSCAR-1448x2048.png 1448w\" sizes=\"(max-width: 181px) 100vw, 181px\" \/><\/a><figcaption class=\"wp-element-caption\">\u00d3scar Salvador Paez<br\/><br\/>\u6570\u636e\u5e93\u4e13\u5bb6<\/figcaption><\/figure>\n<\/div>\n<\/div>\n<\/div>\n\n\n\n<div class=\"wp-block-column is-layout-flow wp-block-column-is-layout-flow\">\n<div class=\"wp-block-columns is-layout-flex wp-container-core-columns-layout-3 wp-block-columns-is-layout-flex\">\n<div class=\"wp-block-column is-layout-flow wp-block-column-is-layout-flow\">\n<figure class=\"wp-block-image size-large is-resized\"><a href=\"https:\/\/atlaslocator.com\/wp-content\/uploads\/2022\/10\/FELIX.png\"><img loading=\"lazy\" decoding=\"async\" src=\"https:\/\/www.atlaslocator.com\/wp-content\/uploads\/2022\/10\/FELIX-724x1024.png\" alt=\"\" class=\"wp-image-7905\" width=\"181\" height=\"256\" srcset=\"https:\/\/atlaslocator.com\/wp-content\/uploads\/2022\/10\/FELIX-724x1024.png 724w, https:\/\/atlaslocator.com\/wp-content\/uploads\/2022\/10\/FELIX-212x300.png 212w, https:\/\/atlaslocator.com\/wp-content\/uploads\/2022\/10\/FELIX-768x1086.png 768w, https:\/\/atlaslocator.com\/wp-content\/uploads\/2022\/10\/FELIX-1086x1536.png 1086w, https:\/\/atlaslocator.com\/wp-content\/uploads\/2022\/10\/FELIX-1448x2048.png 1448w\" sizes=\"(max-width: 181px) 100vw, 181px\" \/><\/a><figcaption class=\"wp-element-caption\">F\u00e9lix Di\u00e9guez Cebri\u00e1n <br\/><br\/>\u524d\u7aef\u4e13\u5bb6<\/figcaption><\/figure>\n<\/div>\n\n\n\n<div class=\"wp-block-column is-layout-flow wp-block-column-is-layout-flow\">\n<figure class=\"wp-block-image size-large is-resized\"><a href=\"https:\/\/atlaslocator.com\/wp-content\/uploads\/2022\/10\/JAVI.png\"><img loading=\"lazy\" decoding=\"async\" src=\"https:\/\/www.atlaslocator.com\/wp-content\/uploads\/2022\/10\/JAVI-724x1024.png\" alt=\"\" class=\"wp-image-7911\" width=\"181\" height=\"256\" srcset=\"https:\/\/atlaslocator.com\/wp-content\/uploads\/2022\/10\/JAVI-724x1024.png 724w, https:\/\/atlaslocator.com\/wp-content\/uploads\/2022\/10\/JAVI-212x300.png 212w, https:\/\/atlaslocator.com\/wp-content\/uploads\/2022\/10\/JAVI-768x1086.png 768w, https:\/\/atlaslocator.com\/wp-content\/uploads\/2022\/10\/JAVI-1086x1536.png 1086w, https:\/\/atlaslocator.com\/wp-content\/uploads\/2022\/10\/JAVI-1448x2048.png 1448w\" sizes=\"(max-width: 181px) 100vw, 181px\" \/><\/a><figcaption class=\"wp-element-caption\">Javier Guti\u00e9rrez Abella<br\/><br\/>\u7269\u8054\u7f51\u3001\u901a\u4fe1\u548c\u524d\u7aef\u4e13\u5bb6&#13;\n<\/figcaption><\/figure>\n<\/div>\n<\/div>\n<\/div>\n<\/div>\n","protected":false},"excerpt":{"rendered":"<p>AtlasLocator \u662f\u4e00\u4e2a\u7269\u8054\u7f51\u8bbe\u5907\u7ba1\u7406\u751f\u6001\u7cfb\u7edf\uff0c\u5728\u5730\u56fe\u4e0a\u5b9a\u4f4d\u5e76\u4ee5\u56fe\u8868\u8868\u793a\u3002&#13; \u5b83\u4e3b\u8981\u4e13\u6ce8\u4e8e\u901a\u8fc7<\/p>\n","protected":false},"author":1,"featured_media":0,"parent":0,"menu_order":0,"comment_status":"closed","ping_status":"closed","template":"","meta":{"footnotes":""},"_links":{"self":[{"href":"https:\/\/atlaslocator.com\/zh-hans\/wp-json\/wp\/v2\/pages\/9106"}],"collection":[{"href":"https:\/\/atlaslocator.com\/zh-hans\/wp-json\/wp\/v2\/pages"}],"about":[{"href":"https:\/\/atlaslocator.com\/zh-hans\/wp-json\/wp\/v2\/types\/page"}],"author":[{"embeddable":true,"href":"https:\/\/atlaslocator.com\/zh-hans\/wp-json\/wp\/v2\/users\/1"}],"replies":[{"embeddable":true,"href":"https:\/\/atlaslocator.com\/zh-hans\/wp-json\/wp\/v2\/comments?post=9106"}],"version-history":[{"count":8,"href":"https:\/\/atlaslocator.com\/zh-hans\/wp-json\/wp\/v2\/pages\/9106\/revisions"}],"predecessor-version":[{"id":13042,"href":"https:\/\/atlaslocator.com\/zh-hans\/wp-json\/wp\/v2\/pages\/9106\/revisions\/13042"}],"wp:attachment":[{"href":"https:\/\/atlaslocator.com\/zh-hans\/wp-json\/wp\/v2\/media?parent=9106"}],"curies":[{"name":"wp","href":"https:\/\/api.w.org\/{rel}","templated":true}]}}